{"id":991,"date":"2013-05-31T14:20:26","date_gmt":"2013-05-31T12:20:26","guid":{"rendered":"https:\/\/www.editionkeiper.at\/shop\/produkt\/nachbar-tod\/"},"modified":"2021-03-09T11:43:10","modified_gmt":"2021-03-09T10:43:10","slug":"nachbar-tod","status":"publish","type":"product","link":"https:\/\/www.editionkeiper.at\/shop\/produkt\/nachbar-tod\/","title":{"rendered":"Nachbar Tod"},"content":{"rendered":"<h2>Nachbar Tod<\/h2>\n<p><strong>Roman einer Kriminalkom\u00f6die<\/strong><\/p>\n<p>von\u00a0<strong><a href=\"https:\/\/www.editionkeiper.at\/shop\/schmidt-alfred-paul\/\">Alfred Paul Schmidt<\/a><br \/>\n<\/strong><\/p>\n<p>Ein Hofrat des Gesundheitsministeriums, befreit von einer Kugel im Kopf, liegt ohne Bewusstsein auf der Intensivstation. Wokinger und seine Assistentin Daniela, er ein Abgrund von schr\u00e4ger Traurigkeit, sie einer von bizarren Liebeswirren, sto\u00dfen auf eine Entf\u00fchrung, abenteuerlich und ohne Sinn. Man erf\u00e4hrt von einem Ger\u00fccht, die Ministerin f\u00fcr Gesundheit und ihr Stab seien in eine massive Korruptionsaff\u00e4re verstrickt. Wollte der Hofrat seine Vorgesetzten entlarven? Im Clinch mit Politikern, B\u00fcrokraten, Journalisten und Managern gelingt es Wokinger, die Zusammenh\u00e4nge zu durchschauen. Das Ger\u00fccht allerdings bleibt bestehen, ideal f\u00fcr endloses Verd\u00e4chtigen, Untersuchen, f\u00fcr Prozesse und moralische Apokalypsen.<\/p>\n<p>&nbsp;<\/p>\n<p><strong>Preis:<\/strong> AT \u20ac 18,70 \/ DE \u20ac 18.19<\/p>\n<p><strong>Seiten:<\/strong>\u00a0224<\/p>\n<p><strong>ISBN13:<\/strong>\u00a0978-3-902901-13-2<\/p>\n<p><strong>Erscheinungsdatum:<\/strong>\u00a031.05.2013<\/p>\n<p><strong>Sprache:<\/strong>\u00a0Deutsch<\/p>\n<p><strong>Format:<\/strong>\u00a020,0 x 12,0 cm;\u00a0Paperback;\u00a0Buch flexibler Einband<\/p>\n","protected":false},"excerpt":{"rendered":"<p>Ein Hofrat des Gesundheitsministeriums, befreit von einer Kugel im Kopf, liegt ohne Bewusstsein auf der Intensivstation. Wokinger und seine Assistentin Daniela, er ein Abgrund von schr\u00e4ger Traurigkeit, sie einer von bizarren Liebeswirren, sto\u00dfen auf eine Entf\u00fchrung, abenteuerlich und ohne Sinn.<\/p>\n","protected":false},"featured_media":1551,"comment_status":"closed","ping_status":"closed","template":"","meta":[],"etheme_brands":[],"product_brand":[],"product_cat":[1394],"product_tag":[336,356,1178,241,117,1182,1180,348,1181,323,1179,218,209,121,109],"yst_prominent_words":[],"class_list":{"0":"post-991","1":"product","2":"type-product","3":"status-publish","4":"has-post-thumbnail","6":"product_cat-krimi","7":"product_tag-belletristik","8":"product_tag-edition-keiper","9":"product_tag-geruecht","10":"product_tag-graz","11":"product_tag-keiper","12":"product_tag-kommissar-stockinger","13":"product_tag-kriminalkomoedie","14":"product_tag-literatur","15":"product_tag-markovich","16":"product_tag-oesterreich","17":"product_tag-politiker","18":"product_tag-roman","19":"product_tag-steiermark","20":"product_tag-verlag","21":"product_tag-www-editionkeiper-at","23":"first","24":"instock","25":"shipping-taxable","26":"purchasable","27":"product-type-simple"},"_links":{"self":[{"href":"https:\/\/www.editionkeiper.at\/shop\/wp-json\/wp\/v2\/product\/991","targetHints":{"allow":["GET"]}}],"collection":[{"href":"https:\/\/www.editionkeiper.at\/shop\/wp-json\/wp\/v2\/product"}],"about":[{"href":"https:\/\/www.editionkeiper.at\/shop\/wp-json\/wp\/v2\/types\/product"}],"replies":[{"embeddable":true,"href":"https:\/\/www.editionkeiper.at\/shop\/wp-json\/wp\/v2\/comments?post=991"}],"wp:featuredmedia":[{"embeddable":true,"href":"https:\/\/www.editionkeiper.at\/shop\/wp-json\/wp\/v2\/media\/1551"}],"wp:attachment":[{"href":"https:\/\/www.editionkeiper.at\/shop\/wp-json\/wp\/v2\/media?parent=991"}],"wp:term":[{"taxonomy":"brand","embeddable":true,"href":"https:\/\/www.editionkeiper.at\/shop\/wp-json\/wp\/v2\/etheme_brands?post=991"},{"taxonomy":"product_brand","embeddable":true,"href":"https:\/\/www.editionkeiper.at\/shop\/wp-json\/wp\/v2\/product_brand?post=991"},{"taxonomy":"product_cat","embeddable":true,"href":"https:\/\/www.editionkeiper.at\/shop\/wp-json\/wp\/v2\/product_cat?post=991"},{"taxonomy":"product_tag","embeddable":true,"href":"https:\/\/www.editionkeiper.at\/shop\/wp-json\/wp\/v2\/product_tag?post=991"},{"taxonomy":"yst_prominent_words","embeddable":true,"href":"https:\/\/www.editionkeiper.at\/shop\/wp-json\/wp\/v2\/yst_prominent_words?post=991"}],"curies":[{"name":"wp","href":"https:\/\/api.w.org\/{rel}","templated":true}]}}