{"id":990,"date":"2013-08-30T14:20:26","date_gmt":"2013-08-30T12:20:26","guid":{"rendered":"https:\/\/www.editionkeiper.at\/shop\/produkt\/kunst-individuum-gruppe\/"},"modified":"2021-03-08T15:10:19","modified_gmt":"2021-03-08T14:10:19","slug":"kunst-individuum-gruppe","status":"publish","type":"product","link":"https:\/\/www.editionkeiper.at\/shop\/produkt\/kunst-individuum-gruppe\/","title":{"rendered":"Kunst &#8211; Individuum &#8211; Gruppe"},"content":{"rendered":"<h2>Kunst &#8211; Individuum &#8211; Gruppe<\/h2>\n<p><strong>Gemeinsame k\u00fcnstlerische Positionen einer K\u00fcnstlergruppe seit 35 Jahren<\/strong><\/p>\n<p>von <strong>Erwin Fiala, Andrea Stift, Peter Pakesch, Walter Titz, Andreas Unterweger.<br \/>\n<\/strong><\/p>\n<p>Herausgegeben von <a href=\"https:\/\/www.editionkeiper.at\/shop\/gruppe-77-hrsg\/\">Gruppe 77<\/a><\/p>\n<p>Die K\u00fcnstlerInnen-Gruppe 77 bilanziert ihr 35-j\u00e4hriges Bestehen in einer ausf\u00fchrlichen Dokumentation der Arbeiten seit ihrer Gr\u00fcndung im Jahre 1977. In dieser umfassenden Publikation nehmen die K\u00fcnstlerInnen selbst zum Ph\u00e4nomen Gruppe 77 in Wort und Bild Stellung und haben aus diesem Anlass dar\u00fcber hinaus zahlreiche AutorInnen dazu eingeladen, ihre Sichtweisen zur Bedeutung der Gruppe 77 zu schreiben. Es sind dies AutorInnen wie Erwin Fiala, Peter Pakesch, Peter Peer, Herbert Nichols-Schweiger, Andrea Stift, Walter Titz, Andreas Unterweger, u.v.a. Gemeinschaftsarbeiten, Gruppen- und Ausstellungsprojekte und Manifeste sind ebenso dokumentiert wie auch die 20 Jahre dauernde Aktion \u201eKunst auf Zeit\u201c, wo die Gruppe 77 junge und arivierte K\u00fcnstlerInnen einlud, Plakatw\u00e4nde im \u00f6ffentlichen Raum zu gestalten. Die Gruppe 77 stellt sich nach wie vor den unbequemen Fragen der gesellschaftlichen Entwicklung und des damit verbundenen \u00e4sthetischen Ausdrucks.<\/p>\n<p>&nbsp;<\/p>\n<p><strong>Preis:<\/strong> AT \u20ac 29,90 \/ DE \u20ac 29.08<\/p>\n<p><strong>Seiten:<\/strong>\u00a0344<\/p>\n<p><strong>ISBN13:<\/strong>\u00a0978-3-902901-07-1<\/p>\n<p><strong>Erscheinungsdatum:<\/strong>\u00a030.08.2013<\/p>\n<p><strong>Sprache:<\/strong>\u00a0Englisch; Deutsch<\/p>\n<p><strong>Format:<\/strong>\u00a028,5 x 22,0 cm;\u00a0Gebunden;\u00a0Buch fester Einband (Hardcover)<\/p>\n","protected":false},"excerpt":{"rendered":"<p>Die K\u00fcnstlerInnen-Gruppe 77 bilanziert ihr 35-j\u00e4hriges Bestehen in einer ausf\u00fchrlichen Dokumentation der Arbeiten seit ihrer Gr\u00fcndung im Jahre 1977. In dieser umfassenden Publikation nehmen die K\u00fcnstlerInnen selbst zum Ph\u00e4nomen Gruppe 77 in Wort und Bild Stellung und haben aus diesem Anlass dar\u00fcber hinaus zahlreiche AutorInnen dazu eingeladen, ihre Sichtweisen zur Bedeutung der Gruppe 77 zu schreiben.<\/p>\n","protected":false},"featured_media":1437,"comment_status":"closed","ping_status":"closed","template":"","meta":[],"etheme_brands":[],"product_brand":[],"product_cat":[1364],"product_tag":[],"yst_prominent_words":[3322],"class_list":{"0":"post-990","1":"product","2":"type-product","3":"status-publish","4":"has-post-thumbnail","6":"product_cat-kunst-und-fotografie","8":"first","9":"outofstock","10":"shipping-taxable","11":"purchasable","12":"product-type-simple"},"_links":{"self":[{"href":"https:\/\/www.editionkeiper.at\/shop\/wp-json\/wp\/v2\/product\/990","targetHints":{"allow":["GET"]}}],"collection":[{"href":"https:\/\/www.editionkeiper.at\/shop\/wp-json\/wp\/v2\/product"}],"about":[{"href":"https:\/\/www.editionkeiper.at\/shop\/wp-json\/wp\/v2\/types\/product"}],"replies":[{"embeddable":true,"href":"https:\/\/www.editionkeiper.at\/shop\/wp-json\/wp\/v2\/comments?post=990"}],"wp:featuredmedia":[{"embeddable":true,"href":"https:\/\/www.editionkeiper.at\/shop\/wp-json\/wp\/v2\/media\/1437"}],"wp:attachment":[{"href":"https:\/\/www.editionkeiper.at\/shop\/wp-json\/wp\/v2\/media?parent=990"}],"wp:term":[{"taxonomy":"brand","embeddable":true,"href":"https:\/\/www.editionkeiper.at\/shop\/wp-json\/wp\/v2\/etheme_brands?post=990"},{"taxonomy":"product_brand","embeddable":true,"href":"https:\/\/www.editionkeiper.at\/shop\/wp-json\/wp\/v2\/product_brand?post=990"},{"taxonomy":"product_cat","embeddable":true,"href":"https:\/\/www.editionkeiper.at\/shop\/wp-json\/wp\/v2\/product_cat?post=990"},{"taxonomy":"product_tag","embeddable":true,"href":"https:\/\/www.editionkeiper.at\/shop\/wp-json\/wp\/v2\/product_tag?post=990"},{"taxonomy":"yst_prominent_words","embeddable":true,"href":"https:\/\/www.editionkeiper.at\/shop\/wp-json\/wp\/v2\/yst_prominent_words?post=990"}],"curies":[{"name":"wp","href":"https:\/\/api.w.org\/{rel}","templated":true}]}}