{"id":989,"date":"2020-07-19T14:20:26","date_gmt":"2020-07-19T12:20:26","guid":{"rendered":"https:\/\/www.editionkeiper.at\/shop\/produkt\/klangvolle-stille-2\/"},"modified":"2024-06-24T16:05:47","modified_gmt":"2024-06-24T14:05:47","slug":"klangvolle-stille-2","status":"publish","type":"product","link":"https:\/\/www.editionkeiper.at\/shop\/produkt\/klangvolle-stille-2\/","title":{"rendered":"Klangvolle Stille"},"content":{"rendered":"<p><strong>Ein Fantasy-Roman.<\/strong><\/p>\n<p>von <strong><a href=\"https:\/\/www.editionkeiper.at\/shop\/schwarze-julian\/\">Julian Schwarze<\/a><br \/>\n<\/strong><\/p>\n<p>Preston lebt als Einsiedler zur\u00fcckgezogen in den W\u00e4ldern. Eines Nachts hat er einen beunruhigenden Traum, den er nicht deuten kann. Er sucht eine alte Freundin auf, um ihren Rat einzuholen. Doch noch ehe sie ihm ihre Geheimnisseenth\u00fcllen kann, wird sie ermordet. Auf der Flucht vor den M\u00f6rdern befolgt Preston ihre letzte Anweisung: Er reitet zu den Elfen \u2026 Als er von seiner Bestimmung erf\u00e4hrt, beginnt f\u00fcr ihn eine gef\u00e4hrliche Reise.<\/p>\n<p><strong>Preis:<\/strong> AT \u20ac 22,50 \/ DE \u20ac 21.88<\/p>\n<p><strong>Seiten:<\/strong>\u00a0624<\/p>\n<p><strong>ISBN13:<\/strong>\u00a0978-3-9503343-4-0<\/p>\n<p><strong>Erscheinungsdatum:<\/strong>\u00a023.05.2013<\/p>\n<p><strong>Sprache:<\/strong>\u00a0Deutsch<\/p>\n<p><strong>Format:<\/strong>\u00a020,0 x 12,0 cm;\u00a0Paperback;\u00a0Buch flexibler Einband (Paperback)<\/p>\n","protected":false},"excerpt":{"rendered":"<p><strong>Ein Fantasy-Roman.<\/strong><\/p>\n<p>Preston lebt als Einsiedler zuru\u0308ckgezogen in den W\u00e4ldern. Eines Nachts hat er einen beunruhigendenTraum, den er nicht deuten kann. Er sucht eine alte Freundin auf, um ihren Rat einzuholen.<\/p>\n","protected":false},"featured_media":2895,"comment_status":"open","ping_status":"closed","template":"","meta":[],"etheme_brands":[],"product_brand":[],"product_cat":[1089,4648,4629],"product_tag":[1095,1100,1094,1098,593,241,1090,1097,1099,117,805,1096,218,1092,1091,121,1093],"yst_prominent_words":[],"class_list":{"0":"post-989","1":"product","2":"type-product","3":"status-publish","4":"has-post-thumbnail","6":"product_cat-fantasy","7":"product_cat-jugend","8":"product_cat-jugend-schreibt","9":"product_tag-einsiedler","10":"product_tag-elfen","11":"product_tag-fantasy","12":"product_tag-fantasy-roman","13":"product_tag-geschichte","14":"product_tag-graz","15":"product_tag-gut-und-boese","16":"product_tag-herr-der-ringe","17":"product_tag-hexen","18":"product_tag-keiper","19":"product_tag-mittelalter","20":"product_tag-mystic","21":"product_tag-roman","22":"product_tag-schwert","23":"product_tag-tolkien","24":"product_tag-verlag","25":"product_tag-voelker","27":"first","28":"instock","29":"shipping-taxable","30":"purchasable","31":"product-type-simple"},"_links":{"self":[{"href":"https:\/\/www.editionkeiper.at\/shop\/wp-json\/wp\/v2\/product\/989","targetHints":{"allow":["GET"]}}],"collection":[{"href":"https:\/\/www.editionkeiper.at\/shop\/wp-json\/wp\/v2\/product"}],"about":[{"href":"https:\/\/www.editionkeiper.at\/shop\/wp-json\/wp\/v2\/types\/product"}],"replies":[{"embeddable":true,"href":"https:\/\/www.editionkeiper.at\/shop\/wp-json\/wp\/v2\/comments?post=989"}],"wp:featuredmedia":[{"embeddable":true,"href":"https:\/\/www.editionkeiper.at\/shop\/wp-json\/wp\/v2\/media\/2895"}],"wp:attachment":[{"href":"https:\/\/www.editionkeiper.at\/shop\/wp-json\/wp\/v2\/media?parent=989"}],"wp:term":[{"taxonomy":"brand","embeddable":true,"href":"https:\/\/www.editionkeiper.at\/shop\/wp-json\/wp\/v2\/etheme_brands?post=989"},{"taxonomy":"product_brand","embeddable":true,"href":"https:\/\/www.editionkeiper.at\/shop\/wp-json\/wp\/v2\/product_brand?post=989"},{"taxonomy":"product_cat","embeddable":true,"href":"https:\/\/www.editionkeiper.at\/shop\/wp-json\/wp\/v2\/product_cat?post=989"},{"taxonomy":"product_tag","embeddable":true,"href":"https:\/\/www.editionkeiper.at\/shop\/wp-json\/wp\/v2\/product_tag?post=989"},{"taxonomy":"yst_prominent_words","embeddable":true,"href":"https:\/\/www.editionkeiper.at\/shop\/wp-json\/wp\/v2\/yst_prominent_words?post=989"}],"curies":[{"name":"wp","href":"https:\/\/api.w.org\/{rel}","templated":true}]}}