{"id":987,"date":"2013-03-13T14:20:26","date_gmt":"2013-03-13T13:20:26","guid":{"rendered":"https:\/\/www.editionkeiper.at\/shop\/produkt\/der-schlaf-im-bauch-des-chinesen\/"},"modified":"2021-03-09T12:36:10","modified_gmt":"2021-03-09T11:36:10","slug":"der-schlaf-im-bauch-des-chinesen","status":"publish","type":"product","link":"https:\/\/www.editionkeiper.at\/shop\/produkt\/der-schlaf-im-bauch-des-chinesen\/","title":{"rendered":"Der Schlaf im Bauch des Chinesen &#8211; ebook"},"content":{"rendered":"<h2>Der Schlaf im Bauch des Chinesen<\/h2>\n<p><strong>Erz\u00e4hlungen<\/strong><\/p>\n<p>von <strong><a href=\"https:\/\/www.editionkeiper.at\/shop\/schwab-friederike\/\">Friederike Schwab<\/a><br \/>\n<\/strong><\/p>\n<p>Mit leiser Ironie wird erz\u00e4hlt, wie mitten im Alltagsgeschehen pl\u00f6tzlich sekundenlang die Zeit still stehen kann \u2013 ein Mensch sich wandelt. Einmal l\u00f6sen eine Zeitungsnotiz, ein andermal ein Gespr\u00e4ch, ein Traum, eine Reise, eine Erinnerung oder eine philosophische Betrachtung den Sturz in die Gegenwart aus. Au\u00dfenseiter sind sie alle nicht, die da unwissend, zuweilen verwirrt oder leidenschaftlich verstrickt, versuchen, ihrem Leben das wirkliche Leben abzuringen. Bereichert wird der Erz\u00e4hlband mit Abbildungen von Objekten und Bildern der Autorin, die auch als Malerin sehr bekannt ist.<\/p>\n<p>&nbsp;<\/p>\n<p><strong>Preis:<\/strong> AT \u20ac 13,20 \/ DE \u20ac 13.09<\/p>\n<p><strong>Seiten:<\/strong>\u00a0224<\/p>\n<p><strong>ISBN13:<\/strong>\u00a0978-3-902901-20-0<\/p>\n<p><strong>Erscheinungsdatum:<\/strong>\u00a013.03.2013<\/p>\n<p><strong>Sprache:<\/strong>\u00a0Deutsch<\/p>\n<p><strong>Format:<\/strong> epub<\/p>\n","protected":false},"excerpt":{"rendered":"<p>Mit leiser Ironie wird erz\u00e4hlt, wie mitten im Alltagsgeschehen pl\u00f6tzlich sekundenlang die Zeit still stehen kann \u2013 ein Mensch sich wandelt.<\/p>\n","protected":false},"featured_media":2890,"comment_status":"closed","ping_status":"closed","template":"","meta":[],"etheme_brands":[],"product_brand":[],"product_cat":[3685],"product_tag":[1163,534,1159,477,882,895,616,878,356,577,1160,855,241,117,654,119,1164,306,1162,670,348,1166,979,668,1012,1161,323,1158,1165],"yst_prominent_words":[3208],"class_list":{"0":"post-987","1":"product","2":"type-product","3":"status-publish","4":"has-post-thumbnail","6":"product_cat-erzaehlungen","7":"product_tag-abbildungen","8":"product_tag-alltag","9":"product_tag-alltaeglich","10":"product_tag-autor","11":"product_tag-autorin","12":"product_tag-bilder","13":"product_tag-china","14":"product_tag-deutschsprachig","15":"product_tag-edition-keiper","16":"product_tag-erzaehlungen","17":"product_tag-friederike-schwab","18":"product_tag-geschichten","19":"product_tag-graz","20":"product_tag-keiper","21":"product_tag-keiper-verlag","22":"product_tag-kunst","23":"product_tag-kurze-texte","24":"product_tag-kurzgeschichten","25":"product_tag-lektuere","26":"product_tag-literarisch","27":"product_tag-literatur","28":"product_tag-literaturverlag","29":"product_tag-malerei","30":"product_tag-neuerscheinung","31":"product_tag-neuerscheinungen","32":"product_tag-objekte","33":"product_tag-oesterreich","34":"product_tag-philosophische-geschichten","35":"product_tag-wahrnehmung","37":"first","38":"instock","39":"downloadable","40":"virtual","41":"purchasable","42":"product-type-simple"},"_links":{"self":[{"href":"https:\/\/www.editionkeiper.at\/shop\/wp-json\/wp\/v2\/product\/987","targetHints":{"allow":["GET"]}}],"collection":[{"href":"https:\/\/www.editionkeiper.at\/shop\/wp-json\/wp\/v2\/product"}],"about":[{"href":"https:\/\/www.editionkeiper.at\/shop\/wp-json\/wp\/v2\/types\/product"}],"replies":[{"embeddable":true,"href":"https:\/\/www.editionkeiper.at\/shop\/wp-json\/wp\/v2\/comments?post=987"}],"wp:featuredmedia":[{"embeddable":true,"href":"https:\/\/www.editionkeiper.at\/shop\/wp-json\/wp\/v2\/media\/2890"}],"wp:attachment":[{"href":"https:\/\/www.editionkeiper.at\/shop\/wp-json\/wp\/v2\/media?parent=987"}],"wp:term":[{"taxonomy":"brand","embeddable":true,"href":"https:\/\/www.editionkeiper.at\/shop\/wp-json\/wp\/v2\/etheme_brands?post=987"},{"taxonomy":"product_brand","embeddable":true,"href":"https:\/\/www.editionkeiper.at\/shop\/wp-json\/wp\/v2\/product_brand?post=987"},{"taxonomy":"product_cat","embeddable":true,"href":"https:\/\/www.editionkeiper.at\/shop\/wp-json\/wp\/v2\/product_cat?post=987"},{"taxonomy":"product_tag","embeddable":true,"href":"https:\/\/www.editionkeiper.at\/shop\/wp-json\/wp\/v2\/product_tag?post=987"},{"taxonomy":"yst_prominent_words","embeddable":true,"href":"https:\/\/www.editionkeiper.at\/shop\/wp-json\/wp\/v2\/yst_prominent_words?post=987"}],"curies":[{"name":"wp","href":"https:\/\/api.w.org\/{rel}","templated":true}]}}