{"id":984,"date":"2013-08-30T14:20:15","date_gmt":"2013-08-30T12:20:15","guid":{"rendered":"https:\/\/www.editionkeiper.at\/shop\/produkt\/fruehstueck-mit-einem-clown\/"},"modified":"2021-11-08T21:37:24","modified_gmt":"2021-11-08T20:37:24","slug":"fruehstueck-mit-einem-clown","status":"publish","type":"product","link":"https:\/\/www.editionkeiper.at\/shop\/produkt\/fruehstueck-mit-einem-clown\/","title":{"rendered":"Fr\u00fchst\u00fcck mit einem Clown"},"content":{"rendered":"<h2>Fr\u00fchst\u00fcck mit einem Clown<\/h2>\n<p>von <a href=\"https:\/\/www.editionkeiper.at\/shop\/scheucher-gerhard\/\"><strong>Gerhard Scheucher<\/strong><\/a><\/p>\n<p>Hoffnung fu\u0308r Pessimisten! Als bekennender &#8218;Selberdenker&#8216; wagt Gerhard Scheucher eine ebenso heitere wie auch kritische Auseinandersetzung mit elementaren Themen unserer Zeit, wie z. B. &#8218;Schl\u00fcsselqualifikation Scheitern&#8216; oder &#8218;Pflichtfach Herzensbildung&#8216;. Die t\u00e4gliche Lektu\u0308re der Zeitungen oder das St\u00f6bern in den Tiefen des weltweiten Informationsnetzes bieten wenig \u00fcberzeugende Antworten. Um die vorgefertigten Meinungen unbeschadet verdauen zu k\u00f6nnen, braucht es \u2013 so Scheucher \u2013 einen Clown zum Fr\u00fchst\u00fcck. Unerm\u00fcdlich geht er auf die Suche: Wo sind die Geschichten, die die Menschen ermutigen, die Freude bereiten, die einen weiterbringen? In diesem Buch findet man sie \u2013 Episoden, die offenbaren, wie wichtig es ist, Haltung einzunehmen und seinen eigenen Weg zu gehen. Ein leidenschaftliches Pl\u00e4doyer fu\u0308r Lebensfreude, gepaart mit Witz und Geist. (www.editionkeiper.at)<\/p>\n<p>&nbsp;<\/p>\n<p><strong>Preis:<\/strong> AT \u20ac 17,60 \/ DE \u20ac 17.12<\/p>\n<p><strong>Seiten:<\/strong>\u00a0168<\/p>\n<p><strong>ISBN13:<\/strong>\u00a0978-3-902901-28-6<\/p>\n<p><strong>Erscheinungsdatum:<\/strong>\u00a030.08.2013<\/p>\n<p><strong>Sprache:<\/strong>\u00a0Deutsch<\/p>\n<p><strong>Format:<\/strong>\u00a021,5 x 14,0 cm;\u00a0Gebunden;\u00a0Buch fester Einband (Hardcover)<\/p>\n","protected":false},"excerpt":{"rendered":"<p>Hoffnung fu\u0308r Pessimisten! Als bekennender &#8218;Selberdenker&#8216; wagt Gerhard Scheucher eine ebenso heitere wie auch kritische Auseinandersetzung mit elementaren Themen unserer Zeit, wie z. B. &#8218;Schl\u00fcsselqualifikation Scheitern&#8216; oder &#8218;Pflichtfach Herzensbildung&#8216;.<\/p>\n","protected":false},"featured_media":1546,"comment_status":"closed","ping_status":"closed","template":"","meta":[],"etheme_brands":[],"product_brand":[],"product_cat":[1400],"product_tag":[],"yst_prominent_words":[3315],"class_list":{"0":"post-984","1":"product","2":"type-product","3":"status-publish","4":"has-post-thumbnail","6":"product_cat-sachbuch","8":"first","9":"instock","10":"shipping-taxable","11":"purchasable","12":"product-type-simple"},"_links":{"self":[{"href":"https:\/\/www.editionkeiper.at\/shop\/wp-json\/wp\/v2\/product\/984","targetHints":{"allow":["GET"]}}],"collection":[{"href":"https:\/\/www.editionkeiper.at\/shop\/wp-json\/wp\/v2\/product"}],"about":[{"href":"https:\/\/www.editionkeiper.at\/shop\/wp-json\/wp\/v2\/types\/product"}],"replies":[{"embeddable":true,"href":"https:\/\/www.editionkeiper.at\/shop\/wp-json\/wp\/v2\/comments?post=984"}],"wp:featuredmedia":[{"embeddable":true,"href":"https:\/\/www.editionkeiper.at\/shop\/wp-json\/wp\/v2\/media\/1546"}],"wp:attachment":[{"href":"https:\/\/www.editionkeiper.at\/shop\/wp-json\/wp\/v2\/media?parent=984"}],"wp:term":[{"taxonomy":"brand","embeddable":true,"href":"https:\/\/www.editionkeiper.at\/shop\/wp-json\/wp\/v2\/etheme_brands?post=984"},{"taxonomy":"product_brand","embeddable":true,"href":"https:\/\/www.editionkeiper.at\/shop\/wp-json\/wp\/v2\/product_brand?post=984"},{"taxonomy":"product_cat","embeddable":true,"href":"https:\/\/www.editionkeiper.at\/shop\/wp-json\/wp\/v2\/product_cat?post=984"},{"taxonomy":"product_tag","embeddable":true,"href":"https:\/\/www.editionkeiper.at\/shop\/wp-json\/wp\/v2\/product_tag?post=984"},{"taxonomy":"yst_prominent_words","embeddable":true,"href":"https:\/\/www.editionkeiper.at\/shop\/wp-json\/wp\/v2\/yst_prominent_words?post=984"}],"curies":[{"name":"wp","href":"https:\/\/api.w.org\/{rel}","templated":true}]}}