{"id":979,"date":"2013-10-10T14:20:15","date_gmt":"2013-10-10T12:20:15","guid":{"rendered":"https:\/\/www.editionkeiper.at\/shop\/produkt\/noctarium\/"},"modified":"2021-03-04T16:49:03","modified_gmt":"2021-03-04T15:49:03","slug":"noctarium","status":"publish","type":"product","link":"https:\/\/www.editionkeiper.at\/shop\/produkt\/noctarium\/","title":{"rendered":"noctarium \u2013 keiper lyrik 8"},"content":{"rendered":"<h2>noctarium \u2013 keiper lyrik 8<\/h2>\n<p>von <strong><a href=\"https:\/\/www.editionkeiper.at\/shop\/poettler-marcus\/\" target=\"_blank\" rel=\"noopener\">Marcus Poettler<\/a><br \/>\n<\/strong><\/p>\n<p>Der steirische Lyriker Marcus P\u00f6ttler thematisiert in diesen Gedichten die \u00c4ngste, die ausgehend von den unbest\u00e4ndigen Grenzen zwischen Wahrnehmung und Einbildung in unseren Innenwelten Platz greifen. Seine poetischen Erkundungen des Unheimlichen und des Unaussprechbaren fu\u00dfen auf der eingehenden Lekt\u00fcre der phantastischen Literatur und anspruchsvollen Horror-Literatur von Howard Phillips Lovecraft, Edgar Allan Poe und William Blake. Unter behutsamer Verwendung von Zitaten und Motiven aus diesen und weiteren Quellen werden kleine Schauergeschichten skizziert, die in den Friktionen und Katastrophen des allt\u00e4glichen Lebens ihren Anfang nehmen und es mitunter au\u00dfer Kontrolle geraten lassen \u2013 ein ungew\u00f6hnliches dichterisches Unterfangen, dem P\u00f6ttler mit den Mitteln seiner formal und stilistisch avancierten Poesie \u00fcberraschende Facetten abgewinnt. (Helwig Brunner, Herausgeber der Reihe keiper lyrik)<\/p>\n<p>&nbsp;<\/p>\n<p><strong>Preis:<\/strong> AT \u20ac 15,40 \/ DE \u20ac 14.98<\/p>\n<p><strong>Seiten:<\/strong>\u00a096<\/p>\n<p><strong>ISBN13:<\/strong>\u00a0978-3-902901-25-5<\/p>\n<p><strong>Erscheinungsdatum:<\/strong>\u00a010.10.2013<\/p>\n<p><strong>Sprache:<\/strong>\u00a0Deutsch<\/p>\n<p><strong>Format:<\/strong>\u00a017,6 x 11,0 cm;\u00a0broschiert<\/p>\n","protected":false},"excerpt":{"rendered":"<p>Der steirische Lyriker Marcus P\u00f6ttler thematisiert in diesen Gedichten die \u00c4ngste, die ausgehend von den unbest\u00e4ndigen Grenzen zwischen Wahrnehmung und Einbildung in unseren Innenwelten Platz greifen. Seine poetischen Erkundungen des Unheimlichen und des Unaussprechbaren fu\u00dfen auf der eingehenden Lekt\u00fcre der phantastischen Literatur und anspruchsvollen Horror-Literatur von Howard Phillips Lovecraft, Edgar Allan Poe und William Blake.<\/p>\n","protected":false},"featured_media":1523,"comment_status":"closed","ping_status":"closed","template":"","meta":[],"etheme_brands":[],"product_brand":[],"product_cat":[2604],"product_tag":[356,289,557,348,174,173,1114,323,209,121,109],"yst_prominent_words":[3285,3345,3306],"class_list":{"0":"post-979","1":"product","2":"type-product","3":"status-publish","4":"has-post-thumbnail","6":"product_cat-die-reihe-keiper-lyrik","7":"product_tag-edition-keiper","8":"product_tag-gedichte","9":"product_tag-keiper-lyrik","10":"product_tag-literatur","11":"product_tag-lyrik","12":"product_tag-lyrikreihe","13":"product_tag-marcus-poettler","14":"product_tag-oesterreich","15":"product_tag-steiermark","16":"product_tag-verlag","17":"product_tag-www-editionkeiper-at","19":"first","20":"instock","21":"shipping-taxable","22":"purchasable","23":"product-type-simple"},"_links":{"self":[{"href":"https:\/\/www.editionkeiper.at\/shop\/wp-json\/wp\/v2\/product\/979","targetHints":{"allow":["GET"]}}],"collection":[{"href":"https:\/\/www.editionkeiper.at\/shop\/wp-json\/wp\/v2\/product"}],"about":[{"href":"https:\/\/www.editionkeiper.at\/shop\/wp-json\/wp\/v2\/types\/product"}],"replies":[{"embeddable":true,"href":"https:\/\/www.editionkeiper.at\/shop\/wp-json\/wp\/v2\/comments?post=979"}],"wp:featuredmedia":[{"embeddable":true,"href":"https:\/\/www.editionkeiper.at\/shop\/wp-json\/wp\/v2\/media\/1523"}],"wp:attachment":[{"href":"https:\/\/www.editionkeiper.at\/shop\/wp-json\/wp\/v2\/media?parent=979"}],"wp:term":[{"taxonomy":"brand","embeddable":true,"href":"https:\/\/www.editionkeiper.at\/shop\/wp-json\/wp\/v2\/etheme_brands?post=979"},{"taxonomy":"product_brand","embeddable":true,"href":"https:\/\/www.editionkeiper.at\/shop\/wp-json\/wp\/v2\/product_brand?post=979"},{"taxonomy":"product_cat","embeddable":true,"href":"https:\/\/www.editionkeiper.at\/shop\/wp-json\/wp\/v2\/product_cat?post=979"},{"taxonomy":"product_tag","embeddable":true,"href":"https:\/\/www.editionkeiper.at\/shop\/wp-json\/wp\/v2\/product_tag?post=979"},{"taxonomy":"yst_prominent_words","embeddable":true,"href":"https:\/\/www.editionkeiper.at\/shop\/wp-json\/wp\/v2\/yst_prominent_words?post=979"}],"curies":[{"name":"wp","href":"https:\/\/api.w.org\/{rel}","templated":true}]}}