{"id":972,"date":"2013-09-01T14:20:15","date_gmt":"2013-09-01T12:20:15","guid":{"rendered":"https:\/\/www.editionkeiper.at\/shop\/produkt\/der-dunkle-bellaviri\/"},"modified":"2021-03-08T15:10:36","modified_gmt":"2021-03-08T14:10:36","slug":"der-dunkle-bellaviri","status":"publish","type":"product","link":"https:\/\/www.editionkeiper.at\/shop\/produkt\/der-dunkle-bellaviri\/","title":{"rendered":"Der dunkle Bellaviri &#8211; ebook"},"content":{"rendered":"<h2>Der dunkle Bellaviri &#8211; ebook<\/h2>\n<p>von <strong><a href=\"https:\/\/www.editionkeiper.at\/shop\/markart-mike\/\">Mike Markart<\/a><br \/>\n<\/strong><\/p>\n<p>Ich erz\u00e4hle einem Fremden sein Leben neu. Das Leben eines Findelkindes namens Garretti, das in der N\u00e4he von Rom bei einem Gem\u00fcsebauern aufw\u00e4chst. Das mit einer getrockneten Peperoncinoschote so laut zu klappern imstande ist, dass man es weit \u00fcber die Grenzen des Ortes hinaush\u00f6ren kann. Und das mit seinem Klappern das Sonnenkind Bellaviri dazu bringt, sich ans Fenster zu stellen und den ganzen Ort damit zu erhellen, als die Ernte im Regen zu versinken droht. Doch das Sonnenkind Bellaviri verl\u00f6scht und begibt sich auf eine Reise durch Italien, mit nichts als Regen und Dunkelheit im Gep\u00e4ck. (www.editionkeiper.at)<\/p>\n<p>&nbsp;<\/p>\n<p><strong>Preis:<\/strong> AT \u20ac 11,99 DE \u20ac 11,89<\/p>\n<p><strong>Seiten:<\/strong>\u00a0192<\/p>\n<p><strong>ISBN13:<\/strong>\u00a0978-3-902901-32-3<\/p>\n<p><strong>Erscheinungsdatum:<\/strong>\u00a009.2013<\/p>\n<p><strong>Sprache:<\/strong>\u00a0Deutsch<\/p>\n<p><strong>Format:<\/strong> epub<\/p>\n","protected":false},"excerpt":{"rendered":"<p>Ich erz\u00e4hle einem Fremden sein Leben neu. Das Leben eines Findelkindes namens Garretti, das in der N\u00e4he von Rom bei einem Gem\u00fcsebauern aufw\u00e4chst. Das mit einer getrockneten Peperoncinoschote so laut zu klappern imstande ist, dass man es weit \u00fcber die Grenzen des Ortes hinaush\u00f6ren kann.<\/p>\n","protected":false},"featured_media":2887,"comment_status":"closed","ping_status":"closed","template":"","meta":[],"etheme_brands":[],"product_brand":[],"product_cat":[3687],"product_tag":[1073,872,336,878,660,1072,1075,1077,634,1079,1078,117,348,596,1070,1071,1028,668,323,994,1068,218,1074,209,1069,890,999,1076,1062],"yst_prominent_words":[3208],"class_list":{"0":"post-972","1":"product","2":"type-product","3":"status-publish","4":"has-post-thumbnail","6":"product_cat-romane","7":"product_tag-anspruchsvolle-literatur","8":"product_tag-bellaviri","9":"product_tag-belletristik","10":"product_tag-deutschsprachig","11":"product_tag-gegenwartsliteratur","12":"product_tag-gondoliere","13":"product_tag-guenther-freitag","14":"product_tag-herbst","15":"product_tag-italien","16":"product_tag-italien-roman","17":"product_tag-kafkaesk","18":"product_tag-keiper","19":"product_tag-literatur","20":"product_tag-magritte","21":"product_tag-markart","22":"product_tag-michael-stavaric","23":"product_tag-neu","24":"product_tag-neuerscheinung","25":"product_tag-oesterreich","26":"product_tag-reisen","27":"product_tag-rom","28":"product_tag-roman","29":"product_tag-september-2013","30":"product_tag-steiermark","31":"product_tag-steirischer-autor","32":"product_tag-umwelt","33":"product_tag-venedig","34":"product_tag-verlag-graz","35":"product_tag-wein","37":"first","38":"instock","39":"downloadable","40":"virtual","41":"purchasable","42":"product-type-simple"},"_links":{"self":[{"href":"https:\/\/www.editionkeiper.at\/shop\/wp-json\/wp\/v2\/product\/972","targetHints":{"allow":["GET"]}}],"collection":[{"href":"https:\/\/www.editionkeiper.at\/shop\/wp-json\/wp\/v2\/product"}],"about":[{"href":"https:\/\/www.editionkeiper.at\/shop\/wp-json\/wp\/v2\/types\/product"}],"replies":[{"embeddable":true,"href":"https:\/\/www.editionkeiper.at\/shop\/wp-json\/wp\/v2\/comments?post=972"}],"wp:featuredmedia":[{"embeddable":true,"href":"https:\/\/www.editionkeiper.at\/shop\/wp-json\/wp\/v2\/media\/2887"}],"wp:attachment":[{"href":"https:\/\/www.editionkeiper.at\/shop\/wp-json\/wp\/v2\/media?parent=972"}],"wp:term":[{"taxonomy":"brand","embeddable":true,"href":"https:\/\/www.editionkeiper.at\/shop\/wp-json\/wp\/v2\/etheme_brands?post=972"},{"taxonomy":"product_brand","embeddable":true,"href":"https:\/\/www.editionkeiper.at\/shop\/wp-json\/wp\/v2\/product_brand?post=972"},{"taxonomy":"product_cat","embeddable":true,"href":"https:\/\/www.editionkeiper.at\/shop\/wp-json\/wp\/v2\/product_cat?post=972"},{"taxonomy":"product_tag","embeddable":true,"href":"https:\/\/www.editionkeiper.at\/shop\/wp-json\/wp\/v2\/product_tag?post=972"},{"taxonomy":"yst_prominent_words","embeddable":true,"href":"https:\/\/www.editionkeiper.at\/shop\/wp-json\/wp\/v2\/yst_prominent_words?post=972"}],"curies":[{"name":"wp","href":"https:\/\/api.w.org\/{rel}","templated":true}]}}