{"id":971,"date":"2013-10-18T14:20:15","date_gmt":"2013-10-18T12:20:15","guid":{"rendered":"https:\/\/www.editionkeiper.at\/shop\/produkt\/wilfert-und-der-schatten-des-klapotetz\/"},"modified":"2021-03-08T21:29:50","modified_gmt":"2021-03-08T20:29:50","slug":"wilfert-und-der-schatten-des-klapotetz","status":"publish","type":"product","link":"https:\/\/www.editionkeiper.at\/shop\/produkt\/wilfert-und-der-schatten-des-klapotetz\/","title":{"rendered":"Wilfert und der Schatten des Klapotetz &#8211; ebook"},"content":{"rendered":"<h2>Wilfert und der Schatten des Klapotetz<\/h2>\n<p><strong>Ein S\u00fcdsteiermark-Krimi<\/strong><\/p>\n<p>von\u00a0<strong><a href=\"https:\/\/www.editionkeiper.at\/shop\/stift-andrea\/\">Andrea Stift<\/a><br \/>\n<\/strong><\/p>\n<p>Ein fast gescheiterter Mittdrei\u00dfiger glaubt, endlich seine Berufung gefunden zu haben: Wilfert wird jetzt n\u00e4mlich Privatdetektiv. Dazu fehlen ihm nur ein Plan, etwas Geld und noch besser: ein Fall. Der Fall l\u00e4utet eines Tages in Gestalt von Annegret an seiner T\u00fcr, die an Prosopagnosie leidet \u2013 sie kann sich keine Gesichter merken. Nicht einmal das ihres Ehemannes, eines angesehenen Kellermeisters. Der obendrein bald unter h\u00f6chst verd\u00e4chtigen Umst\u00e4nden den Tod findet. Zur Recherche muss Wilfert in die S\u00fcdsteiermark, wo er sowohl die Liebe als auch das h\u00e4sslichste Regal der Welt entdeckt. Au\u00dferdem lernt er, dass auch Privatdetektive ab und zu aufs Klo m\u00fcssen, wie hilfreich eine kluge Brieftaube zur rechten Zeit am rechten Ort sein kann und \u2013 was ein Klapotetz ist. (www.editionkeiper.at)<\/p>\n<p>&nbsp;<\/p>\n<p><strong>Preis:<\/strong> AT \u20ac 11,00 \/ DE \u20ac 10.91<\/p>\n<p><strong>Seiten:<\/strong>\u00a0154<\/p>\n<p><strong>ISBN13:<\/strong>\u00a0978-3-902901-31-6<\/p>\n<p><strong>Erscheinungsdatum:<\/strong>\u00a018.10.2013<\/p>\n<p><strong>Sprache:<\/strong>\u00a0Deutsch<\/p>\n<p><strong>Format:<\/strong> epub<\/p>\n","protected":false},"excerpt":{"rendered":"<p>Ein fast gescheiterter Mittdrei\u00dfiger glaubt, endlich seine Berufung gefunden zu haben: Wilfert wird jetzt n\u00e4mlich Privatdetektiv. Dazu fehlen ihm nur ein Plan, etwas Geld und noch besser: ein Fall. Der Fall l\u00e4utet eines Tages in Gestalt von Annegret an seiner T\u00fcr, die an Prosopagnosie leidet \u2013 sie kann sich keine Gesichter merken. Nicht einmal das ihres Ehemannes, eines angesehenen Kellermeisters.<\/p>\n","protected":false},"featured_media":2892,"comment_status":"closed","ping_status":"closed","template":"","meta":[],"etheme_brands":[],"product_brand":[],"product_cat":[1394],"product_tag":[1066,336,1058,1061,356,1065,307,117,1060,571,558,198,348,1059,1028,668,323,1057,207,218,1064,209,1063,711,1047,121,1062,225,1067],"yst_prominent_words":[],"class_list":{"0":"post-971","1":"product","2":"type-product","3":"status-publish","4":"has-post-thumbnail","6":"product_cat-krimi","7":"product_tag-andrea-stift","8":"product_tag-belletristik","9":"product_tag-buch-wien","10":"product_tag-buschenschank","11":"product_tag-edition-keiper","12":"product_tag-elfrieder-jelinek","13":"product_tag-humor","14":"product_tag-keiper","15":"product_tag-klapotetz","16":"product_tag-kolleritsch","17":"product_tag-krimi","18":"product_tag-kriminalroman","19":"product_tag-literatur","20":"product_tag-manuskripte","21":"product_tag-neu","22":"product_tag-neuerscheinung","23":"product_tag-oesterreich","24":"product_tag-privatdetektiv","25":"product_tag-regionalkrimi","26":"product_tag-roman","27":"product_tag-rotahorn","28":"product_tag-steiermark","29":"product_tag-stift","30":"product_tag-sued-steiermark","31":"product_tag-suedsteiermark","32":"product_tag-verlag","33":"product_tag-wein","34":"product_tag-wien","35":"product_tag-wilfert","37":"first","38":"instock","39":"downloadable","40":"virtual","41":"purchasable","42":"product-type-simple"},"_links":{"self":[{"href":"https:\/\/www.editionkeiper.at\/shop\/wp-json\/wp\/v2\/product\/971","targetHints":{"allow":["GET"]}}],"collection":[{"href":"https:\/\/www.editionkeiper.at\/shop\/wp-json\/wp\/v2\/product"}],"about":[{"href":"https:\/\/www.editionkeiper.at\/shop\/wp-json\/wp\/v2\/types\/product"}],"replies":[{"embeddable":true,"href":"https:\/\/www.editionkeiper.at\/shop\/wp-json\/wp\/v2\/comments?post=971"}],"wp:featuredmedia":[{"embeddable":true,"href":"https:\/\/www.editionkeiper.at\/shop\/wp-json\/wp\/v2\/media\/2892"}],"wp:attachment":[{"href":"https:\/\/www.editionkeiper.at\/shop\/wp-json\/wp\/v2\/media?parent=971"}],"wp:term":[{"taxonomy":"brand","embeddable":true,"href":"https:\/\/www.editionkeiper.at\/shop\/wp-json\/wp\/v2\/etheme_brands?post=971"},{"taxonomy":"product_brand","embeddable":true,"href":"https:\/\/www.editionkeiper.at\/shop\/wp-json\/wp\/v2\/product_brand?post=971"},{"taxonomy":"product_cat","embeddable":true,"href":"https:\/\/www.editionkeiper.at\/shop\/wp-json\/wp\/v2\/product_cat?post=971"},{"taxonomy":"product_tag","embeddable":true,"href":"https:\/\/www.editionkeiper.at\/shop\/wp-json\/wp\/v2\/product_tag?post=971"},{"taxonomy":"yst_prominent_words","embeddable":true,"href":"https:\/\/www.editionkeiper.at\/shop\/wp-json\/wp\/v2\/yst_prominent_words?post=971"}],"curies":[{"name":"wp","href":"https:\/\/api.w.org\/{rel}","templated":true}]}}