{"id":965,"date":"2014-04-01T14:20:05","date_gmt":"2014-04-01T12:20:05","guid":{"rendered":"https:\/\/www.editionkeiper.at\/shop\/produkt\/die-undankbarkeit-der-kinder\/"},"modified":"2021-03-08T21:33:57","modified_gmt":"2021-03-08T20:33:57","slug":"die-undankbarkeit-der-kinder","status":"publish","type":"product","link":"https:\/\/www.editionkeiper.at\/shop\/produkt\/die-undankbarkeit-der-kinder\/","title":{"rendered":"Die Undankbarkeit der Kinder"},"content":{"rendered":"<h2>Die Undankbarkeit der Kinder<\/h2>\n<p><strong>Erz\u00e4hlungen<\/strong><\/p>\n<p>von\u00a0<strong><a href=\"https:\/\/www.editionkeiper.at\/shop\/pollanz-wolfgang\/\">Wolfgang Pollanz<\/a><br \/>\n<\/strong><\/p>\n<p>Souver\u00e4n bewegt sich Wolfgang Pollanz zwischen den Literaturgenres und legt nach einem zweisprachigen Gedichtband, einem Roman und einer kenntnisreichen Hommage an 33 ausgew\u00e4hlte Pop-Songs nun einen Band mit Erz\u00e4hlungen vor, in dem er sich erneut als Vielgereister mit einem ausgepr\u00e4gten Gesp\u00fcr f\u00fcr die Nuancen des menschlichen Seins erweist. Wir begegnen dem Erz\u00e4hler als Lokalbetreiber in Berlin, als einem mit sich und der Welt hadernden Fotografen, als psychisch Gefangenem im Haus der verstorbenen Gro\u00dfmutter, als Teil eines schr\u00e4g-skurrilen Familiengef\u00fcges oder als gescheitertem Gr\u00fcnder einer Musikband; wir sind bass erstaunt, wenn wir von Runterholen und Onanieren und Wichsen und Pickeln auf der Vorhaut lesen, und irgendwie erleichtert, wenn in der n\u00e4chsten Geschichte sich die Lichter von Trogir wie glitzernde Glasperlen im Meer spiegeln. Sp\u00e4testens, wenn der Erz\u00e4hler sich als Hypochonder outet und uns mit allen m\u00f6glichen &#8211; vor allem aber unm\u00f6glichen &#8211; \u00c4ngsten konfrontiert, wird klar, warum Pollanz diesem Erz\u00e4hlband die Feststellung vorausschickt: &#8222;Alle Geschichten und Personen, auch der Ich-Erz\u00e4hler, sind v\u00f6llig frei erfunden und an den Haaren herbeigezogen.&#8220;<\/p>\n<p>&nbsp;<\/p>\n<p><strong>Preis:<\/strong> AT \u20ac 16,50 \/ DE \u20ac 16.05<\/p>\n<p><strong>Seiten:<\/strong>\u00a0132<\/p>\n<p><strong>ISBN13:<\/strong>\u00a0978-3-902901-39-2<\/p>\n<p><strong>Erscheinungsdatum:<\/strong>\u00a001.04.2014<\/p>\n<p><strong>Sprache:<\/strong>\u00a0Deutsch<\/p>\n<p><strong>Format:<\/strong>\u00a020,0 x 12,0 cm;\u00a0Paperback;\u00a0Buch (nicht weiter definiert)<\/p>\n","protected":false},"excerpt":{"rendered":"<p>Souver\u00e4n bewegt sich Wolfgang Pollanz zwischen den Literaturgenres und legt nach einem zweisprachigen Gedichtband, einem Roman und einer kenntnisreichen Hommage an 33 ausgew\u00e4hlte Pop-Songs nun einen Band mit Erz\u00e4hlungen vor, in dem er sich erneut als Vielgereister mit einem ausgepr\u00e4gten Gesp\u00fcr f\u00fcr die Nuancen des menschlichen Seins erweist.<\/p>\n","protected":false},"featured_media":1527,"comment_status":"closed","ping_status":"closed","template":"","meta":[],"etheme_brands":[],"product_brand":[],"product_cat":[3685],"product_tag":[336,911,356,1024,146,577,1025,280,1013,1022,117,595,1027,1028,668,323,665,942,218,209,1026,121,1023,708,109],"yst_prominent_words":[],"class_list":{"0":"post-965","1":"product","2":"type-product","3":"status-publish","4":"has-post-thumbnail","6":"product_cat-erzaehlungen","7":"product_tag-belletristik","8":"product_tag-buch","9":"product_tag-edition-keiper","10":"product_tag-erzaehlband","11":"product_tag-erzaehlung","12":"product_tag-erzaehlungen","13":"product_tag-erziehung","14":"product_tag-familie","15":"product_tag-fruehjahr-2014","16":"product_tag-hanns-koren-preis-2013","17":"product_tag-keiper","18":"product_tag-kinder","19":"product_tag-kindheit","20":"product_tag-neu","21":"product_tag-neuerscheinung","22":"product_tag-oesterreich","23":"product_tag-oesterreichische-literatur","24":"product_tag-pollanz","25":"product_tag-roman","26":"product_tag-steiermark","27":"product_tag-undankbarkeit","28":"product_tag-verlag","29":"product_tag-wies","30":"product_tag-wolfgang-pollanz","31":"product_tag-www-editionkeiper-at","33":"first","34":"instock","35":"shipping-taxable","36":"purchasable","37":"product-type-simple"},"_links":{"self":[{"href":"https:\/\/www.editionkeiper.at\/shop\/wp-json\/wp\/v2\/product\/965","targetHints":{"allow":["GET"]}}],"collection":[{"href":"https:\/\/www.editionkeiper.at\/shop\/wp-json\/wp\/v2\/product"}],"about":[{"href":"https:\/\/www.editionkeiper.at\/shop\/wp-json\/wp\/v2\/types\/product"}],"replies":[{"embeddable":true,"href":"https:\/\/www.editionkeiper.at\/shop\/wp-json\/wp\/v2\/comments?post=965"}],"wp:featuredmedia":[{"embeddable":true,"href":"https:\/\/www.editionkeiper.at\/shop\/wp-json\/wp\/v2\/media\/1527"}],"wp:attachment":[{"href":"https:\/\/www.editionkeiper.at\/shop\/wp-json\/wp\/v2\/media?parent=965"}],"wp:term":[{"taxonomy":"brand","embeddable":true,"href":"https:\/\/www.editionkeiper.at\/shop\/wp-json\/wp\/v2\/etheme_brands?post=965"},{"taxonomy":"product_brand","embeddable":true,"href":"https:\/\/www.editionkeiper.at\/shop\/wp-json\/wp\/v2\/product_brand?post=965"},{"taxonomy":"product_cat","embeddable":true,"href":"https:\/\/www.editionkeiper.at\/shop\/wp-json\/wp\/v2\/product_cat?post=965"},{"taxonomy":"product_tag","embeddable":true,"href":"https:\/\/www.editionkeiper.at\/shop\/wp-json\/wp\/v2\/product_tag?post=965"},{"taxonomy":"yst_prominent_words","embeddable":true,"href":"https:\/\/www.editionkeiper.at\/shop\/wp-json\/wp\/v2\/yst_prominent_words?post=965"}],"curies":[{"name":"wp","href":"https:\/\/api.w.org\/{rel}","templated":true}]}}