{"id":964,"date":"2014-03-27T14:20:05","date_gmt":"2014-03-27T13:20:05","guid":{"rendered":"https:\/\/www.editionkeiper.at\/shop\/produkt\/gschnipf-fu%cc%88r-zieglers-ziegen\/"},"modified":"2021-03-04T16:49:19","modified_gmt":"2021-03-04T15:49:19","slug":"gschnipf-fuer-zieglers-ziegen","status":"publish","type":"product","link":"https:\/\/www.editionkeiper.at\/shop\/produkt\/gschnipf-fuer-zieglers-ziegen\/","title":{"rendered":"G\u00b4schnipf f\u00fcr Zieglers Ziegen \u2013 keiper lyrik 9"},"content":{"rendered":"<h2>G\u00b4schnipf f\u00fcr Zieglers Ziegen \u2013 keiper lyrik 9<\/h2>\n<p>von <strong><a href=\"https:\/\/www.editionkeiper.at\/shop\/eckenfelder-ute\/\">Ute Eckenfelder<\/a><br \/>\n<\/strong><\/p>\n<p>Ute Eckenfelder f\u00e4chert in ihrer Lyrik die Sprache furios in s\u00e4mtliche Register auf, durchmisst sie scheinbar m\u00fchelos in ihren H\u00f6hen und Tiefen, ohne Scheu vor ihrem Gewicht und ihrer Fl\u00fcchtigkeit, ohne Ber\u00fchrungs\u00e4ngste gegen\u00fcber ihren Banalit\u00e4ten, Absurdit\u00e4ten und ihrer schieren Heiligkeit. Dies spiegelt sich auch in der enormen Vielfalt der Motive, der thematischen und personellen Bez\u00fcge ihrer Gedichte wider. Wenn die Grenzen unserer Sprache die Grenzen unserer Welt sind, dann finden wir hier, in Eckenfelders entgrenzter Sprachwelt, einen poetischen Kosmos vor, der entscheidend \u00fcber die Dimensionierung gew\u00f6hnlichen Sprechens hinausreicht. So verh\u00e4lt sich Eckenfelders Poesie wie ein Sternenhimmel, auf dem man immer mehr Gestirne entdecken kann, je genauer man hinsieht. (Helwig Brunner, Herausgeber der Reihe keiper lyrik)<\/p>\n<p>&nbsp;<\/p>\n<p><strong>Preis:<\/strong> AT \u20ac 15,40 \/ DE \u20ac 14,98<\/p>\n<p><strong>Seiten:<\/strong>\u00a0112<\/p>\n<p><strong>ISBN13:<\/strong>\u00a0978-3-902901-38-5<\/p>\n<p><strong>Erscheinungsdatum:<\/strong>\u00a027.03.2014<\/p>\n<p><strong>Sprache:<\/strong>\u00a0Deutsch<\/p>\n<p><strong>Format:<\/strong>\u00a017,6 x 11,0 cm;\u00a0broschiert<\/p>\n","protected":false},"excerpt":{"rendered":"<p>Ute Eckenfelder f\u00e4chert in ihrer Lyrik die Sprache furios in s\u00e4mtliche Register auf, durchmisst sie scheinbar m\u00fchelos in ihren H\u00f6hen und Tiefen, ohne Scheu vor ihrem Gewicht und ihrer Fl\u00fcchtigkeit, ohne Ber\u00fchrungs\u00e4ngste gegen\u00fcber ihren Banalit\u00e4ten, Absurdit\u00e4ten und ihrer schieren Heiligkeit. Dies spiegelt sich auch in der enormen Vielfalt der Motive, der thematischen und personellen Bez\u00fcge ihrer Gedichte wider.<\/p>\n","protected":false},"featured_media":1415,"comment_status":"closed","ping_status":"closed","template":"","meta":[],"etheme_brands":[],"product_brand":[],"product_cat":[2604],"product_tag":[1016,1014,1021,1017,1020,356,1013,289,241,655,1018,1019,174,173,1012,323,1015,121,109],"yst_prominent_words":[],"class_list":{"0":"post-964","1":"product","2":"type-product","3":"status-publish","4":"has-post-thumbnail","6":"product_cat-die-reihe-keiper-lyrik","7":"product_tag-aktuell","8":"product_tag-anspruchsvolle-sprache","9":"product_tag-berlin","10":"product_tag-deutschsprachige-gegenwartslyrik","11":"product_tag-eckenfelder","12":"product_tag-edition-keiper","13":"product_tag-fruehjahr-2014","14":"product_tag-gedichte","15":"product_tag-graz","16":"product_tag-helwig-brunner","17":"product_tag-keiper-lyrik-band-9","18":"product_tag-keiper-lyrik-reihe","19":"product_tag-lyrik","20":"product_tag-lyrikreihe","21":"product_tag-neuerscheinungen","22":"product_tag-oesterreich","23":"product_tag-taschenbuch","24":"product_tag-verlag","25":"product_tag-www-editionkeiper-at","27":"first","28":"instock","29":"shipping-taxable","30":"purchasable","31":"product-type-simple"},"_links":{"self":[{"href":"https:\/\/www.editionkeiper.at\/shop\/wp-json\/wp\/v2\/product\/964","targetHints":{"allow":["GET"]}}],"collection":[{"href":"https:\/\/www.editionkeiper.at\/shop\/wp-json\/wp\/v2\/product"}],"about":[{"href":"https:\/\/www.editionkeiper.at\/shop\/wp-json\/wp\/v2\/types\/product"}],"replies":[{"embeddable":true,"href":"https:\/\/www.editionkeiper.at\/shop\/wp-json\/wp\/v2\/comments?post=964"}],"wp:featuredmedia":[{"embeddable":true,"href":"https:\/\/www.editionkeiper.at\/shop\/wp-json\/wp\/v2\/media\/1415"}],"wp:attachment":[{"href":"https:\/\/www.editionkeiper.at\/shop\/wp-json\/wp\/v2\/media?parent=964"}],"wp:term":[{"taxonomy":"brand","embeddable":true,"href":"https:\/\/www.editionkeiper.at\/shop\/wp-json\/wp\/v2\/etheme_brands?post=964"},{"taxonomy":"product_brand","embeddable":true,"href":"https:\/\/www.editionkeiper.at\/shop\/wp-json\/wp\/v2\/product_brand?post=964"},{"taxonomy":"product_cat","embeddable":true,"href":"https:\/\/www.editionkeiper.at\/shop\/wp-json\/wp\/v2\/product_cat?post=964"},{"taxonomy":"product_tag","embeddable":true,"href":"https:\/\/www.editionkeiper.at\/shop\/wp-json\/wp\/v2\/product_tag?post=964"},{"taxonomy":"yst_prominent_words","embeddable":true,"href":"https:\/\/www.editionkeiper.at\/shop\/wp-json\/wp\/v2\/yst_prominent_words?post=964"}],"curies":[{"name":"wp","href":"https:\/\/api.w.org\/{rel}","templated":true}]}}