{"id":9638,"date":"2021-11-16T16:04:58","date_gmt":"2021-11-16T15:04:58","guid":{"rendered":"https:\/\/www.editionkeiper.at\/shop\/?post_type=product&#038;p=9638"},"modified":"2022-07-13T12:20:47","modified_gmt":"2022-07-13T10:20:47","slug":"lochstein","status":"publish","type":"product","link":"https:\/\/www.editionkeiper.at\/shop\/produkt\/lochstein\/","title":{"rendered":"Jakob und das Labyrinth im Lochsteinland"},"content":{"rendered":"<h2>Jakob und das Labyrinth im Lochsteinland<\/h2>\n<h4>Fantasy-Roman f\u00fcr Kinder und Jugendliche<\/h4>\n<p>von <a href=\"https:\/\/www.editionkeiper.at\/shop\/schrems-thomas\/\">Thomas Schrems<\/a><\/p>\n<p>Gro\u00dfstadtkind Jakob w\u00e4hnt sich dem M\u00e4rchenalter l\u00e4ngst entwachsen. Dann aber trifft er im Joglland, der alten Heimat seiner Mutter, auf Patritz, den sprechenden Lochstein. Patritz ist in Wahrheit ein verwunschener Bergknappe. Er nimmt Jakob und dessen erbittertste Gegenspielerin, die keppelnde Kathi, mit in die geheimnisumwobenen unterirdischen Felsg\u00e4nge der Region \u2013 und von dort weit zur\u00fcck in die Vergangenheit.<br \/>\nEin entf\u00fchrter \u201eblinder\u201c Drache, ein Ritter, T\u00fcrkenkriege, ein strafender Komet, die Kaiserin u.v.m. \u2013 eine Vielzahl von Abenteuern und Gefahren haben die Kinder und ihr neuer Freund zu bestehen, Pr\u00fcfungen im Gestern, die sie zu einer h\u00f6heren, unvermuteten Wahrheit im Heute f\u00fchren.<\/p>\n<p><strong>Preis:<\/strong> AT \u20ac 25,00 \/ DE \u20ac 24,32<\/p>\n<p><strong>ISBN13: <\/strong>978-3-903322-59-2<\/p>\n<p><strong>Erscheinungsdatum:<\/strong>\u00a0M\u00e4rz 2022<\/p>\n<p><strong>Seiten:<\/strong> ca. 300; durchgehend farbig illustriert<\/p>\n<p><strong>Sprache:<\/strong>\u00a0Deutsch<\/p>\n<p><strong>Format:<\/strong> 16,5 x 23,0 cm; Pappband<\/p>\n<p><a href=\"https:\/\/www.editionkeiper.at\/shop\/wp-content\/uploads\/2021\/11\/Leseprobe_Lochsteinland_Schrems_Fantasy_Jugendbuch_Verlag_Keiper_Graz.pdf\" target=\"_blank\" rel=\"noopener\"><img loading=\"lazy\" loading=\"lazy\" decoding=\"async\" class=\"alignnone size-full wp-image-9320\" src=\"https:\/\/www.editionkeiper.at\/shop\/wp-content\/uploads\/2021\/06\/Leseprobe_Verlag_Keiper.png\" alt=\"\" width=\"90\" height=\"125\" srcset=\"https:\/\/www.editionkeiper.at\/shop\/wp-content\/uploads\/2021\/06\/Leseprobe_Verlag_Keiper.png 90w, https:\/\/www.editionkeiper.at\/shop\/wp-content\/uploads\/2021\/06\/Leseprobe_Verlag_Keiper-7x10.png 7w\" sizes=\"auto, (max-width: 90px) 100vw, 90px\" \/><\/a><\/p>\n<p><a href=\"https:\/\/www.editionkeiper.at\/shop\/wp-content\/uploads\/2021\/11\/Leseprobe5_Lochsteinland_Schrems_Thomas_Fantasy_Roman_Keiper_Verlag.jpg\" target=\"_blank\" rel=\"noopener\"><img loading=\"lazy\" loading=\"lazy\" decoding=\"async\" class=\"alignnone size-medium wp-image-10552\" src=\"https:\/\/www.editionkeiper.at\/shop\/wp-content\/uploads\/2021\/11\/Leseprobe5_Lochsteinland_Schrems_Thomas_Fantasy_Roman_Keiper_Verlag-300x209.jpg\" alt=\"\" width=\"300\" height=\"209\" srcset=\"https:\/\/www.editionkeiper.at\/shop\/wp-content\/uploads\/2021\/11\/Leseprobe5_Lochsteinland_Schrems_Thomas_Fantasy_Roman_Keiper_Verlag-300x209.jpg 300w, https:\/\/www.editionkeiper.at\/shop\/wp-content\/uploads\/2021\/11\/Leseprobe5_Lochsteinland_Schrems_Thomas_Fantasy_Roman_Keiper_Verlag-768x536.jpg 768w, https:\/\/www.editionkeiper.at\/shop\/wp-content\/uploads\/2021\/11\/Leseprobe5_Lochsteinland_Schrems_Thomas_Fantasy_Roman_Keiper_Verlag-10x7.jpg 10w, https:\/\/www.editionkeiper.at\/shop\/wp-content\/uploads\/2021\/11\/Leseprobe5_Lochsteinland_Schrems_Thomas_Fantasy_Roman_Keiper_Verlag-565x394.jpg 565w, https:\/\/www.editionkeiper.at\/shop\/wp-content\/uploads\/2021\/11\/Leseprobe5_Lochsteinland_Schrems_Thomas_Fantasy_Roman_Keiper_Verlag-574x400.jpg 574w, https:\/\/www.editionkeiper.at\/shop\/wp-content\/uploads\/2021\/11\/Leseprobe5_Lochsteinland_Schrems_Thomas_Fantasy_Roman_Keiper_Verlag.jpg 1024w\" sizes=\"auto, (max-width: 300px) 100vw, 300px\" \/><\/a> <a href=\"https:\/\/www.editionkeiper.at\/shop\/wp-content\/uploads\/2021\/11\/Leseprobe4_Lochsteinland_Schrems_Thomas_Fantasy_Roman_Keiper_Verlag.jpg\" target=\"_blank\" rel=\"noopener\"><img loading=\"lazy\" loading=\"lazy\" decoding=\"async\" class=\"alignnone size-medium wp-image-10551\" src=\"https:\/\/www.editionkeiper.at\/shop\/wp-content\/uploads\/2021\/11\/Leseprobe4_Lochsteinland_Schrems_Thomas_Fantasy_Roman_Keiper_Verlag-300x209.jpg\" alt=\"\" width=\"300\" height=\"209\" srcset=\"https:\/\/www.editionkeiper.at\/shop\/wp-content\/uploads\/2021\/11\/Leseprobe4_Lochsteinland_Schrems_Thomas_Fantasy_Roman_Keiper_Verlag-300x209.jpg 300w, https:\/\/www.editionkeiper.at\/shop\/wp-content\/uploads\/2021\/11\/Leseprobe4_Lochsteinland_Schrems_Thomas_Fantasy_Roman_Keiper_Verlag-768x536.jpg 768w, https:\/\/www.editionkeiper.at\/shop\/wp-content\/uploads\/2021\/11\/Leseprobe4_Lochsteinland_Schrems_Thomas_Fantasy_Roman_Keiper_Verlag-10x7.jpg 10w, https:\/\/www.editionkeiper.at\/shop\/wp-content\/uploads\/2021\/11\/Leseprobe4_Lochsteinland_Schrems_Thomas_Fantasy_Roman_Keiper_Verlag-565x394.jpg 565w, https:\/\/www.editionkeiper.at\/shop\/wp-content\/uploads\/2021\/11\/Leseprobe4_Lochsteinland_Schrems_Thomas_Fantasy_Roman_Keiper_Verlag-574x400.jpg 574w, https:\/\/www.editionkeiper.at\/shop\/wp-content\/uploads\/2021\/11\/Leseprobe4_Lochsteinland_Schrems_Thomas_Fantasy_Roman_Keiper_Verlag.jpg 1024w\" sizes=\"auto, (max-width: 300px) 100vw, 300px\" \/><\/a> <a href=\"https:\/\/www.editionkeiper.at\/shop\/wp-content\/uploads\/2021\/11\/Leseprobe3_Lochsteinland_Schrems_Thomas_Fantasy_Roman_Keiper_Verlag.jpg\" target=\"_blank\" rel=\"noopener\"><img loading=\"lazy\" loading=\"lazy\" decoding=\"async\" class=\"alignnone size-medium wp-image-10550\" src=\"https:\/\/www.editionkeiper.at\/shop\/wp-content\/uploads\/2021\/11\/Leseprobe3_Lochsteinland_Schrems_Thomas_Fantasy_Roman_Keiper_Verlag-300x209.jpg\" alt=\"\" width=\"300\" height=\"209\" srcset=\"https:\/\/www.editionkeiper.at\/shop\/wp-content\/uploads\/2021\/11\/Leseprobe3_Lochsteinland_Schrems_Thomas_Fantasy_Roman_Keiper_Verlag-300x209.jpg 300w, https:\/\/www.editionkeiper.at\/shop\/wp-content\/uploads\/2021\/11\/Leseprobe3_Lochsteinland_Schrems_Thomas_Fantasy_Roman_Keiper_Verlag-768x536.jpg 768w, https:\/\/www.editionkeiper.at\/shop\/wp-content\/uploads\/2021\/11\/Leseprobe3_Lochsteinland_Schrems_Thomas_Fantasy_Roman_Keiper_Verlag-10x7.jpg 10w, https:\/\/www.editionkeiper.at\/shop\/wp-content\/uploads\/2021\/11\/Leseprobe3_Lochsteinland_Schrems_Thomas_Fantasy_Roman_Keiper_Verlag-565x394.jpg 565w, https:\/\/www.editionkeiper.at\/shop\/wp-content\/uploads\/2021\/11\/Leseprobe3_Lochsteinland_Schrems_Thomas_Fantasy_Roman_Keiper_Verlag-574x400.jpg 574w, https:\/\/www.editionkeiper.at\/shop\/wp-content\/uploads\/2021\/11\/Leseprobe3_Lochsteinland_Schrems_Thomas_Fantasy_Roman_Keiper_Verlag.jpg 1024w\" sizes=\"auto, (max-width: 300px) 100vw, 300px\" \/><\/a> <a href=\"https:\/\/www.editionkeiper.at\/shop\/wp-content\/uploads\/2021\/11\/Leseprobe2_Lochsteinland_Schrems_Thomas_Fantasy_Roman_Keiper_Verlag.jpg\" target=\"_blank\" rel=\"noopener\"><img loading=\"lazy\" loading=\"lazy\" decoding=\"async\" class=\"alignnone size-medium wp-image-10549\" src=\"https:\/\/www.editionkeiper.at\/shop\/wp-content\/uploads\/2021\/11\/Leseprobe2_Lochsteinland_Schrems_Thomas_Fantasy_Roman_Keiper_Verlag-300x209.jpg\" alt=\"\" width=\"300\" height=\"209\" srcset=\"https:\/\/www.editionkeiper.at\/shop\/wp-content\/uploads\/2021\/11\/Leseprobe2_Lochsteinland_Schrems_Thomas_Fantasy_Roman_Keiper_Verlag-300x209.jpg 300w, https:\/\/www.editionkeiper.at\/shop\/wp-content\/uploads\/2021\/11\/Leseprobe2_Lochsteinland_Schrems_Thomas_Fantasy_Roman_Keiper_Verlag-768x536.jpg 768w, https:\/\/www.editionkeiper.at\/shop\/wp-content\/uploads\/2021\/11\/Leseprobe2_Lochsteinland_Schrems_Thomas_Fantasy_Roman_Keiper_Verlag-10x7.jpg 10w, https:\/\/www.editionkeiper.at\/shop\/wp-content\/uploads\/2021\/11\/Leseprobe2_Lochsteinland_Schrems_Thomas_Fantasy_Roman_Keiper_Verlag-565x394.jpg 565w, https:\/\/www.editionkeiper.at\/shop\/wp-content\/uploads\/2021\/11\/Leseprobe2_Lochsteinland_Schrems_Thomas_Fantasy_Roman_Keiper_Verlag-574x400.jpg 574w, https:\/\/www.editionkeiper.at\/shop\/wp-content\/uploads\/2021\/11\/Leseprobe2_Lochsteinland_Schrems_Thomas_Fantasy_Roman_Keiper_Verlag.jpg 1024w\" sizes=\"auto, (max-width: 300px) 100vw, 300px\" \/><\/a><\/p>\n","protected":false},"excerpt":{"rendered":"<p>Was ist dran an den alten Sagen &amp; Mythen, wieweit wirken sie ins Heute?<br \/>\nEin Fantasy-Roman f\u00fcr Kinder und Jugendliche ab 11 Jahren, der quer durch die Jahrhunderte segelt \u2013 zauberhaft mysteri\u00f6s und doch hautnah an den Lebensrealit\u00e4ten unserer Tage.<\/p>\n<ul>\n<li>Eine Geschichte \u00fcber Freundschaft, Identit\u00e4t und den unersch\u00fctterlichen Glauben an das Unglaubliche.<\/li>\n<li>Zeitreisen durch die Unterwelt an echte, teils pr\u00e4historische Schaupl\u00e4tze.<\/li>\n<li>Mitrei\u00dfend, farbenfroh und voller verbl\u00fcffender Wendungen.<\/li>\n<\/ul>\n","protected":false},"featured_media":10553,"comment_status":"closed","ping_status":"closed","template":"","meta":[],"etheme_brands":[],"product_brand":[],"product_cat":[3689,1089,3690],"product_tag":[4103,153,4110,4111,1094,113,4115,4107,4109,2944,595,4114,4104,4108,4116,4112,4113,4106,4105],"yst_prominent_words":[3232],"class_list":{"0":"post-9638","1":"product","2":"type-product","3":"status-publish","4":"has-post-thumbnail","6":"product_cat-abenteuerromane","7":"product_cat-fantasy","8":"product_cat-jugendromane","9":"product_tag-ab-11-jahren","10":"product_tag-abenteuer","11":"product_tag-bergknappe","12":"product_tag-drachen","13":"product_tag-fantasy","14":"product_tag-freundschaft","15":"product_tag-gefahren","16":"product_tag-identitaet","17":"product_tag-joglland","18":"product_tag-jugendliche","19":"product_tag-kinder","20":"product_tag-komet","21":"product_tag-lochsteinland","22":"product_tag-praehistorische-schauplaetze","23":"product_tag-pruefungen","24":"product_tag-ritter","25":"product_tag-tuerkenkriege","26":"product_tag-unterwelt","27":"product_tag-zeitreise","29":"first","30":"instock","31":"shipping-taxable","32":"purchasable","33":"product-type-simple"},"_links":{"self":[{"href":"https:\/\/www.editionkeiper.at\/shop\/wp-json\/wp\/v2\/product\/9638","targetHints":{"allow":["GET"]}}],"collection":[{"href":"https:\/\/www.editionkeiper.at\/shop\/wp-json\/wp\/v2\/product"}],"about":[{"href":"https:\/\/www.editionkeiper.at\/shop\/wp-json\/wp\/v2\/types\/product"}],"replies":[{"embeddable":true,"href":"https:\/\/www.editionkeiper.at\/shop\/wp-json\/wp\/v2\/comments?post=9638"}],"wp:featuredmedia":[{"embeddable":true,"href":"https:\/\/www.editionkeiper.at\/shop\/wp-json\/wp\/v2\/media\/10553"}],"wp:attachment":[{"href":"https:\/\/www.editionkeiper.at\/shop\/wp-json\/wp\/v2\/media?parent=9638"}],"wp:term":[{"taxonomy":"brand","embeddable":true,"href":"https:\/\/www.editionkeiper.at\/shop\/wp-json\/wp\/v2\/etheme_brands?post=9638"},{"taxonomy":"product_brand","embeddable":true,"href":"https:\/\/www.editionkeiper.at\/shop\/wp-json\/wp\/v2\/product_brand?post=9638"},{"taxonomy":"product_cat","embeddable":true,"href":"https:\/\/www.editionkeiper.at\/shop\/wp-json\/wp\/v2\/product_cat?post=9638"},{"taxonomy":"product_tag","embeddable":true,"href":"https:\/\/www.editionkeiper.at\/shop\/wp-json\/wp\/v2\/product_tag?post=9638"},{"taxonomy":"yst_prominent_words","embeddable":true,"href":"https:\/\/www.editionkeiper.at\/shop\/wp-json\/wp\/v2\/yst_prominent_words?post=9638"}],"curies":[{"name":"wp","href":"https:\/\/api.w.org\/{rel}","templated":true}]}}