{"id":9636,"date":"2022-01-18T17:12:53","date_gmt":"2022-01-18T16:12:53","guid":{"rendered":"https:\/\/www.editionkeiper.at\/shop\/?post_type=product&#038;p=9636"},"modified":"2022-07-13T12:37:05","modified_gmt":"2022-07-13T10:37:05","slug":"alfred-resch-diaz-saemtliche-werke-1981-2021","status":"publish","type":"product","link":"https:\/\/www.editionkeiper.at\/shop\/produkt\/alfred-resch-diaz-saemtliche-werke-1981-2021\/","title":{"rendered":"Alfred Resch-D\u00edaz S\u00e4mtliche Werke 1981 \u2013 2021"},"content":{"rendered":"<h2>Alfred Resch-D\u00edaz: S\u00e4mtliche Werke 1981 \u2013 2021<\/h2>\n<p>von Aurora Maria D\u00edaz Valdivia (Hg.)<\/p>\n<p>Im Diskurs \u00fcber die Vielseitigkeit in der visuellen Kunst k\u00f6nnte man Alfred Reschs Schaffen exemplarisch f\u00fcr die Suche nach praktisch all ihren Auspr\u00e4gungen und deren Erprobung anf\u00fchren: von der Fotografie \u00fcber die Malerei, von Installationen, Collagen, Skulpturen zu Land Art und Video Art bis hin zu Ausfl\u00fcgen in die Welt der Mode. Mit au\u00dferordentlicher Originalit\u00e4t man\u00f6vrierte er in den 40 Jahren seiner T\u00e4tigkeit von einem Werk zum n\u00e4chsten und schuf Referenzwerke f\u00fcr die Kunst seiner Zeit.<\/p>\n<p><strong>Preis:<\/strong> AT \u20ac 45,00 \/ DE \u20ac 43,77<\/p>\n<p><strong>ISBN13: <\/strong>978-3-903322-58-5<\/p>\n<p><strong>Erscheinungsdatum:<\/strong>\u00a0Juni 2022<\/p>\n<p><strong>Seiten:\u00a0<\/strong>ca. 702 Seiten (2 B\u00e4nde); \u00fcber 2000 Farbabbildungen<\/p>\n<p><strong>Sprache:<\/strong> Englisch\/Deutsch<\/p>\n<p><strong>Format:<\/strong> 290 x 220 mm cm; Klappenbroschur<\/p>\n","protected":false},"excerpt":{"rendered":"<p>Als Hommage an die vierzigj\u00e4hrige Karriere von Alfred Resch-Diaz entstand die Idee, sein umfangreiches k\u00fcnstlerisches Schaffen zu erforschen, zu erfassen, zu katalogisieren und als <em>Catalogue raisonn\u00e9<\/em> in zwei B\u00e4nden zu publizieren.<\/p>\n<ul>\n<li>Das \u00fcberraschende Universum eines \u00f6sterreichischen Bildenden K\u00fcnstlers im Spiegel seiner Werke.<\/li>\n<li>Eine grafische Geschichtsschreibung der Entwicklung kreativen Potenzials in \u00fcber 2000 Abbildungen.<\/li>\n<li>Ein Forschender in der Kunstwelt auf der Suche nach den positiven<br \/>\nGegebenheiten und Entwicklungen des Daseins.<\/li>\n<\/ul>\n","protected":false},"featured_media":9885,"comment_status":"closed","ping_status":"closed","template":"","meta":[],"etheme_brands":[],"product_brand":[],"product_cat":[1364],"product_tag":[4050,1033,4048,4039,4042,4040,4041,124,4047,4038,864,697,294,4044,4049,979,4043,4051,4046,4045],"yst_prominent_words":[3473],"class_list":{"0":"post-9636","1":"product","2":"type-product","3":"status-publish","4":"has-post-thumbnail","6":"product_cat-kunst-und-fotografie","7":"product_tag-40-jahre-kunst","8":"product_tag-alfred-resch","9":"product_tag-collagen","10":"product_tag-designer","11":"product_tag-elektriker","12":"product_tag-erfinder","13":"product_tag-forscher","14":"product_tag-fotografie","15":"product_tag-installationen","16":"product_tag-jubilaeumswerk","17":"product_tag-kreativitaet","18":"product_tag-kunstbuch","19":"product_tag-kuenstler","20":"product_tag-kunstwelt","21":"product_tag-licht","22":"product_tag-malerei","23":"product_tag-mode","24":"product_tag-referenzwerke","25":"product_tag-skulpturen","26":"product_tag-visuelle-kunst","28":"first","29":"instock","30":"shipping-taxable","31":"purchasable","32":"product-type-simple"},"_links":{"self":[{"href":"https:\/\/www.editionkeiper.at\/shop\/wp-json\/wp\/v2\/product\/9636","targetHints":{"allow":["GET"]}}],"collection":[{"href":"https:\/\/www.editionkeiper.at\/shop\/wp-json\/wp\/v2\/product"}],"about":[{"href":"https:\/\/www.editionkeiper.at\/shop\/wp-json\/wp\/v2\/types\/product"}],"replies":[{"embeddable":true,"href":"https:\/\/www.editionkeiper.at\/shop\/wp-json\/wp\/v2\/comments?post=9636"}],"wp:featuredmedia":[{"embeddable":true,"href":"https:\/\/www.editionkeiper.at\/shop\/wp-json\/wp\/v2\/media\/9885"}],"wp:attachment":[{"href":"https:\/\/www.editionkeiper.at\/shop\/wp-json\/wp\/v2\/media?parent=9636"}],"wp:term":[{"taxonomy":"brand","embeddable":true,"href":"https:\/\/www.editionkeiper.at\/shop\/wp-json\/wp\/v2\/etheme_brands?post=9636"},{"taxonomy":"product_brand","embeddable":true,"href":"https:\/\/www.editionkeiper.at\/shop\/wp-json\/wp\/v2\/product_brand?post=9636"},{"taxonomy":"product_cat","embeddable":true,"href":"https:\/\/www.editionkeiper.at\/shop\/wp-json\/wp\/v2\/product_cat?post=9636"},{"taxonomy":"product_tag","embeddable":true,"href":"https:\/\/www.editionkeiper.at\/shop\/wp-json\/wp\/v2\/product_tag?post=9636"},{"taxonomy":"yst_prominent_words","embeddable":true,"href":"https:\/\/www.editionkeiper.at\/shop\/wp-json\/wp\/v2\/yst_prominent_words?post=9636"}],"curies":[{"name":"wp","href":"https:\/\/api.w.org\/{rel}","templated":true}]}}