{"id":963,"date":"2014-04-11T14:20:05","date_gmt":"2014-04-11T12:20:05","guid":{"rendered":"https:\/\/www.editionkeiper.at\/shop\/produkt\/giesebrecht-kater-und-die-kraft-der-reime\/"},"modified":"2021-03-08T21:32:53","modified_gmt":"2021-03-08T20:32:53","slug":"giesebrecht-kater-und-die-kraft-der-reime","status":"publish","type":"product","link":"https:\/\/www.editionkeiper.at\/shop\/produkt\/giesebrecht-kater-und-die-kraft-der-reime\/","title":{"rendered":"Giesebrecht Kater und die Kraft der Reime"},"content":{"rendered":"<h2>Giesebrecht Kater und die Kraft der Reime<\/h2>\n<p><strong>Ein Lachroman<\/strong><\/p>\n<p>von\u00a0<strong><a href=\"https:\/\/www.editionkeiper.at\/shop\/pelzl-bernhard-m\/\"> Bernhard M. Pelzl<\/a><br \/>\n<\/strong><\/p>\n<p>Eine h\u00f6chst erstaunliche Geschichte zur Entdeckung der heilsamen Wirkung von Reimen auf die Seele durch den miesels\u00fcchtigen Bibliothekar Giesebrecht Kater und wie er dadurch sein Gl\u00fcck fand: Der verklemmte Giesebrecht Kater entdeckt, dass Reime sein Gem\u00fct aufhellen und eine angenehme Fr\u00f6hlichkeit in ihm erzeugen. Da redet er nur noch in Reimen, ver\u00e4ndert so sein Leben und revolutioniert schlie\u00dflich per Reim die Gesellschaft und &#8211; die Psychotherapie.<\/p>\n<p>&nbsp;<\/p>\n<p><strong>Preis:<\/strong> AT \u20ac 16,50 \/ DE \u20ac 16.05<\/p>\n<p><strong>Seiten:<\/strong>\u00a0120<\/p>\n<p><strong>ISBN13:<\/strong>\u00a0978-3-902901-16-3<\/p>\n<p><strong>Erscheinungsdatum:<\/strong>\u00a011.04.2014<\/p>\n<p><strong>Sprache:<\/strong>\u00a0Deutsch<\/p>\n<p><strong>Format:<\/strong>\u00a020,0 x 12,0 cm;\u00a0Paperback;\u00a0Buch (nicht weiter definiert)<\/p>\n","protected":false},"excerpt":{"rendered":"<p>Eine h\u00f6chst erstaunliche Geschichte zur Entdeckung der heilsamen Wirkung von Reimen auf die Seele durch den miesels\u00fcchtigen Bibliothekar Giesebrecht Kater und wie er dadurch sein Gl\u00fcck fand: Der verklemmte Giesebrecht Kater entdeckt, dass Reime sein Gem\u00fct aufhellen und eine angenehme Fr\u00f6hlichkeit in ihm erzeugen.<\/p>\n","protected":false},"featured_media":1517,"comment_status":"closed","ping_status":"closed","template":"","meta":[],"etheme_brands":[],"product_brand":[],"product_cat":[3687],"product_tag":[1005,307,117,1011,1009,334,1006,1008,1010,218,1007],"yst_prominent_words":[],"class_list":{"0":"post-963","1":"product","2":"type-product","3":"status-publish","4":"has-post-thumbnail","6":"product_cat-romane","7":"product_tag-froehlichkeit","8":"product_tag-humor","9":"product_tag-keiper","10":"product_tag-lachroman","11":"product_tag-medienwissenschaft","12":"product_tag-pelzl","13":"product_tag-psychotherapie","14":"product_tag-reim","15":"product_tag-reimen","16":"product_tag-roman","17":"product_tag-universitaet","19":"first","20":"instock","21":"shipping-taxable","22":"purchasable","23":"product-type-simple"},"_links":{"self":[{"href":"https:\/\/www.editionkeiper.at\/shop\/wp-json\/wp\/v2\/product\/963","targetHints":{"allow":["GET"]}}],"collection":[{"href":"https:\/\/www.editionkeiper.at\/shop\/wp-json\/wp\/v2\/product"}],"about":[{"href":"https:\/\/www.editionkeiper.at\/shop\/wp-json\/wp\/v2\/types\/product"}],"replies":[{"embeddable":true,"href":"https:\/\/www.editionkeiper.at\/shop\/wp-json\/wp\/v2\/comments?post=963"}],"wp:featuredmedia":[{"embeddable":true,"href":"https:\/\/www.editionkeiper.at\/shop\/wp-json\/wp\/v2\/media\/1517"}],"wp:attachment":[{"href":"https:\/\/www.editionkeiper.at\/shop\/wp-json\/wp\/v2\/media?parent=963"}],"wp:term":[{"taxonomy":"brand","embeddable":true,"href":"https:\/\/www.editionkeiper.at\/shop\/wp-json\/wp\/v2\/etheme_brands?post=963"},{"taxonomy":"product_brand","embeddable":true,"href":"https:\/\/www.editionkeiper.at\/shop\/wp-json\/wp\/v2\/product_brand?post=963"},{"taxonomy":"product_cat","embeddable":true,"href":"https:\/\/www.editionkeiper.at\/shop\/wp-json\/wp\/v2\/product_cat?post=963"},{"taxonomy":"product_tag","embeddable":true,"href":"https:\/\/www.editionkeiper.at\/shop\/wp-json\/wp\/v2\/product_tag?post=963"},{"taxonomy":"yst_prominent_words","embeddable":true,"href":"https:\/\/www.editionkeiper.at\/shop\/wp-json\/wp\/v2\/yst_prominent_words?post=963"}],"curies":[{"name":"wp","href":"https:\/\/api.w.org\/{rel}","templated":true}]}}