{"id":960,"date":"2014-05-12T14:20:05","date_gmt":"2014-05-12T12:20:05","guid":{"rendered":"https:\/\/www.editionkeiper.at\/shop\/produkt\/k-u-l-m-mitteilungen-1\/"},"modified":"2021-03-08T21:34:11","modified_gmt":"2021-03-08T20:34:11","slug":"k-u-l-m-mitteilungen-1","status":"publish","type":"product","link":"https:\/\/www.editionkeiper.at\/shop\/produkt\/k-u-l-m-mitteilungen-1\/","title":{"rendered":"K.U.L.M. Mitteilungen 1"},"content":{"rendered":"<h2>K.U.L.M. Mitteilungen 1<\/h2>\n<p><strong>K.U.L.M.erde \u2013 warum verstehen wir Natur nicht?<\/strong><\/p>\n<p>Herausgegeben von <a href=\"https:\/\/www.editionkeiper.at\/shop\/frankenberger-richard\/\" rel=\"noopener\">Richard Frankenberger<\/a>; Einleitung von Erwin Fiala,<\/p>\n<p>Auf die menschlich (technisch, chemisch, genetisch, agrar\u00f6konomisch etc.) verursachten Ver\u00e4nderungen des sogenannten \u00f6kologischen Gleichgewichts &#8218;antwortet&#8216; die Natur paradoxerweise im Grunde ganz &#8217;nat\u00fcrlich&#8216;, d. h. sie folgt ihrer &#8217;systemischen Logik&#8216; \u2013 diese erscheint dem Menschen f\u00e4lschlicherweise als &#8218;Naturkatastrophe&#8216;. F\u00e4lschlicherweise deshalb, weil Krisen und Katastrophen der Natur lediglich &#8218;Kulturkrisen und Kulturkatastrophen&#8216; sind. Dies zeigt: Der Mensch &#8218;versteht&#8216; Natur nicht! Die entscheidenden Fragestellungen, die sich aus dieser Situation ergeben, m\u00fcssen darauf abzielen, zu untersuchen, warum das Ph\u00e4nomen &#8218;Natur&#8216; bzw. \u00d6kologie im Grunde nicht ad\u00e4quat verstanden wird. Nur dadurch kann erkennbar werden, welche (\u00f6konomischen, sozialen, technischen, \u00e4sthetischen\u2026) Bewusstseins- und Verhaltensmuster dieses fundamentale Missverstehen von Natur bedingen. K.U.L.M.erde 2013-2015 &#8218;provoziert&#8216; k\u00fcnstlerische und wissenschaftliche Perspektiven zum (Miss-)Verstehen der Natur! www.editionkeiper.at<\/p>\n<p>&nbsp;<\/p>\n<p><strong>Preis:<\/strong> AT \u20ac 24,50 \/ DE \u20ac 23.83<\/p>\n<p><strong>Seiten:<\/strong>\u00a0152<\/p>\n<p><strong>ISBN13:<\/strong>\u00a0978-3-902901-55-2<\/p>\n<p><strong>Erscheinungsdatum:<\/strong>\u00a012.05.2014<\/p>\n<p><strong>Sprache:<\/strong>\u00a0Deutsch<\/p>\n<p><strong>Format:<\/strong>\u00a021,0 x 14,8 cm;\u00a0Paperback;\u00a0Buch flexibler Einband (Paperback)<\/p>\n","protected":false},"excerpt":{"rendered":"<p>Auf die menschlich (technisch, chemisch, genetisch, agrar\u00f6konomisch etc.) verursachten Ver\u00e4nderungen des sogenannten \u00f6kologischen Gleichgewichts &#8218;antwortet&#8216; die Natur paradoxerweise im Grunde ganz &#8217;nat\u00fcrlich&#8216;, d. h. sie folgt ihrer &#8217;systemischen Logik&#8216; \u2013 diese erscheint dem Menschen f\u00e4lschlicherweise als &#8218;Naturkatastrophe&#8216;. F\u00e4lschlicherweise deshalb, weil Krisen und Katastrophen der Natur lediglich &#8218;Kulturkrisen und Kulturkatastrophen&#8216; sind.<\/p>\n","protected":false},"featured_media":1423,"comment_status":"closed","ping_status":"closed","template":"","meta":[],"etheme_brands":[],"product_brand":[],"product_cat":[1364],"product_tag":[911,356,973,982,774,987,772,117,975,119,985,697,294,980,976,978,348,979,133,986,668,899,984,260,983,981,977,890,974],"yst_prominent_words":[],"class_list":{"0":"post-960","1":"product","2":"type-product","3":"status-publish","4":"has-post-thumbnail","6":"product_cat-kunst-und-fotografie","7":"product_tag-buch","8":"product_tag-edition-keiper","9":"product_tag-erde","10":"product_tag-fiala-erwin","11":"product_tag-frankenberger","12":"product_tag-graffiti-haus","13":"product_tag-k-u-l-m","14":"product_tag-keiper","15":"product_tag-klimawandel","16":"product_tag-kunst","17":"product_tag-kunst-im-laendlichen-raum","18":"product_tag-kunstbuch","19":"product_tag-kuenstler","20":"product_tag-kuenstlerisch","21":"product_tag-kuenstlerkollektiv","22":"product_tag-landschaft","23":"product_tag-literatur","24":"product_tag-malerei","25":"product_tag-natur","26":"product_tag-naturkatastrophen","27":"product_tag-neuerscheinung","28":"product_tag-oekologie","29":"product_tag-oekologisch","30":"product_tag-oststeiermark","31":"product_tag-pflanzen","32":"product_tag-pischelsdorf","33":"product_tag-steirischer-herbst","34":"product_tag-umwelt","35":"product_tag-zeitgenoessische-kunst","37":"first","38":"instock","39":"shipping-taxable","40":"purchasable","41":"product-type-simple"},"_links":{"self":[{"href":"https:\/\/www.editionkeiper.at\/shop\/wp-json\/wp\/v2\/product\/960","targetHints":{"allow":["GET"]}}],"collection":[{"href":"https:\/\/www.editionkeiper.at\/shop\/wp-json\/wp\/v2\/product"}],"about":[{"href":"https:\/\/www.editionkeiper.at\/shop\/wp-json\/wp\/v2\/types\/product"}],"replies":[{"embeddable":true,"href":"https:\/\/www.editionkeiper.at\/shop\/wp-json\/wp\/v2\/comments?post=960"}],"wp:featuredmedia":[{"embeddable":true,"href":"https:\/\/www.editionkeiper.at\/shop\/wp-json\/wp\/v2\/media\/1423"}],"wp:attachment":[{"href":"https:\/\/www.editionkeiper.at\/shop\/wp-json\/wp\/v2\/media?parent=960"}],"wp:term":[{"taxonomy":"brand","embeddable":true,"href":"https:\/\/www.editionkeiper.at\/shop\/wp-json\/wp\/v2\/etheme_brands?post=960"},{"taxonomy":"product_brand","embeddable":true,"href":"https:\/\/www.editionkeiper.at\/shop\/wp-json\/wp\/v2\/product_brand?post=960"},{"taxonomy":"product_cat","embeddable":true,"href":"https:\/\/www.editionkeiper.at\/shop\/wp-json\/wp\/v2\/product_cat?post=960"},{"taxonomy":"product_tag","embeddable":true,"href":"https:\/\/www.editionkeiper.at\/shop\/wp-json\/wp\/v2\/product_tag?post=960"},{"taxonomy":"yst_prominent_words","embeddable":true,"href":"https:\/\/www.editionkeiper.at\/shop\/wp-json\/wp\/v2\/yst_prominent_words?post=960"}],"curies":[{"name":"wp","href":"https:\/\/api.w.org\/{rel}","templated":true}]}}