{"id":959,"date":"2015-09-16T14:20:05","date_gmt":"2015-09-16T12:20:05","guid":{"rendered":"https:\/\/www.editionkeiper.at\/shop\/produkt\/muessen-freimaurer-vampire-jagen\/"},"modified":"2021-03-08T21:49:21","modified_gmt":"2021-03-08T20:49:21","slug":"muessen-freimaurer-vampire-jagen","status":"publish","type":"product","link":"https:\/\/www.editionkeiper.at\/shop\/produkt\/muessen-freimaurer-vampire-jagen\/","title":{"rendered":"M\u00fcssen Freimaurer Vampire jagen?"},"content":{"rendered":"<h2>M\u00fcssen Freimaurer Vampire jagen?<\/h2>\n<p><strong>Wahre Geschichten \u00fcber Freimaurerpers\u00f6nlichkeiten.<\/strong><\/p>\n<p>von <strong><a href=\"https:\/\/www.editionkeiper.at\/shop\/ney-dieter\/\">Dieter Ney<\/a><br \/>\n<\/strong><\/p>\n<p>Dieses Buch widmet sich nicht der Freimaurerei \u2013 auch wenn von ihr unvermeidlich die Rede ist \u2013, es widmet sich Freimaurern, von denen es sich zu erz\u00e4hlen lohnt: gescheiterten, erfolgreichen, vorbildlichen, sich emp\u00f6renden und Reformern. Es handelt u. a. vom j\u00fcdischen Unternehmer Theodor Tobler, von seiner ber\u00fchmten Schokolade, aber auch von seinem Engagement in einem Prozess, in dem es um das verschw\u00f6rungstheoretische Pamphlet der Protokolle der Weisen von Zion ging, und vom Pazifisten Henri La Fontaine, der von der Idee \u00fcberzeugt war, dass das Zug\u00e4nglichmachen des Weltwissens dem Weltfrieden f\u00f6rderlich sein wird, und eine Art Zettelkasten-Google erschaffen hat. Es erz\u00e4hlt die abenteuerliche Geschichte des Chevalier d\u2019\u00c9on, eines Spions im Dienste des franz\u00f6sischen K\u00f6nigs, der weite Teile seines Lebens als Frau lebte, und von Schriftstellern wie Eduard Douwes Dekker alias Multatuli, dessen antikolonialistischer Roman <em>Max Havelaar<\/em> als wichtigster der niederl\u00e4ndischen Sprache gilt, oder Felix Salten, der tragischerweise von seinen beiden gr\u00f6\u00dften literarischen Erfolgen (<em>Bambi, eine Geschichte aus dem Walde<\/em> und <em>Josefine Mutzenbacher<\/em>) finanziell nicht profitieren konnte. Es ist die Rede von so verschiedenen Medizinern wie Gerard van Swieten, dem aufgekl\u00e4rten niederl\u00e4ndischen Leibarzt von Maria-Theresia, der aufgrund seines Kampfes gegen den Aberglauben des Vampirismus unfreiwillig zum Vorbild f\u00fcr den Vampirj\u00e4ger Abraham Van Helsing in Bram Stokers <em>Dracula<\/em> wurde, Joseph-Ignace Guillotin, dem Namensgeber der Guillotine, und Friedrich K\u00fcchenmeister, dem Pionier im Kampf um die Etablierung der Verbrennung als Bestattungsmethode.<\/p>\n<p>&nbsp;<\/p>\n<p><strong>Preis:<\/strong> AT \u20ac 18,70 \/ DE \u20ac 18.19<\/p>\n<p><strong>Seiten:<\/strong>\u00a0224<\/p>\n<p><strong>ISBN13:<\/strong>\u00a0978-3-902901-51-4<\/p>\n<p><strong>Erscheinungsdatum:<\/strong>\u00a016.09.2015<\/p>\n<p><strong>Sprache:<\/strong>\u00a0Deutsch<\/p>\n<p><strong>Format:<\/strong>\u00a020,0 x 12,0 cm; flexibler Einband (Paperback)<\/p>\n","protected":false},"excerpt":{"rendered":"<p>Dieses Buch widmet sich nicht der Freimaurerei \u2013 auch wenn von ihr unvermeidlich die Rede ist \u2013, es widmet sich Freimaurern, von denen es sich zu erz\u00e4hlen lohnt: gescheiterten, erfolgreichen, vorbildlichen, sich emp\u00f6renden und Reformern. Es handelt u. a. vom j\u00fcdischen Unternehmer Theodor Tobler, von seiner ber\u00fchmten Schokolade, aber auch von seinem Engagement in einem Prozess, in dem es um das verschw\u00f6rungstheoretische Pamphlet der Protokolle der Weisen von Zion ging, und vom Pazifisten Henri La Fontaine, der von der Idee \u00fcberzeugt war, dass das Zug\u00e4nglichmachen des Weltwissens dem Weltfrieden f\u00f6rderlich sein wird, und eine Art Zettelkasten-Google erschaffen hat.<\/p>\n","protected":false},"featured_media":1515,"comment_status":"closed","ping_status":"closed","template":"","meta":[],"etheme_brands":[],"product_brand":[],"product_cat":[3089,3685],"product_tag":[950,956,336,964,957,955,952,969,971,356,577,966,970,965,968,593,953,951,590,963,117,348,954,972,668,967,962,961,958,959,960],"yst_prominent_words":[3186],"class_list":{"0":"post-959","1":"product","2":"type-product","3":"status-publish","4":"has-post-thumbnail","6":"product_cat-biografie","7":"product_cat-erzaehlungen","8":"product_tag-akademie-forum-masonicum-e-v","9":"product_tag-bambi","10":"product_tag-belletristik","11":"product_tag-beruehmte-persoenlichkeiten","12":"product_tag-bestattungsmethode","13":"product_tag-bonn","14":"product_tag-chevalier-deon","15":"product_tag-deutschland","16":"product_tag-dieter-ney","17":"product_tag-edition-keiper","18":"product_tag-erzaehlungen","19":"product_tag-felix-salten","20":"product_tag-freimaurer","21":"product_tag-freimaurerei","22":"product_tag-freimaurerpersoenlichkeiten","23":"product_tag-geschichte","24":"product_tag-guillotin","25":"product_tag-henri-la-fontaine","26":"product_tag-historisch","27":"product_tag-historische-persoenlichkeiten","28":"product_tag-keiper","29":"product_tag-literatur","30":"product_tag-loge","31":"product_tag-mutzenbacher","32":"product_tag-neuerscheinung","33":"product_tag-ney","34":"product_tag-swieten","35":"product_tag-tobler","36":"product_tag-toblerone","37":"product_tag-vampire","38":"product_tag-wahre-geschichten","40":"first","41":"instock","42":"shipping-taxable","43":"purchasable","44":"product-type-simple"},"_links":{"self":[{"href":"https:\/\/www.editionkeiper.at\/shop\/wp-json\/wp\/v2\/product\/959","targetHints":{"allow":["GET"]}}],"collection":[{"href":"https:\/\/www.editionkeiper.at\/shop\/wp-json\/wp\/v2\/product"}],"about":[{"href":"https:\/\/www.editionkeiper.at\/shop\/wp-json\/wp\/v2\/types\/product"}],"replies":[{"embeddable":true,"href":"https:\/\/www.editionkeiper.at\/shop\/wp-json\/wp\/v2\/comments?post=959"}],"wp:featuredmedia":[{"embeddable":true,"href":"https:\/\/www.editionkeiper.at\/shop\/wp-json\/wp\/v2\/media\/1515"}],"wp:attachment":[{"href":"https:\/\/www.editionkeiper.at\/shop\/wp-json\/wp\/v2\/media?parent=959"}],"wp:term":[{"taxonomy":"brand","embeddable":true,"href":"https:\/\/www.editionkeiper.at\/shop\/wp-json\/wp\/v2\/etheme_brands?post=959"},{"taxonomy":"product_brand","embeddable":true,"href":"https:\/\/www.editionkeiper.at\/shop\/wp-json\/wp\/v2\/product_brand?post=959"},{"taxonomy":"product_cat","embeddable":true,"href":"https:\/\/www.editionkeiper.at\/shop\/wp-json\/wp\/v2\/product_cat?post=959"},{"taxonomy":"product_tag","embeddable":true,"href":"https:\/\/www.editionkeiper.at\/shop\/wp-json\/wp\/v2\/product_tag?post=959"},{"taxonomy":"yst_prominent_words","embeddable":true,"href":"https:\/\/www.editionkeiper.at\/shop\/wp-json\/wp\/v2\/yst_prominent_words?post=959"}],"curies":[{"name":"wp","href":"https:\/\/api.w.org\/{rel}","templated":true}]}}