{"id":953,"date":"2014-09-05T14:20:05","date_gmt":"2014-09-05T12:20:05","guid":{"rendered":"https:\/\/www.editionkeiper.at\/shop\/produkt\/als-die-fische-tanzen-lernten\/"},"modified":"2021-03-08T21:37:40","modified_gmt":"2021-03-08T20:37:40","slug":"als-die-fische-tanzen-lernten","status":"publish","type":"product","link":"https:\/\/www.editionkeiper.at\/shop\/produkt\/als-die-fische-tanzen-lernten\/","title":{"rendered":"Als die Fische tanzen lernten"},"content":{"rendered":"<h2>Als die Fische tanzen lernten<\/h2>\n<p><strong>Ein Umweltschutzbuch f\u00fcr Kinder.<\/strong><\/p>\n<p>von <strong><a href=\"https:\/\/www.editionkeiper.at\/shop\/schoenbacher-frischenschlager-monika\/\">Monika Sch\u00f6nbacher-Frischenschlager<\/a><br \/>\n<\/strong><\/p>\n<p>Zeichnungen von Sch\u00f6nbacher-Frischenschlager, Monika<\/p>\n<p>Immer und immer wieder versenken Menschen Abf\u00e4lle im Meer: F\u00e4sser mit Giftm\u00fcll. Abw\u00e4sser. Chemikalien. Plastik. Fische und V\u00f6gel, die sich aus dem Meer ern\u00e4hren, sterben. Da f\u00e4rbt sich das Meer blutrot. Endlich beginnen die Menschen nachzudenken und beschlie\u00dfen gemeinsam, das Meer zu retten. Und sie schaffen es tats\u00e4chlich \u2013 denn wenn alle gemeinsam etwas beschlie\u00dfen, dann gelingt es auch\u2026 Die K\u00fcnstlerin Monika Sch\u00f6nbacher-Frischenschlager hat sich im Laufe mehrerer Jahre schwerpunktm\u00e4\u00dfig den Themenbereichen &#8218;Umweltschutz&#8216; und &#8218;Gesellschaftspolitik&#8216; gewidmet. Daraus ist eine Reihe gro\u00dfformatiger Bilder und Installationen entstanden, die nun \u2013 mit kindgerechten Texten versehen \u2013 als &#8218;kunstp\u00e4dagogisches&#8216; Buch vorliegen. Die Bilder werden im Verlauf der Geschichte abstrakter, lassen aber durch die ansprechenden Texte das Geschehen optisch wunderbar nachvollziehen. Ein Pl\u00e4doyer f\u00fcr die Erhaltung der Meere und ihrer Fauna und Flora! www.editionkeiper.at<\/p>\n<p>&nbsp;<\/p>\n<p><strong>Preis:<\/strong> AT \u20ac 19,80 \/ DE \u20ac 19.26<\/p>\n<p><strong>Seiten:<\/strong>\u00a048<\/p>\n<p><strong>ISBN13:<\/strong>\u00a0978-3-902901-62-0<\/p>\n<p><strong>Erscheinungsdatum:<\/strong>\u00a005.09.2014<\/p>\n<p><strong>Sprache:<\/strong>\u00a0Deutsch<\/p>\n<p><strong>Format:<\/strong>\u00a021,9 x 29,7 cm;\u00a0Gebunden;\u00a0Buch fester Einband (Hardcover)<\/p>\n","protected":false},"excerpt":{"rendered":"<p>Immer und immer wieder versenken Menschen Abf\u00e4lle im Meer: F\u00e4sser mit Giftm\u00fcll. Abw\u00e4sser. Chemikalien. Plastik. Fische und V\u00f6gel, die sich aus dem Meer ern\u00e4hren, sterben. Da f\u00e4rbt sich das Meer blutrot. Endlich beginnen die Menschen nachzudenken und beschlie\u00dfen gemeinsam, das Meer zu retten. Und sie schaffen es tats\u00e4chlich \u2013 denn wenn alle gemeinsam etwas beschlie\u00dfen, dann gelingt es auch\u2026<\/p>\n<p><strong><span style=\"font-size: 10pt;\">Der Titel ist nicht mehr lieferbar!<\/span><\/strong><\/p>\n","protected":false},"featured_media":1553,"comment_status":"closed","ping_status":"closed","template":"","meta":[],"etheme_brands":[],"product_brand":[],"product_cat":[1396],"product_tag":[895,892,891,861,117,595,901,148,277,119,889,888,893,900,894,897,133,668,899,549,890,846,898,121,896],"yst_prominent_words":[],"class_list":{"0":"post-953","1":"product","2":"type-product","3":"status-publish","4":"has-post-thumbnail","6":"product_cat-kinderbuch","7":"product_tag-bilder","8":"product_tag-fische","9":"product_tag-fischsterben","10":"product_tag-herbst-2014","11":"product_tag-keiper","12":"product_tag-kinder","13":"product_tag-kinder-und-kunst","14":"product_tag-kinderbuch","15":"product_tag-kindergarten","16":"product_tag-kunst","17":"product_tag-kuenstlerin","18":"product_tag-lehrreich","19":"product_tag-lernen","20":"product_tag-meer","21":"product_tag-meeresverschmutzung","22":"product_tag-monika","23":"product_tag-natur","24":"product_tag-neuerscheinung","25":"product_tag-oekologie","26":"product_tag-schoenbacher-frischenschlager","27":"product_tag-umwelt","28":"product_tag-umweltschutz","29":"product_tag-umweltverschmutzung","30":"product_tag-verlag","31":"product_tag-verstaendnis","33":"first","34":"outofstock","35":"shipping-taxable","36":"purchasable","37":"product-type-simple"},"_links":{"self":[{"href":"https:\/\/www.editionkeiper.at\/shop\/wp-json\/wp\/v2\/product\/953","targetHints":{"allow":["GET"]}}],"collection":[{"href":"https:\/\/www.editionkeiper.at\/shop\/wp-json\/wp\/v2\/product"}],"about":[{"href":"https:\/\/www.editionkeiper.at\/shop\/wp-json\/wp\/v2\/types\/product"}],"replies":[{"embeddable":true,"href":"https:\/\/www.editionkeiper.at\/shop\/wp-json\/wp\/v2\/comments?post=953"}],"wp:featuredmedia":[{"embeddable":true,"href":"https:\/\/www.editionkeiper.at\/shop\/wp-json\/wp\/v2\/media\/1553"}],"wp:attachment":[{"href":"https:\/\/www.editionkeiper.at\/shop\/wp-json\/wp\/v2\/media?parent=953"}],"wp:term":[{"taxonomy":"brand","embeddable":true,"href":"https:\/\/www.editionkeiper.at\/shop\/wp-json\/wp\/v2\/etheme_brands?post=953"},{"taxonomy":"product_brand","embeddable":true,"href":"https:\/\/www.editionkeiper.at\/shop\/wp-json\/wp\/v2\/product_brand?post=953"},{"taxonomy":"product_cat","embeddable":true,"href":"https:\/\/www.editionkeiper.at\/shop\/wp-json\/wp\/v2\/product_cat?post=953"},{"taxonomy":"product_tag","embeddable":true,"href":"https:\/\/www.editionkeiper.at\/shop\/wp-json\/wp\/v2\/product_tag?post=953"},{"taxonomy":"yst_prominent_words","embeddable":true,"href":"https:\/\/www.editionkeiper.at\/shop\/wp-json\/wp\/v2\/yst_prominent_words?post=953"}],"curies":[{"name":"wp","href":"https:\/\/api.w.org\/{rel}","templated":true}]}}