{"id":952,"date":"2014-09-01T14:20:05","date_gmt":"2014-09-01T12:20:05","guid":{"rendered":"https:\/\/www.editionkeiper.at\/shop\/produkt\/reise-nach-abydos\/"},"modified":"2021-11-08T20:51:36","modified_gmt":"2021-11-08T19:51:36","slug":"reise-nach-abydos","status":"publish","type":"product","link":"https:\/\/www.editionkeiper.at\/shop\/produkt\/reise-nach-abydos\/","title":{"rendered":"Reise nach Abydos"},"content":{"rendered":"<h2>Reise nach Abydos<\/h2>\n<p>von <strong><a href=\"https:\/\/www.editionkeiper.at\/shop\/mixner-manfred\/\">Manfred Mixner<\/a><br \/>\n<\/strong><\/p>\n<p>Die &#8218;Reise nach Abydos&#8216; ist ein Roman des Suchens nach der Wirklichkeit von Ich und Welt. Die Leser\/innen sind eingeladen, den in poetisch detailgetreuer Sprache beschriebenen Szenenreigen so wahrzunehmen, als g\u00e4be es all die Orte und Personen der Handlung auch jenseits der Imagination. Der Ich-Erz\u00e4hler, der aus der Dunkelheit ins Licht der Wirklichkeit tritt, ist auf den Spuren eines alten Sammlers von Werken des Surrealismus, und er will gleichzeitig seine fr\u00fchere sch\u00f6ne Geliebte finden. Er sucht alte Bekannte auf, hat dabei seltsame erotische Erlebnisse. Lange plagen ihn auf der Reise durch das fremde Land krampfhafte Darmschmerzen als k\u00f6rperliche Reaktion auf seine Teilnahmslosigkeit, mit der er handelt und sich dabei selber zusieht. Erstaunlich sanft und weit spannt sich der Bogen seiner \u00e4sthetischen Wahrnehmung von Carravaggio \u00fcber Malewitsch und die Surrealisten bis zu Gironcoli. Ein einf\u00fchlsamer und sinnlicher Text \u00fcber Liebe und Tod, in dem die labyrinthischen Wege des Lebens und der Kunst sich einander \u00f6ffnen. Wieder legt Manfred Mixner ein Buch von h\u00f6chster literarischer Qualit\u00e4t vor, das Seite f\u00fcr Seite in seiner feinsinnigen und bilderreichen Dichte au\u00dferordentlichen Lesegenuss verspricht. www.editionkeiper.at<\/p>\n<p>&nbsp;<\/p>\n<p><strong>Preis:<\/strong> AT \u20ac 17,60 \/ DE \u20ac 17.12<\/p>\n<p><strong>Seiten:<\/strong>\u00a0180<\/p>\n<p><strong>ISBN13:<\/strong>\u00a0978-3-902901-52-1<\/p>\n<p><strong>Erscheinungsdatum:<\/strong>\u00a009.2014<\/p>\n<p><strong>Sprache:<\/strong>\u00a0Deutsch<\/p>\n<p><strong>Format:<\/strong>\u00a020,0 x 12,0 cm;\u00a0Paperback;\u00a0Buch flexibler Einband (Paperback)<\/p>\n","protected":false},"excerpt":{"rendered":"<p>Die &#8218;Reise nach Abydos&#8216; ist ein Roman des Suchens nach der Wirklichkeit von Ich und Welt. Die Leser\/innen sind eingeladen, den in poetisch detailgetreuer Sprache beschriebenen Szenenreigen so wahrzunehmen, als g\u00e4be es all die Orte und Personen der Handlung auch jenseits der Imagination. Der Ich-Erz\u00e4hler, der aus der Dunkelheit ins Licht der Wirklichkeit tritt, ist auf den Spuren eines alten Sammlers von Werken des Surrealismus, und er will gleichzeitig seine fr\u00fchere sch\u00f6ne Geliebte finden.<\/p>\n","protected":false},"featured_media":1506,"comment_status":"closed","ping_status":"closed","template":"","meta":[],"etheme_brands":[],"product_brand":[],"product_cat":[3687],"product_tag":[884,336,885,241,861,117,119,287,348,886,247,668,323,887,168,218,499,209,121,109],"yst_prominent_words":[3476,3474,3477,3186],"class_list":{"0":"post-952","1":"product","2":"type-product","3":"status-publish","4":"has-post-thumbnail","6":"product_cat-romane","7":"product_tag-abydos","8":"product_tag-belletristik","9":"product_tag-dali","10":"product_tag-graz","11":"product_tag-herbst-2014","12":"product_tag-keiper","13":"product_tag-kunst","14":"product_tag-lebensgeschichte","15":"product_tag-literatur","16":"product_tag-literaturhaus-graz","17":"product_tag-mixner","18":"product_tag-neuerscheinung","19":"product_tag-oesterreich","20":"product_tag-oesterreichische-gegenwartsliteratur","21":"product_tag-reise","22":"product_tag-roman","23":"product_tag-schweden","24":"product_tag-steiermark","25":"product_tag-verlag","26":"product_tag-www-editionkeiper-at","28":"first","29":"instock","30":"shipping-taxable","31":"purchasable","32":"product-type-simple"},"_links":{"self":[{"href":"https:\/\/www.editionkeiper.at\/shop\/wp-json\/wp\/v2\/product\/952","targetHints":{"allow":["GET"]}}],"collection":[{"href":"https:\/\/www.editionkeiper.at\/shop\/wp-json\/wp\/v2\/product"}],"about":[{"href":"https:\/\/www.editionkeiper.at\/shop\/wp-json\/wp\/v2\/types\/product"}],"replies":[{"embeddable":true,"href":"https:\/\/www.editionkeiper.at\/shop\/wp-json\/wp\/v2\/comments?post=952"}],"wp:featuredmedia":[{"embeddable":true,"href":"https:\/\/www.editionkeiper.at\/shop\/wp-json\/wp\/v2\/media\/1506"}],"wp:attachment":[{"href":"https:\/\/www.editionkeiper.at\/shop\/wp-json\/wp\/v2\/media?parent=952"}],"wp:term":[{"taxonomy":"brand","embeddable":true,"href":"https:\/\/www.editionkeiper.at\/shop\/wp-json\/wp\/v2\/etheme_brands?post=952"},{"taxonomy":"product_brand","embeddable":true,"href":"https:\/\/www.editionkeiper.at\/shop\/wp-json\/wp\/v2\/product_brand?post=952"},{"taxonomy":"product_cat","embeddable":true,"href":"https:\/\/www.editionkeiper.at\/shop\/wp-json\/wp\/v2\/product_cat?post=952"},{"taxonomy":"product_tag","embeddable":true,"href":"https:\/\/www.editionkeiper.at\/shop\/wp-json\/wp\/v2\/product_tag?post=952"},{"taxonomy":"yst_prominent_words","embeddable":true,"href":"https:\/\/www.editionkeiper.at\/shop\/wp-json\/wp\/v2\/yst_prominent_words?post=952"}],"curies":[{"name":"wp","href":"https:\/\/api.w.org\/{rel}","templated":true}]}}