{"id":948,"date":"2014-06-25T14:20:05","date_gmt":"2014-06-25T12:20:05","guid":{"rendered":"https:\/\/www.editionkeiper.at\/shop\/produkt\/qipao-und-dirndl-%e6%97%97%e8%a2%8d%e4%b8%8e%e4%bd%83%e5%85%9c%e6%9c%8d\/"},"modified":"2021-03-08T21:34:20","modified_gmt":"2021-03-08T20:34:20","slug":"qipao-und-dirndl-%e6%97%97%e8%a2%8d%e4%b8%8e%e4%bd%83%e5%85%9c%e6%9c%8d","status":"publish","type":"product","link":"https:\/\/www.editionkeiper.at\/shop\/produkt\/qipao-und-dirndl-%e6%97%97%e8%a2%8d%e4%b8%8e%e4%bd%83%e5%85%9c%e6%9c%8d\/","title":{"rendered":"QIPAO und DIRNDL &#8211; \u65d7\u888d\u4e0e\u201c\u4f43\u515c\u670d\u201d"},"content":{"rendered":"<h2>QIPAO und DIRNDL &#8211; \u65d7\u888d\u4e0e\u201c\u4f43\u515c\u670d\u201d<\/h2>\n<p><strong>Traditionelle Kleidung in China und \u00d6sterreich &#8211; \u2014\u2014\u4e2d\u56fd\u548c\u5965\u5730\u5229\u7684\u4f20\u7edf\u670d\u9970<\/strong><\/p>\n<p>Herausgegeben von <a href=\"https:\/\/www.editionkeiper.at\/shop\/kravanja-unger-ullmann-zhang-hrsg\/\">Maria Valentina Kravanja, Daniela Unger-Ullmann, Wenli Zhang<\/a><\/p>\n<p>Sowohl in \u00d6sterreich als auch in China nimmt der Umgang mit traditioneller Kleidung eine besondere Stellung in der Gesellschaft ein. Besonders, weil dieser Stellung einerseits nicht sehr viel Platz im allt\u00e4glichen Leben einger\u00e4umt wird und andererseits diesem kleinen Raum dennoch eine gro\u00dfe Bedeutung zukommt. Ein Nischenbereich im heutigen Alltag wird hier mit weitreichender gesellschaftlicher, historischer und k\u00fcnstlerischer Bedeutung aufgeladen. Selbst bei oberfl\u00e4chlicher Betrachtung dieses Sachverhalts f\u00e4llt auf, wie schnell traditionelle Kleidung Emotionen hervorruft: Bedeutsame Themenbereiche wie Heimat, Tradition und Geschichtsbewusstsein, Erneuerung sowie Identit\u00e4t in einer regionalen Gruppe bzw. in einer globalen Gesellschaft kommen auf. Das Gewand ist immer ein Zeichen des pers\u00f6nlichen Ausdrucks und hat gro\u00dfen Repr\u00e4sentations- und Symbolcharakter. In diesem Buch soll den Fragen nachgegangen werden, welche Bedeutung das Tragen von traditionellem Gewand heutzutage in China und \u00d6sterreich hat und welche Gemeinsamkeiten und Unterschiede es diesbez\u00fcglich in diesen beiden so weit voneinander entfernten L\u00e4ndern gibt.<\/p>\n<p>&nbsp;<\/p>\n<p><strong>Preis:<\/strong> AT \u20ac 24,50 \/ DE \u20ac 23.83<\/p>\n<p><strong>Seiten:<\/strong>\u00a088<\/p>\n<p><strong>ISBN13:<\/strong>\u00a0978-3-902901-60-6<\/p>\n<p><strong>Erscheinungsdatum:<\/strong>\u00a025.06.2014<\/p>\n<p><strong>Sprache:<\/strong>\u00a0Deutsch; Chinesisch<\/p>\n<p><strong>Format:<\/strong>\u00a032,0 x 22,5 cm;\u00a0gebunden;\u00a0Buch fester Einband (Hardcover)<\/p>\n","protected":false},"excerpt":{"rendered":"<p>Sowohl in \u00d6sterreich als auch in China nimmt der Umgang mit traditioneller Kleidung eine besondere Stellung in der Gesellschaft ein. Besonders, weil dieser Stellung einerseits nicht sehr viel Platz im allt\u00e4glichen Leben einger\u00e4umt wird und andererseits diesem kleinen Raum dennoch eine gro\u00dfe Bedeutung zukommt. Ein Nischenbereich im heutigen Alltag wird hier mit weitreichender gesellschaftlicher, historischer und k\u00fcnstlerischer Bedeutung aufgeladen.<\/p>\n","protected":false},"featured_media":1480,"comment_status":"closed","ping_status":"closed","template":"","meta":[],"etheme_brands":[],"product_brand":[],"product_cat":[1364],"product_tag":[],"yst_prominent_words":[],"class_list":{"0":"post-948","1":"product","2":"type-product","3":"status-publish","4":"has-post-thumbnail","6":"product_cat-kunst-und-fotografie","8":"first","9":"outofstock","10":"shipping-taxable","11":"purchasable","12":"product-type-simple"},"_links":{"self":[{"href":"https:\/\/www.editionkeiper.at\/shop\/wp-json\/wp\/v2\/product\/948","targetHints":{"allow":["GET"]}}],"collection":[{"href":"https:\/\/www.editionkeiper.at\/shop\/wp-json\/wp\/v2\/product"}],"about":[{"href":"https:\/\/www.editionkeiper.at\/shop\/wp-json\/wp\/v2\/types\/product"}],"replies":[{"embeddable":true,"href":"https:\/\/www.editionkeiper.at\/shop\/wp-json\/wp\/v2\/comments?post=948"}],"wp:featuredmedia":[{"embeddable":true,"href":"https:\/\/www.editionkeiper.at\/shop\/wp-json\/wp\/v2\/media\/1480"}],"wp:attachment":[{"href":"https:\/\/www.editionkeiper.at\/shop\/wp-json\/wp\/v2\/media?parent=948"}],"wp:term":[{"taxonomy":"brand","embeddable":true,"href":"https:\/\/www.editionkeiper.at\/shop\/wp-json\/wp\/v2\/etheme_brands?post=948"},{"taxonomy":"product_brand","embeddable":true,"href":"https:\/\/www.editionkeiper.at\/shop\/wp-json\/wp\/v2\/product_brand?post=948"},{"taxonomy":"product_cat","embeddable":true,"href":"https:\/\/www.editionkeiper.at\/shop\/wp-json\/wp\/v2\/product_cat?post=948"},{"taxonomy":"product_tag","embeddable":true,"href":"https:\/\/www.editionkeiper.at\/shop\/wp-json\/wp\/v2\/product_tag?post=948"},{"taxonomy":"yst_prominent_words","embeddable":true,"href":"https:\/\/www.editionkeiper.at\/shop\/wp-json\/wp\/v2\/yst_prominent_words?post=948"}],"curies":[{"name":"wp","href":"https:\/\/api.w.org\/{rel}","templated":true}]}}