{"id":947,"date":"2014-10-22T14:20:05","date_gmt":"2014-10-22T12:20:05","guid":{"rendered":"https:\/\/www.editionkeiper.at\/shop\/produkt\/funkenschlaege-%e7%81%ab%e8%8a%b1\/"},"modified":"2021-03-09T16:42:06","modified_gmt":"2021-03-09T15:42:06","slug":"funkenschlaege-%e7%81%ab%e8%8a%b1","status":"publish","type":"product","link":"https:\/\/www.editionkeiper.at\/shop\/produkt\/funkenschlaege-%e7%81%ab%e8%8a%b1\/","title":{"rendered":"Funkenschl\u00e4ge &#8211; \u706b\u82b1"},"content":{"rendered":"<h2>Funkenschl\u00e4ge &#8211; \u706b\u82b1<\/h2>\n<p><strong>Eine literarische Darstellung traditioneller Feste in China und \u00d6sterreich<\/strong><\/p>\n<p>von\u00a0Herausgegeben von\u00a0 <a href=\"https:\/\/www.editionkeiper.at\/shop\/luise-kloos-und-daniela-unger-ullmann-hg\/\">Luise Kloos und Daniela Unger-Ullmann<\/a><\/p>\n<p>Mit Texten von Anna WEIDENHOLZER, XU Zechen, Werner SCHANDOR, CHI Li, Katerina CERN\u00c1, ZHANG Xin, Harald DARER, Marjana GAPONENKO, LI Hao, Helwig BRUNNER, FANG Fang, LONG Yi, Milena Michiko FLA\u0160AR, TANG Yiming, Thomas STANGL und HAO Yuxiang. 16 Autorinnen und Autoren aus China und \u00d6sterreich haben traditionelle Feste, wie sie heute in China und \u00d6sterreich gefeiert werden, literarisch erz\u00e4hlt. Einige Feste \u00e4hneln sich im Ausdruck, andere kennt man jedoch nur im jeweiligen Kulturkreis. Um das gegenseitige Verst\u00e4ndnis f\u00fcr Tradition und Brauchtum zu f\u00f6rdern, werden die bekanntesten Feste durch die zeitgem\u00e4\u00dfen Geschichten in ihrer Bedeutung und Atmosph\u00e4re sp\u00fcrbar. Dabei lassen sich beim Lesen sehr unterschiedliche literarische Zug\u00e4nge erkennen, die sich in Sprache, Inhalt und Form auf vielf\u00e4ltige Weise widerspiegeln. Zur Orientierung gibt es im Anhang ein Glossar \u00fcber den traditionellen Ablauf der gew\u00e4hlten Feste, die alle in Deutsch und Chinesisch verfasst sind.<\/p>\n<p>&nbsp;<\/p>\n<p><strong>Preis:<\/strong> AT \u20ac 18,70 \/ DE \u20ac 18.19<\/p>\n<p><strong>Seiten:<\/strong><\/p>\n<p><strong>ISBN13:<\/strong>\u00a0978-3-902901-64-4<\/p>\n<p><strong>Erscheinungsdatum:<\/strong>\u00a022.10.2014<\/p>\n<p><strong>Sprache:<\/strong>\u00a0Chinesisch; Deutsch<\/p>\n<p><strong>Format:<\/strong> 12,2 x 19,0 cm;\u00a0Paperback<\/p>\n","protected":false},"excerpt":{"rendered":"<p>Mit Texten von Anna WEIDENHOLZER, XU Zechen, Werner SCHANDOR, CHI Li, Katerina CERN\u00c1, ZHANG Xin, Harald DARER, Marjana GAPONENKO, LI Hao, Helwig BRUNNER, FANG Fang, LONG Yi, Milena Michiko FLA\u0160AR, TANG Yiming, Thomas STANGL und HAO Yuxiang. 16 Autorinnen und Autoren aus China und \u00d6sterreich haben traditionelle Feste, wie sie heute in China und \u00d6sterreich gefeiert werden, literarisch erz\u00e4hlt.<\/p>\n","protected":false},"featured_media":1473,"comment_status":"closed","ping_status":"closed","template":"","meta":[],"etheme_brands":[],"product_brand":[],"product_cat":[3685,1400],"product_tag":[],"yst_prominent_words":[3186],"class_list":{"0":"post-947","1":"product","2":"type-product","3":"status-publish","4":"has-post-thumbnail","6":"product_cat-erzaehlungen","7":"product_cat-sachbuch","9":"first","10":"instock","11":"shipping-taxable","12":"purchasable","13":"product-type-simple"},"_links":{"self":[{"href":"https:\/\/www.editionkeiper.at\/shop\/wp-json\/wp\/v2\/product\/947","targetHints":{"allow":["GET"]}}],"collection":[{"href":"https:\/\/www.editionkeiper.at\/shop\/wp-json\/wp\/v2\/product"}],"about":[{"href":"https:\/\/www.editionkeiper.at\/shop\/wp-json\/wp\/v2\/types\/product"}],"replies":[{"embeddable":true,"href":"https:\/\/www.editionkeiper.at\/shop\/wp-json\/wp\/v2\/comments?post=947"}],"wp:featuredmedia":[{"embeddable":true,"href":"https:\/\/www.editionkeiper.at\/shop\/wp-json\/wp\/v2\/media\/1473"}],"wp:attachment":[{"href":"https:\/\/www.editionkeiper.at\/shop\/wp-json\/wp\/v2\/media?parent=947"}],"wp:term":[{"taxonomy":"brand","embeddable":true,"href":"https:\/\/www.editionkeiper.at\/shop\/wp-json\/wp\/v2\/etheme_brands?post=947"},{"taxonomy":"product_brand","embeddable":true,"href":"https:\/\/www.editionkeiper.at\/shop\/wp-json\/wp\/v2\/product_brand?post=947"},{"taxonomy":"product_cat","embeddable":true,"href":"https:\/\/www.editionkeiper.at\/shop\/wp-json\/wp\/v2\/product_cat?post=947"},{"taxonomy":"product_tag","embeddable":true,"href":"https:\/\/www.editionkeiper.at\/shop\/wp-json\/wp\/v2\/product_tag?post=947"},{"taxonomy":"yst_prominent_words","embeddable":true,"href":"https:\/\/www.editionkeiper.at\/shop\/wp-json\/wp\/v2\/yst_prominent_words?post=947"}],"curies":[{"name":"wp","href":"https:\/\/api.w.org\/{rel}","templated":true}]}}