{"id":937,"date":"2015-03-19T14:19:54","date_gmt":"2015-03-19T13:19:54","guid":{"rendered":"https:\/\/www.editionkeiper.at\/shop\/produkt\/blitzlichter-blitzeinschlaege\/"},"modified":"2021-03-08T21:42:10","modified_gmt":"2021-03-08T20:42:10","slug":"blitzlichter-blitzeinschlaege","status":"publish","type":"product","link":"https:\/\/www.editionkeiper.at\/shop\/produkt\/blitzlichter-blitzeinschlaege\/","title":{"rendered":"Blitzlichter &#038; Blitzeinschl\u00e4ge"},"content":{"rendered":"<h2>Blitzlichter &amp; Blitzeinschl\u00e4ge<\/h2>\n<p><strong>Gedankensplitter<\/strong><\/p>\n<p>von <strong><a href=\"https:\/\/www.editionkeiper.at\/shop\/kleinschuster-horst\/\">Horst Kleinschuster<\/a><br \/>\n<\/strong><\/p>\n<p>Mit Humor und Tiefsinn bringt Horst Kleinschuster die Themen unserer Gesellschaft auf den Punkt, egal ob es sich um bekannte zivilisatorische Fehlentwicklungen, verantwortungslose Umweltzerst\u00f6rung oder das Geschehen in Politik und Wirtschaft handelt. Ebensowenig verschont seine spitze Feder dubiose Esoterik, unreflektierten Fernostkult oder versteinerten pseudoreligi\u00f6sen Irrglauben. Zwischen verst\u00e4ndnisvoller Ironie und bei\u00dfender Sch\u00e4rfe wechselnd n\u00e4hert er sich dem unersch\u00f6pflichen Thema \u201eMann \u2013 Frau\u201c an und nimmt einzementierte Oberfl\u00e4chlichkeiten rund um Gendern, Gleichheitsbestreben oder neue Partnerschaften aufs Korn. In seinen \u201emathematischen Gesetzen&#8220; skizziert Kleinschuster \u2013 \u00fcberspitzt \u2013 seine Gedanken zu den allt\u00e4glichen Ausw\u00fcchsen der Zivilisation. Horst Kleinschuster ist es gelungen, mit einem Minimum an Worten ein Maximum an Gehalt in seine Aphorismen zu verpacken. Manche Doppelsinnigkeit seiner verbalen Blitzlichter macht nachdenklich und mag zu bewussterer Wahrnehmung anregen, w\u00e4hrend seine Blitzeinschl\u00e4ge genau das tun, was man von Blitzeinschl\u00e4gen erwartet: aufr\u00fctteln, betroffen machen, vielleicht auch schmerzlich treffen.<\/p>\n<p>&nbsp;<\/p>\n<p><strong>Preis:<\/strong> AT \u20ac 15,40 \/ DE \u20ac 14.98<\/p>\n<p><strong>Seiten:<\/strong>\u00a0120<\/p>\n<p><strong>ISBN13:<\/strong>\u00a0978-3-902901-72-9<\/p>\n<p><strong>Erscheinungsdatum:<\/strong>\u00a019.03.2015<\/p>\n<p><strong>Sprache:<\/strong>\u00a0Deutsch<\/p>\n<p><strong>Format:<\/strong>\u00a020,0 x 12,0 cm; flexibler Einband (Paperback)<\/p>\n","protected":false},"excerpt":{"rendered":"<p>Mit Humor und Tiefsinn bringt Horst Kleinschuster die Themen unserer Gesellschaft auf den Punkt, egal ob es sich um bekannte zivilisatorische Fehlentwicklungen, verantwortungslose Umweltzerst\u00f6rung oder das Geschehen in Politik und Wirtschaft handelt. Ebensowenig verschont seine spitze Feder dubiose Esoterik, unreflektierten Fernostkult oder versteinerten pseudoreligi\u00f6sen Irrglauben.<\/p>\n","protected":false},"featured_media":1468,"comment_status":"closed","ping_status":"closed","template":"","meta":[],"etheme_brands":[],"product_brand":[],"product_cat":[3683],"product_tag":[747,758,751,750,749,748,307,754,117,753,494,286,756,755,209,759,757,121,752],"yst_prominent_words":[],"class_list":{"0":"post-937","1":"product","2":"type-product","3":"status-publish","4":"has-post-thumbnail","6":"product_cat-aphorismen","7":"product_tag-aphorismen","8":"product_tag-blitzlicht","9":"product_tag-frau","10":"product_tag-gedanken","11":"product_tag-gedankensplitter","12":"product_tag-gesellschaft","13":"product_tag-humor","14":"product_tag-ironie","15":"product_tag-keiper","16":"product_tag-kleinschuster","17":"product_tag-leben","18":"product_tag-lebenshilfe","19":"product_tag-mann","20":"product_tag-mensch","21":"product_tag-steiermark","22":"product_tag-tiefsinn","23":"product_tag-umweltzerstoerung","24":"product_tag-verlag","25":"product_tag-zivilsiation","27":"first","28":"instock","29":"shipping-taxable","30":"purchasable","31":"product-type-simple"},"_links":{"self":[{"href":"https:\/\/www.editionkeiper.at\/shop\/wp-json\/wp\/v2\/product\/937","targetHints":{"allow":["GET"]}}],"collection":[{"href":"https:\/\/www.editionkeiper.at\/shop\/wp-json\/wp\/v2\/product"}],"about":[{"href":"https:\/\/www.editionkeiper.at\/shop\/wp-json\/wp\/v2\/types\/product"}],"replies":[{"embeddable":true,"href":"https:\/\/www.editionkeiper.at\/shop\/wp-json\/wp\/v2\/comments?post=937"}],"wp:featuredmedia":[{"embeddable":true,"href":"https:\/\/www.editionkeiper.at\/shop\/wp-json\/wp\/v2\/media\/1468"}],"wp:attachment":[{"href":"https:\/\/www.editionkeiper.at\/shop\/wp-json\/wp\/v2\/media?parent=937"}],"wp:term":[{"taxonomy":"brand","embeddable":true,"href":"https:\/\/www.editionkeiper.at\/shop\/wp-json\/wp\/v2\/etheme_brands?post=937"},{"taxonomy":"product_brand","embeddable":true,"href":"https:\/\/www.editionkeiper.at\/shop\/wp-json\/wp\/v2\/product_brand?post=937"},{"taxonomy":"product_cat","embeddable":true,"href":"https:\/\/www.editionkeiper.at\/shop\/wp-json\/wp\/v2\/product_cat?post=937"},{"taxonomy":"product_tag","embeddable":true,"href":"https:\/\/www.editionkeiper.at\/shop\/wp-json\/wp\/v2\/product_tag?post=937"},{"taxonomy":"yst_prominent_words","embeddable":true,"href":"https:\/\/www.editionkeiper.at\/shop\/wp-json\/wp\/v2\/yst_prominent_words?post=937"}],"curies":[{"name":"wp","href":"https:\/\/api.w.org\/{rel}","templated":true}]}}