{"id":936,"date":"2015-02-27T14:19:54","date_gmt":"2015-02-27T13:19:54","guid":{"rendered":"https:\/\/www.editionkeiper.at\/shop\/produkt\/das-innenfutter-der-woerter\/"},"modified":"2021-03-04T16:51:41","modified_gmt":"2021-03-04T15:51:41","slug":"das-innenfutter-der-woerter","status":"publish","type":"product","link":"https:\/\/www.editionkeiper.at\/shop\/produkt\/das-innenfutter-der-woerter\/","title":{"rendered":"Das Innenfutter der W\u00f6rter \u2013 keiper lyrik 11"},"content":{"rendered":"<h2>Das Innenfutter der W\u00f6rter \u2013 keiper lyrik 11<\/h2>\n<p>von<strong> <a href=\"https:\/\/www.editionkeiper.at\/shop\/zobel-monika\/\" rel=\"noopener\">Monika Zobel<\/a><br \/>\n<\/strong><\/p>\n<p>Monika Zobel ist eine Dichterin, die auf zwei Kontinenten, in zwei Kulturen, in zwei Sprachen zuhause ist \u2013 und zugleich auch nicht zuhause, denn immer ist ihren Gedichten, den englischen wie den deutschen, ein Moment des Fremden eingeschrieben, des Fremdelns gegen\u00fcber dem jeweils anderen Ort und ganz allgemein gegen\u00fcber den Konstellationen und Bewegungen des Lebens. \u201eDas Fremdsein\u201c, schrieb Peter Handke einmal, \u201eist die dauerhafteste Kraft des K\u00fcnstlers\u201c, und eben diese Kraft spricht nachdr\u00fccklich aus Zobels Versen, zusammen mit den nicht zu untersch\u00e4tzenden Wirkm\u00e4chten der doppelten Herkunft und der jahrelangen intensiven Besch\u00e4ftigung mit den poetischen Traditionen h\u00fcben wie dr\u00fcben. Zuletzt schlug die Autorin als Fulbright-Stipendiatin auch Wurzeln in der \u00f6sterreichischen Lyriklandschaft, und so kann die edition keiper nun Zobels deutschsprachigen Lyrikerstling <em>Das Innenfutter der W\u00f6rter<\/em> pr\u00e4sentieren \u2013 scharf beobachtete, klar gedachte und intensiv gef\u00fchlte Gedichte, die nicht zuletzt daran erinnern, dass die Sprachen der Menschen und L\u00e4nder in ihrem Binnenraum letztlich mit derselben menschlichen W\u00e4rme, denselben Sehns\u00fcchten, Zweifeln und \u00c4ngsten und demselben Bestreben nach g\u00fcltigen poetischen Bildern ausgekleidet sind. Wenn im Zuge der Kontinentaldrift Europa und Amerika seit Jahrmillionen auseinanderr\u00fccken, so mag es tr\u00f6stlich sein zu wissen, dass Monika Zobels Lyrik den sich st\u00e4ndig weitenden Atlantik mit so zauberhaften wie kraftvollen Versen \u00fcberbr\u00fcckt. (Helwig Brunner, Herausgeber der Reihe keiper lyrik)<\/p>\n<p>&nbsp;<\/p>\n<p><strong>Preis:<\/strong> AT \u20ac 15,40 \/ DE \u20ac 14.98<\/p>\n<p><strong>Seiten:<\/strong>\u00a080<\/p>\n<p><strong>ISBN13:<\/strong>\u00a0978-3-902901-70-5<\/p>\n<p><strong>Erscheinungsdatum:<\/strong>\u00a027.02.2015<\/p>\n<p><strong>Sprache:<\/strong>\u00a0Deutsch<\/p>\n<p><strong>Format:<\/strong>\u00a017,6 x 11,0 cm; broschiert<\/p>\n","protected":false},"excerpt":{"rendered":"<p>Monika Zobel ist eine Dichterin, die auf zwei Kontinenten, in zwei Kulturen, in zwei Sprachen zuhause ist \u2013 und zugleich auch nicht zuhause, denn immer ist ihren Gedichten, den englischen wie den deutschen, ein Moment des Fremden eingeschrieben, des Fremdelns gegen\u00fcber dem jeweils anderen Ort und ganz allgemein gegen\u00fcber den Konstellationen und Bewegungen des Lebens.<\/p>\n","protected":false},"featured_media":1590,"comment_status":"closed","ping_status":"closed","template":"","meta":[],"etheme_brands":[],"product_brand":[],"product_cat":[2604],"product_tag":[356,289,241,655,117,557,348,174,745,173,323,744,209,121,109,653,743],"yst_prominent_words":[],"class_list":{"0":"post-936","1":"product","2":"type-product","3":"status-publish","4":"has-post-thumbnail","6":"product_cat-die-reihe-keiper-lyrik","7":"product_tag-edition-keiper","8":"product_tag-gedichte","9":"product_tag-graz","10":"product_tag-helwig-brunner","11":"product_tag-keiper","12":"product_tag-keiper-lyrik","13":"product_tag-literatur","14":"product_tag-lyrik","15":"product_tag-lyrik-11","16":"product_tag-lyrikreihe","17":"product_tag-oesterreich","18":"product_tag-oesterreichische-lyrik","19":"product_tag-steiermark","20":"product_tag-verlag","21":"product_tag-www-editionkeiper-at","22":"product_tag-zeitgenoessische-lyrik","23":"product_tag-zobel","25":"first","26":"instock","27":"shipping-taxable","28":"purchasable","29":"product-type-simple"},"_links":{"self":[{"href":"https:\/\/www.editionkeiper.at\/shop\/wp-json\/wp\/v2\/product\/936","targetHints":{"allow":["GET"]}}],"collection":[{"href":"https:\/\/www.editionkeiper.at\/shop\/wp-json\/wp\/v2\/product"}],"about":[{"href":"https:\/\/www.editionkeiper.at\/shop\/wp-json\/wp\/v2\/types\/product"}],"replies":[{"embeddable":true,"href":"https:\/\/www.editionkeiper.at\/shop\/wp-json\/wp\/v2\/comments?post=936"}],"wp:featuredmedia":[{"embeddable":true,"href":"https:\/\/www.editionkeiper.at\/shop\/wp-json\/wp\/v2\/media\/1590"}],"wp:attachment":[{"href":"https:\/\/www.editionkeiper.at\/shop\/wp-json\/wp\/v2\/media?parent=936"}],"wp:term":[{"taxonomy":"brand","embeddable":true,"href":"https:\/\/www.editionkeiper.at\/shop\/wp-json\/wp\/v2\/etheme_brands?post=936"},{"taxonomy":"product_brand","embeddable":true,"href":"https:\/\/www.editionkeiper.at\/shop\/wp-json\/wp\/v2\/product_brand?post=936"},{"taxonomy":"product_cat","embeddable":true,"href":"https:\/\/www.editionkeiper.at\/shop\/wp-json\/wp\/v2\/product_cat?post=936"},{"taxonomy":"product_tag","embeddable":true,"href":"https:\/\/www.editionkeiper.at\/shop\/wp-json\/wp\/v2\/product_tag?post=936"},{"taxonomy":"yst_prominent_words","embeddable":true,"href":"https:\/\/www.editionkeiper.at\/shop\/wp-json\/wp\/v2\/yst_prominent_words?post=936"}],"curies":[{"name":"wp","href":"https:\/\/api.w.org\/{rel}","templated":true}]}}