{"id":931,"date":"2015-09-28T14:19:54","date_gmt":"2015-09-28T12:19:54","guid":{"rendered":"https:\/\/www.editionkeiper.at\/shop\/produkt\/daecher-ueber-graz\/"},"modified":"2021-03-08T21:49:57","modified_gmt":"2021-03-08T20:49:57","slug":"daecher-ueber-graz","status":"publish","type":"product","link":"https:\/\/www.editionkeiper.at\/shop\/produkt\/daecher-ueber-graz\/","title":{"rendered":"D\u00e4cher \u00fcber Graz"},"content":{"rendered":"<h2>D\u00e4cher \u00fcber Graz<\/h2>\n<p>Herausgegeben von <strong><a href=\"https:\/\/www.editionkeiper.at\/shop\/kunz-dieter\/\">Dieter Kunz<\/a><br \/>\n<\/strong><\/p>\n<p>Dieses literarische Bilderbuch wurde von Dieter Kunz (einem seit 45 Jahren in Schweden wohnenden Grazer K\u00fcnstler) initiiert, der sich w\u00e4hrend seiner regelm\u00e4\u00dfigen Graz-Aufenthalte den D\u00e4chern \u00fcber Graz gewidmet und sie bis in jedes einzelne erhaltene historische Detail zu Papier gebracht hat. Die Eigent\u00fcmlichkeit der Grazer Dachlandschaft ist in der \u00e4sthetischen Wirkung ihrer Gesamtheit wesentlicher Teil des Weltkulturerbes und pr\u00e4gt das harmonisch-spannungsreiche Grazer Stadtbild. F\u00fcnfzehn Autorinnen und Autoren haben diesen Bleistiftzeichnungen Texte mit Graz-Bezug zur Seite gestellt, und entstanden ist eine wunderbare Liebeserkl\u00e4rung an die steirische Landeshauptstadt. Mit Beitr\u00e4gen von Helwig Brunner, Gertrude Maria Grossegger, Kevin Haring-Sedler, Lucas Kristan, Mirella Kuchling, Mike Markart, Bettina Messner, Cornelia Pichler, Wolfgang Pollanz, Franz Breiter, Sophie Meyer, Alfred Paul Schmidt, Friederike Schwab, Edith Temmel und Andrea Wolfmayr.<\/p>\n<p>&nbsp;<\/p>\n<p><strong>Preis:<\/strong> AT \u20ac 19,80 \/ DE \u20ac 19.26<\/p>\n<p><strong>Seiten:<\/strong>\u00a048<\/p>\n<p><strong>ISBN13:<\/strong>\u00a0978-3-902901-84-2<\/p>\n<p><strong>Erscheinungsdatum:<\/strong>\u00a028.09.2015<\/p>\n<p><strong>Sprache:<\/strong>\u00a0Deutsch<\/p>\n<p><strong>Format:<\/strong>\u00a0fester Einband (Hardcover)<\/p>\n<p>mit 22 Bleistiftzeichnungen der Grazer Dachlandschaft<\/p>\n","protected":false},"excerpt":{"rendered":"<p>Dieses literarische Bilderbuch wurde von Dieter Kunz (einem seit 45 Jahren in Schweden wohnenden Grazer K\u00fcnstler) initiiert, der sich w\u00e4hrend seiner regelm\u00e4\u00dfigen Graz-Aufenthalte den D\u00e4chern \u00fcber Graz gewidmet und sie bis in jedes einzelne erhaltene historische Detail zu Papier gebracht hat.<\/p>\n","protected":false},"featured_media":1488,"comment_status":"closed","ping_status":"closed","template":"","meta":[],"etheme_brands":[],"product_brand":[],"product_cat":[3681],"product_tag":[443,684,700,689,688,698,686,693,691,577,694,687,241,695,117,696,119,697,683,685,692,682,348,690,174,702,701,209,699],"yst_prominent_words":[3185],"class_list":{"0":"post-931","1":"product","2":"type-product","3":"status-publish","4":"has-post-thumbnail","6":"product_cat-anthologie","7":"product_tag-alfred-paul-schmidt","8":"product_tag-andrea-wolfmayr","9":"product_tag-bettina-messner","10":"product_tag-bleistiftzeichnung","11":"product_tag-cornelia-pichler","12":"product_tag-daecher","13":"product_tag-daecher-ueber-graz","14":"product_tag-dachlandschaft","15":"product_tag-edith-temmel","16":"product_tag-erzaehlungen","17":"product_tag-franz-breitler","18":"product_tag-gertrude-grossegger","19":"product_tag-graz","20":"product_tag-heimat","21":"product_tag-keiper","22":"product_tag-kevin-haring-sedler","23":"product_tag-kunst","24":"product_tag-kunstbuch","25":"product_tag-kunz","26":"product_tag-kurzgeschichte","27":"product_tag-literarische-texte","28":"product_tag-literarisches-bilderbuch","29":"product_tag-literatur","30":"product_tag-lucas-kristan","31":"product_tag-lyrik","32":"product_tag-mirella-kuchling","33":"product_tag-pollanz-wolfgang","34":"product_tag-steiermark","35":"product_tag-zeichnung","37":"first","38":"instock","39":"shipping-taxable","40":"purchasable","41":"product-type-simple"},"_links":{"self":[{"href":"https:\/\/www.editionkeiper.at\/shop\/wp-json\/wp\/v2\/product\/931","targetHints":{"allow":["GET"]}}],"collection":[{"href":"https:\/\/www.editionkeiper.at\/shop\/wp-json\/wp\/v2\/product"}],"about":[{"href":"https:\/\/www.editionkeiper.at\/shop\/wp-json\/wp\/v2\/types\/product"}],"replies":[{"embeddable":true,"href":"https:\/\/www.editionkeiper.at\/shop\/wp-json\/wp\/v2\/comments?post=931"}],"wp:featuredmedia":[{"embeddable":true,"href":"https:\/\/www.editionkeiper.at\/shop\/wp-json\/wp\/v2\/media\/1488"}],"wp:attachment":[{"href":"https:\/\/www.editionkeiper.at\/shop\/wp-json\/wp\/v2\/media?parent=931"}],"wp:term":[{"taxonomy":"brand","embeddable":true,"href":"https:\/\/www.editionkeiper.at\/shop\/wp-json\/wp\/v2\/etheme_brands?post=931"},{"taxonomy":"product_brand","embeddable":true,"href":"https:\/\/www.editionkeiper.at\/shop\/wp-json\/wp\/v2\/product_brand?post=931"},{"taxonomy":"product_cat","embeddable":true,"href":"https:\/\/www.editionkeiper.at\/shop\/wp-json\/wp\/v2\/product_cat?post=931"},{"taxonomy":"product_tag","embeddable":true,"href":"https:\/\/www.editionkeiper.at\/shop\/wp-json\/wp\/v2\/product_tag?post=931"},{"taxonomy":"yst_prominent_words","embeddable":true,"href":"https:\/\/www.editionkeiper.at\/shop\/wp-json\/wp\/v2\/yst_prominent_words?post=931"}],"curies":[{"name":"wp","href":"https:\/\/api.w.org\/{rel}","templated":true}]}}