{"id":921,"date":"2016-03-05T14:19:44","date_gmt":"2016-03-05T13:19:44","guid":{"rendered":"https:\/\/www.editionkeiper.at\/shop\/produkt\/estoy-durmiendo-ich-schlafe-gerade\/"},"modified":"2021-03-08T21:57:55","modified_gmt":"2021-03-08T20:57:55","slug":"estoy-durmiendo-ich-schlafe-gerade","status":"publish","type":"product","link":"https:\/\/www.editionkeiper.at\/shop\/produkt\/estoy-durmiendo-ich-schlafe-gerade\/","title":{"rendered":"estoy durmiendo &#8211; ich schlafe gerade"},"content":{"rendered":"<h2>estoy durmiendo &#8211; ich schlafe gerade<\/h2>\n<p>von <strong><a href=\"https:\/\/www.editionkeiper.at\/shop\/jaeckl-lilly\/\">Lilly J\u00e4ckl<\/a><br \/>\n<\/strong><\/p>\n<p>In diesem unterhaltsamen Abenteuerroman heftet sich Lilly J\u00e4ckl an die Fersen moderner Biopiraten und schl\u00e4gt sich mit ihnen quer durch Ecuador, vom Pazifik \u00fcber die Allee der Vulkane bis ins Herz des Amazonasbeckens, wo bis heute Menschenfresser leben, die mitunter Companies wie Chevron Texaco leiten. Alle Fakten, wie z. B. die Zerst\u00f6rung unwiederbringbarer Naturparadiese, gentechnische Experimente absonderlichster Art u.v.a.m., entsprechen der Wahrheit, welche bekanntlich oft verr\u00fcckter ist als jede Fiktion. Die teils schockierenden Tatsachen (eingebracht in exakten Beschreibungen und mehr als 170 Fu\u00dfnoten (1) stehen im Kontrast zur leichten, humorvollen Story, die die Leser\/innen immer wieder mit unerwarteten Wendungen im Stil eines rasanten Comicstrips \u00fcberrascht. Die Erz\u00e4hlerin Nico ist eine liebenswerte, neurotische Thirtysomething, geboren und aufgewachsen in der ehemaligen DDR, als mittellose Wurmfischerin im hippen Berlin zu unverhofftem Reichtum gekommen. Daraufhin wandert sie aus, zur \u201eMitte der Welt\u201c nach Ecuador, wo ein neues Leben auf die Neo-Million\u00e4rin wartet. Nichts k\u00f6nnte besser sein \u2013 bis auf einmal J\u00e1nos vor der T\u00fcr steht &#8230; Eine Reflexion \u00fcber das Internet. Eine Hommage an den Gedankensprung. \u2028 Ein Appell gegen den Anti-Aging- und Sch\u00f6nheitswahn, gegen die Pharma- und \u00d6lindustrie, gegen Konzerne wie Veolia, Monsanto, Suez oder Google.<\/p>\n<p>(1) Mir als Fu\u00dfnote ist es an dieser Stelle wichtig darauf hinzuweisen, dass Fu\u00dfnoten in \u201eESTOY DURMIENDO \/ ich schlafe gerade\u201c wie auch im richtigen Leben, jenem zwischen den Zeilen, das nun mal unseres ist, nicht nur ein Eigen-, sondern auch ein Gef\u00fchlsleben f\u00fchren, was hier endlich einmal zum Ausdruck kommt. Deshalb mag ich pers\u00f6nlich den Schinken eigentlich ganz gern, auch wenn immer noch viel zu wenig Fu\u00dfnoten darin vorkommen.<\/p>\n<p>&nbsp;<\/p>\n<p><strong>Preis:<\/strong> AT \u20ac 23,90 \/ DE \u20ac 23.25<\/p>\n<p><strong>Seiten:<\/strong>\u00a0420<\/p>\n<p><strong>ISBN13:<\/strong>\u00a0978-3-902901-95-8<\/p>\n<p><strong>Erscheinungsdatum:<\/strong>\u00a003.2016<\/p>\n<p><strong>Sprache:<\/strong>\u00a0Deutsch<\/p>\n<p><strong>Format:<\/strong>\u00a020,0 x 12,0 cm;\u00a0Gebunden; fester Einband (Hardcover)<\/p>\n<p><iframe loading=\"lazy\" title=\"Roman &quot;estoy durmiendo \u2013 ich schlafe gerade&quot; von Lilly J\u00e4ckl \u2013 Gulasch-Daham-Lesung\" width=\"1170\" height=\"878\" src=\"https:\/\/www.youtube.com\/embed\/OO4185YWatc?feature=oembed\" frameborder=\"0\" allow=\"accelerometer; autoplay; clipboard-write; encrypted-media; gyroscope; picture-in-picture\" allowfullscreen><\/iframe><\/p>\n","protected":false},"excerpt":{"rendered":"<p>In diesem unterhaltsamen Abenteuerroman heftet sich Lilly J\u00e4ckl an die Fersen moderner Biopiraten und schl\u00e4gt sich mit ihnen quer durch Ecuador, vom Pazifik \u00fcber die Allee der Vulkane bis ins Herz des Amazonasbeckens, wo bis heute Menschenfresser leben, die mitunter Companies wie Chevron Texaco leiten. Alle Fakten, wie z. B. die Zerst\u00f6rung unwiederbringbarer Naturparadiese, gentechnische Experimente absonderlichster Art u.v.a.m., entsprechen der Wahrheit, welche bekanntlich oft verr\u00fcckter ist als jede Fiktion.<\/p>\n","protected":false},"featured_media":1466,"comment_status":"closed","ping_status":"closed","template":"","meta":[],"etheme_brands":[],"product_brand":[],"product_cat":[3689,3701],"product_tag":[191,603,605,604,609,608,578,610,117,602,607,218,606,121],"yst_prominent_words":[3208],"class_list":{"0":"post-921","1":"product","2":"type-product","3":"status-publish","4":"has-post-thumbnail","6":"product_cat-abenteuerromane","7":"product_cat-fiktion","8":"product_tag-abenteuerroman","9":"product_tag-amazonasbeckens","10":"product_tag-biopiraten","11":"product_tag-ecuador","12":"product_tag-fussnote","13":"product_tag-gedankensprung","14":"product_tag-internet","15":"product_tag-jaeckl","16":"product_tag-keiper","17":"product_tag-pacific","18":"product_tag-reflexion","19":"product_tag-roman","20":"product_tag-suedamerika","21":"product_tag-verlag","23":"first","24":"instock","25":"shipping-taxable","26":"purchasable","27":"product-type-simple"},"_links":{"self":[{"href":"https:\/\/www.editionkeiper.at\/shop\/wp-json\/wp\/v2\/product\/921","targetHints":{"allow":["GET"]}}],"collection":[{"href":"https:\/\/www.editionkeiper.at\/shop\/wp-json\/wp\/v2\/product"}],"about":[{"href":"https:\/\/www.editionkeiper.at\/shop\/wp-json\/wp\/v2\/types\/product"}],"replies":[{"embeddable":true,"href":"https:\/\/www.editionkeiper.at\/shop\/wp-json\/wp\/v2\/comments?post=921"}],"wp:featuredmedia":[{"embeddable":true,"href":"https:\/\/www.editionkeiper.at\/shop\/wp-json\/wp\/v2\/media\/1466"}],"wp:attachment":[{"href":"https:\/\/www.editionkeiper.at\/shop\/wp-json\/wp\/v2\/media?parent=921"}],"wp:term":[{"taxonomy":"brand","embeddable":true,"href":"https:\/\/www.editionkeiper.at\/shop\/wp-json\/wp\/v2\/etheme_brands?post=921"},{"taxonomy":"product_brand","embeddable":true,"href":"https:\/\/www.editionkeiper.at\/shop\/wp-json\/wp\/v2\/product_brand?post=921"},{"taxonomy":"product_cat","embeddable":true,"href":"https:\/\/www.editionkeiper.at\/shop\/wp-json\/wp\/v2\/product_cat?post=921"},{"taxonomy":"product_tag","embeddable":true,"href":"https:\/\/www.editionkeiper.at\/shop\/wp-json\/wp\/v2\/product_tag?post=921"},{"taxonomy":"yst_prominent_words","embeddable":true,"href":"https:\/\/www.editionkeiper.at\/shop\/wp-json\/wp\/v2\/yst_prominent_words?post=921"}],"curies":[{"name":"wp","href":"https:\/\/api.w.org\/{rel}","templated":true}]}}