{"id":918,"date":"2016-04-13T14:19:44","date_gmt":"2016-04-13T12:19:44","guid":{"rendered":"https:\/\/www.editionkeiper.at\/shop\/produkt\/a-writers-odyssey\/"},"modified":"2021-03-08T21:58:42","modified_gmt":"2021-03-08T20:58:42","slug":"a-writers-odyssey","status":"publish","type":"product","link":"https:\/\/www.editionkeiper.at\/shop\/produkt\/a-writers-odyssey\/","title":{"rendered":"A Writer\u2019s Odyssey"},"content":{"rendered":"<h2>A Writer\u2019s Odyssey<\/h2>\n<p>von <strong><a href=\"https:\/\/www.editionkeiper.at\/shop\/kristan-lucas\/\">Kristan Lucas<\/a><\/strong><\/p>\n<p>Auf irgendeinem ungenannten Planeten, h\u00f6chstwahrscheinlich auf unserem, irgendwo in den Multiversen, k\u00e4mpft der junge Schriftsteller Schiva gegen die surrealen Ablenkungen dessen, was er Realit\u00e4t nennen muss. Sein Zimmer r\u00e4umt sich von selbst auf, seine Brieftasche wird nie leer, ein enger Freund, der CyberTechPunk, kann durch das Internet reisen und tr\u00e4gt Tattoos, die sich \u00e4ndern wie die Farben eines Cham\u00e4leons. Auf einer Inspirationsreise in Capetown wird Schiva von zwei obskuren Gestalten in die Zukunft seiner Welt, New Earth, entf\u00fchrt. Der Grund: die magischen F\u00e4higkeiten seiner Schreibmaschine, von denen er bislang nichts wusste &#8230;<\/p>\n<p>&nbsp;<\/p>\n<p><strong>Preis:<\/strong> AT \u20ac 17,60 \/ DE \u20ac 17.12<\/p>\n<p><strong>Seiten:<\/strong>\u00a0168<\/p>\n<p><strong>ISBN13:<\/strong>\u00a0978-3-902901-87-3<\/p>\n<p><strong>Erscheinungsdatum:<\/strong>\u00a013.04.2016<\/p>\n<p><strong>Sprache:<\/strong>\u00a0Deutsch<\/p>\n<p><strong>Format:<\/strong>\u00a0flexibler Einband (Paperback)<\/p>\n","protected":false},"excerpt":{"rendered":"<p>Auf irgendeinem ungenannten Planeten, h\u00f6chstwahrscheinlich auf unserem, irgendwo in den Multiversen, k\u00e4mpft der junge Schriftsteller Schiva gegen die surrealen Ablenkungen dessen, was er Realit\u00e4t nennen muss. Sein Zimmer r\u00e4umt sich von selbst auf, seine Brieftasche wird nie leer, ein enger Freund, der CyberTechPunk, kann durch das Internet reisen und tr\u00e4gt Tattoos, die sich \u00e4ndern wie die Farben eines Cham\u00e4leons.<\/p>\n","protected":false},"featured_media":1482,"comment_status":"closed","ping_status":"closed","template":"","meta":[],"etheme_brands":[],"product_brand":[],"product_cat":[3701],"product_tag":[2133,2136,578,2135,117,2137,2139,2138,586,2134,580,121],"yst_prominent_words":[],"class_list":{"0":"post-918","1":"product","2":"type-product","3":"status-publish","4":"has-post-thumbnail","6":"product_cat-fiktion","7":"product_tag-cyberpunk","8":"product_tag-geektopia","9":"product_tag-internet","10":"product_tag-kapstadt","11":"product_tag-keiper","12":"product_tag-multiversen","13":"product_tag-mythologie","14":"product_tag-schreibmaschine","15":"product_tag-schriftsteller","16":"product_tag-suedafrika","17":"product_tag-superhelden","18":"product_tag-verlag","20":"first","21":"instock","22":"shipping-taxable","23":"purchasable","24":"product-type-simple"},"_links":{"self":[{"href":"https:\/\/www.editionkeiper.at\/shop\/wp-json\/wp\/v2\/product\/918","targetHints":{"allow":["GET"]}}],"collection":[{"href":"https:\/\/www.editionkeiper.at\/shop\/wp-json\/wp\/v2\/product"}],"about":[{"href":"https:\/\/www.editionkeiper.at\/shop\/wp-json\/wp\/v2\/types\/product"}],"replies":[{"embeddable":true,"href":"https:\/\/www.editionkeiper.at\/shop\/wp-json\/wp\/v2\/comments?post=918"}],"wp:featuredmedia":[{"embeddable":true,"href":"https:\/\/www.editionkeiper.at\/shop\/wp-json\/wp\/v2\/media\/1482"}],"wp:attachment":[{"href":"https:\/\/www.editionkeiper.at\/shop\/wp-json\/wp\/v2\/media?parent=918"}],"wp:term":[{"taxonomy":"brand","embeddable":true,"href":"https:\/\/www.editionkeiper.at\/shop\/wp-json\/wp\/v2\/etheme_brands?post=918"},{"taxonomy":"product_brand","embeddable":true,"href":"https:\/\/www.editionkeiper.at\/shop\/wp-json\/wp\/v2\/product_brand?post=918"},{"taxonomy":"product_cat","embeddable":true,"href":"https:\/\/www.editionkeiper.at\/shop\/wp-json\/wp\/v2\/product_cat?post=918"},{"taxonomy":"product_tag","embeddable":true,"href":"https:\/\/www.editionkeiper.at\/shop\/wp-json\/wp\/v2\/product_tag?post=918"},{"taxonomy":"yst_prominent_words","embeddable":true,"href":"https:\/\/www.editionkeiper.at\/shop\/wp-json\/wp\/v2\/yst_prominent_words?post=918"}],"curies":[{"name":"wp","href":"https:\/\/api.w.org\/{rel}","templated":true}]}}