{"id":916,"date":"2016-01-11T14:19:44","date_gmt":"2016-01-11T13:19:44","guid":{"rendered":"https:\/\/www.editionkeiper.at\/shop\/produkt\/welt-krieg-goetter-grenzen\/"},"modified":"2021-03-08T21:56:44","modified_gmt":"2021-03-08T20:56:44","slug":"welt-krieg-goetter-grenzen","status":"publish","type":"product","link":"https:\/\/www.editionkeiper.at\/shop\/produkt\/welt-krieg-goetter-grenzen\/","title":{"rendered":"Welt. Krieg. G\u00f6tter. Grenzen."},"content":{"rendered":"<h2>Welt. Krieg. G\u00f6tter. Grenzen.<\/h2>\n<p><strong>\u00dcber B\u00fccher und ihre Orte.<\/strong><\/p>\n<p>von <strong><a href=\"https:\/\/www.editionkeiper.at\/shop\/wingler-hedwig\/\">Hedwig Wingler<\/a><br \/>\n<\/strong><\/p>\n<p>Von den hier wiedergegebenen 19 Buchvorstellungen erschienen 17 zuerst in den &#8222;manuskripten&#8220;, zwei weitere wurden in der Wiener Zeitschrift &#8222;Zwischenwelt&#8220; publiziert. Hedwig Wingler hat immer nur, seit vielen Jahrzehnten, \u00fcber B\u00fccher geschrieben, die ihr lesenswert und wichtig waren. Verrisse hat es nicht gegeben, auch keine bevorzugte literarische Gattung. Die Bandbreite reicht von Romanen \u00fcber historische bzw. autobiografische und dokumentarische Werke bis zu essayistischen \u201eB\u00fcchern des Fragens\u201c und zu einem Gedichtband mit fast epischer Perspektive. Es sind 15 im Original deutschsprachige B\u00fccher sowie vier \u00dcbersetzungen aus dem Georgischen, Ungarischen, Italienischen und amerikanischen Englisch. Alfred Kolleritsch betont in seinem Nachwort, der Bezug zu zeitgeschichtlichen Themen sei allen hier besprochenen B\u00fcchern gemeinsam. Die Romane wie die dokumentarischen und historischen Arbeiten nehmen gesellschaftlich-politisch relevante Inhalte auf, um unserer Gegenwart einen Spiegel vorzuhalten. Dies gilt insbesondere f\u00fcr die Werke mit Schauplatz \u00d6sterreich.<br \/>\nDie besprochenen B\u00fccher sind von: Werner Tom Angress; J\u00fcrgen Becker; Roberto Calasso; Istv\u00e1n E\u00f6rsi; Sherko Fatah (3); Margit Franz und Heimo Halbrainer; Barbara Frischmuth; Arno Geiger; Walter Kappacher; Ursula Krechel (2); Tamta Melaschwili; Richard Obermayr; Saul K. Padover; Hanspeter Padrutt; Peter Waterhouse; Paul W\u00fchr.<\/p>\n<p>&nbsp;<\/p>\n<p><strong>Preis:<\/strong> AT \u20ac 18,70 \/ DE \u20ac 18.19<\/p>\n<p><strong>Seiten:<\/strong>\u00a0264<\/p>\n<p><strong>ISBN13:<\/strong>\u00a0978-3-902901-97-2<\/p>\n<p><strong>Erscheinungsdatum:<\/strong>\u00a011.01.2016<\/p>\n<p><strong>Sprache:<\/strong>\u00a0Deutsch<\/p>\n<p><strong>Format:<\/strong>\u00a0flexibler Einband (Paperback)<\/p>\n","protected":false},"excerpt":{"rendered":"<p>Von den hier wiedergegebenen 19 Buchvorstellungen erschienen 17 zuerst in den &#8222;manuskripten&#8220;, zwei weitere wurden in der Wiener Zeitschrift &#8222;Zwischenwelt&#8220; publiziert. Hedwig Wingler hat immer nur, seit vielen Jahrzehnten, \u00fcber B\u00fccher geschrieben, die ihr lesenswert und wichtig waren. Verrisse hat es nicht gegeben, auch keine bevorzugte literarische Gattung.<\/p>\n","protected":false},"featured_media":1581,"comment_status":"closed","ping_status":"closed","template":"","meta":[],"etheme_brands":[],"product_brand":[],"product_cat":[3506],"product_tag":[566,569,572,481,117,571,574,568,567,121,573,570],"yst_prominent_words":[3207,3206,3236],"class_list":{"0":"post-916","1":"product","2":"type-product","3":"status-publish","4":"has-post-thumbnail","6":"product_cat-essays","7":"product_tag-autobiografisch","8":"product_tag-besprechungen","9":"product_tag-dokumentarische","10":"product_tag-essays","11":"product_tag-keiper","12":"product_tag-kolleritsch","13":"product_tag-manuskripten","14":"product_tag-rezensionen","15":"product_tag-romane","16":"product_tag-verlag","17":"product_tag-wingler","18":"product_tag-zwischenwelt","20":"first","21":"instock","22":"shipping-taxable","23":"purchasable","24":"product-type-simple"},"_links":{"self":[{"href":"https:\/\/www.editionkeiper.at\/shop\/wp-json\/wp\/v2\/product\/916","targetHints":{"allow":["GET"]}}],"collection":[{"href":"https:\/\/www.editionkeiper.at\/shop\/wp-json\/wp\/v2\/product"}],"about":[{"href":"https:\/\/www.editionkeiper.at\/shop\/wp-json\/wp\/v2\/types\/product"}],"replies":[{"embeddable":true,"href":"https:\/\/www.editionkeiper.at\/shop\/wp-json\/wp\/v2\/comments?post=916"}],"wp:featuredmedia":[{"embeddable":true,"href":"https:\/\/www.editionkeiper.at\/shop\/wp-json\/wp\/v2\/media\/1581"}],"wp:attachment":[{"href":"https:\/\/www.editionkeiper.at\/shop\/wp-json\/wp\/v2\/media?parent=916"}],"wp:term":[{"taxonomy":"brand","embeddable":true,"href":"https:\/\/www.editionkeiper.at\/shop\/wp-json\/wp\/v2\/etheme_brands?post=916"},{"taxonomy":"product_brand","embeddable":true,"href":"https:\/\/www.editionkeiper.at\/shop\/wp-json\/wp\/v2\/product_brand?post=916"},{"taxonomy":"product_cat","embeddable":true,"href":"https:\/\/www.editionkeiper.at\/shop\/wp-json\/wp\/v2\/product_cat?post=916"},{"taxonomy":"product_tag","embeddable":true,"href":"https:\/\/www.editionkeiper.at\/shop\/wp-json\/wp\/v2\/product_tag?post=916"},{"taxonomy":"yst_prominent_words","embeddable":true,"href":"https:\/\/www.editionkeiper.at\/shop\/wp-json\/wp\/v2\/yst_prominent_words?post=916"}],"curies":[{"name":"wp","href":"https:\/\/api.w.org\/{rel}","templated":true}]}}