{"id":915,"date":"2016-02-05T14:19:44","date_gmt":"2016-02-05T13:19:44","guid":{"rendered":"https:\/\/www.editionkeiper.at\/shop\/produkt\/13-x-mord\/"},"modified":"2021-03-08T21:57:17","modified_gmt":"2021-03-08T20:57:17","slug":"13-x-mord","status":"publish","type":"product","link":"https:\/\/www.editionkeiper.at\/shop\/produkt\/13-x-mord\/","title":{"rendered":"13 x Mord"},"content":{"rendered":"<h2>13 x Mord<\/h2>\n<p>von\u00a0<strong><a href=\"https:\/\/www.editionkeiper.at\/shop\/kuchling-mirella\/\">Mirella Kuchling<\/a><br \/>\n<\/strong><\/p>\n<p>Wenn in Nachbars Garten unversch\u00e4mt sch\u00f6nes Gem\u00fcse w\u00e4chst, der Geliebte pl\u00f6tzlich nicht mehr besonders liebenswert erscheint oder selbst eine Kranke nicht von l\u00e4stigen Ann\u00e4herungsversuchen widerlicher M\u00e4nner verschont bleibt, so geschieht fr\u00fcher oder sp\u00e4ter ein Mord. Ein finaler Mord oder aber ein solcher, der Lust auf mehr macht \u2013 nicht nur den kaltbl\u00fctig, krankhaft sowie kreativ Mordenden, sondern auch den Leserinnen und Lesern, die hier 13 Mal in facettenreicher Manier Leichen serviert bekommen &#8230;<\/p>\n<p>&nbsp;<\/p>\n<p><strong>Preis:<\/strong> AT \u20ac 16,50 \/ DE \u20ac 16.05<\/p>\n<p><strong>Seiten:<\/strong>\u00a0144<\/p>\n<p><strong>ISBN13:<\/strong>\u00a0978-3-902901-86-6<\/p>\n<p><strong>Erscheinungsdatum:<\/strong>\u00a005.02.2016<\/p>\n<p><strong>Sprache:<\/strong>\u00a0Deutsch<\/p>\n<p><strong>Format:<\/strong>\u00a0flexibler Einband (Paperback)<\/p>\n","protected":false},"excerpt":{"rendered":"<p>Wenn in Nachbars Garten unversch\u00e4mt sch\u00f6nes Gem\u00fcse w\u00e4chst, der Geliebte pl\u00f6tzlich nicht mehr besonders liebenswert erscheint oder selbst eine Kranke nicht von l\u00e4stigen Ann\u00e4herungsversuchen widerlicher M\u00e4nner verschont bleibt, so geschieht fr\u00fcher oder sp\u00e4ter ein Mord.<\/p>\n","protected":false},"featured_media":1483,"comment_status":"closed","ping_status":"closed","template":"","meta":[],"etheme_brands":[],"product_brand":[],"product_cat":[1394],"product_tag":[117,558,565,564,160,563,121],"yst_prominent_words":[3407],"class_list":{"0":"post-915","1":"product","2":"type-product","3":"status-publish","4":"has-post-thumbnail","6":"product_cat-krimi","7":"product_tag-keiper","8":"product_tag-krimi","9":"product_tag-krimi-kurzgeschichten","10":"product_tag-kriminalgeschichten","11":"product_tag-kuchling","12":"product_tag-mord","13":"product_tag-verlag","15":"first","16":"instock","17":"shipping-taxable","18":"purchasable","19":"product-type-simple"},"_links":{"self":[{"href":"https:\/\/www.editionkeiper.at\/shop\/wp-json\/wp\/v2\/product\/915","targetHints":{"allow":["GET"]}}],"collection":[{"href":"https:\/\/www.editionkeiper.at\/shop\/wp-json\/wp\/v2\/product"}],"about":[{"href":"https:\/\/www.editionkeiper.at\/shop\/wp-json\/wp\/v2\/types\/product"}],"replies":[{"embeddable":true,"href":"https:\/\/www.editionkeiper.at\/shop\/wp-json\/wp\/v2\/comments?post=915"}],"wp:featuredmedia":[{"embeddable":true,"href":"https:\/\/www.editionkeiper.at\/shop\/wp-json\/wp\/v2\/media\/1483"}],"wp:attachment":[{"href":"https:\/\/www.editionkeiper.at\/shop\/wp-json\/wp\/v2\/media?parent=915"}],"wp:term":[{"taxonomy":"brand","embeddable":true,"href":"https:\/\/www.editionkeiper.at\/shop\/wp-json\/wp\/v2\/etheme_brands?post=915"},{"taxonomy":"product_brand","embeddable":true,"href":"https:\/\/www.editionkeiper.at\/shop\/wp-json\/wp\/v2\/product_brand?post=915"},{"taxonomy":"product_cat","embeddable":true,"href":"https:\/\/www.editionkeiper.at\/shop\/wp-json\/wp\/v2\/product_cat?post=915"},{"taxonomy":"product_tag","embeddable":true,"href":"https:\/\/www.editionkeiper.at\/shop\/wp-json\/wp\/v2\/product_tag?post=915"},{"taxonomy":"yst_prominent_words","embeddable":true,"href":"https:\/\/www.editionkeiper.at\/shop\/wp-json\/wp\/v2\/yst_prominent_words?post=915"}],"curies":[{"name":"wp","href":"https:\/\/api.w.org\/{rel}","templated":true}]}}