{"id":911,"date":"2015-12-09T14:19:44","date_gmt":"2015-12-09T13:19:44","guid":{"rendered":"https:\/\/www.editionkeiper.at\/shop\/produkt\/heruebergeschrieben\/"},"modified":"2021-03-08T21:54:55","modified_gmt":"2021-03-08T20:54:55","slug":"heruebergeschrieben","status":"publish","type":"product","link":"https:\/\/www.editionkeiper.at\/shop\/produkt\/heruebergeschrieben\/","title":{"rendered":"Her\u00fcbergeschrieben"},"content":{"rendered":"<h2>Her\u00fcbergeschrieben<\/h2>\n<p><strong>Unsagbares in Worte gefasst<\/strong><\/p>\n<p><a href=\"https:\/\/www.editionkeiper.at\/shop\/gewaltschutzzentrum-steiermark\/\">Gewaltschutzzentrum Steiermark<\/a>\u00a0(Hg.)<\/p>\n<p>Zwanzig m\u00fcndliche Schilderungen von Betroffenen, zwanzig gerichtliche Antr\u00e4ge \u2013 von zwanzig steirischen AutorInnen und K\u00fcnstlerInnen in zwanzig literarische Beitr\u00e4ge &#8222;her\u00fcbergeschrieben&#8220;. Anthologie, erschienen anl\u00e4sslich des zwanzigj\u00e4hrigen Jubil\u00e4ums des Gewaltschutzzentrum Steiermark.<\/p>\n<p>&nbsp;<\/p>\n<p><strong>Preis:<\/strong> AT \u20ac 19,80 \/ DE \u20ac 19.26<\/p>\n<p><strong>Seiten:<\/strong>\u00a0168<\/p>\n<p><strong>ISBN13:<\/strong>\u00a0978-3-902901-96-5<\/p>\n<p><strong>Erscheinungsdatum:<\/strong>\u00a009.12.2015<\/p>\n<p><strong>Sprache:<\/strong>\u00a0Deutsch<\/p>\n<p><strong>Format:<\/strong>\u00a0fester Einband (Hardcover)<\/p>\n","protected":false},"excerpt":{"rendered":"<p>Zwanzig m\u00fcndliche Schilderungen von Betroffenen, zwanzig gerichtliche Antr\u00e4ge \u2013 von zwanzig steirischen AutorInnen und K\u00fcnstlerInnen in zwanzig literarische Beitr\u00e4ge &#8222;her\u00fcbergeschrieben&#8220;. Anthologie, erschienen anl\u00e4sslich des zwanzigj\u00e4hrigen Jubil\u00e4ums des Gewaltschutzzentrum Steiermark.<\/p>\n","protected":false},"featured_media":1428,"comment_status":"closed","ping_status":"closed","template":"","meta":[],"etheme_brands":[],"product_brand":[],"product_cat":[3681],"product_tag":[275,554,553,555,117,348,204,121],"yst_prominent_words":[3331],"class_list":{"0":"post-911","1":"product","2":"type-product","3":"status-publish","4":"has-post-thumbnail","6":"product_cat-anthologie","7":"product_tag-gewalt","8":"product_tag-gewaltschutz","9":"product_tag-gewaltschutzzentrum","10":"product_tag-heruebergeschrieben","11":"product_tag-keiper","12":"product_tag-literatur","13":"product_tag-polizeiarbeit","14":"product_tag-verlag","16":"first","17":"instock","18":"shipping-taxable","19":"purchasable","20":"product-type-simple"},"_links":{"self":[{"href":"https:\/\/www.editionkeiper.at\/shop\/wp-json\/wp\/v2\/product\/911","targetHints":{"allow":["GET"]}}],"collection":[{"href":"https:\/\/www.editionkeiper.at\/shop\/wp-json\/wp\/v2\/product"}],"about":[{"href":"https:\/\/www.editionkeiper.at\/shop\/wp-json\/wp\/v2\/types\/product"}],"replies":[{"embeddable":true,"href":"https:\/\/www.editionkeiper.at\/shop\/wp-json\/wp\/v2\/comments?post=911"}],"wp:featuredmedia":[{"embeddable":true,"href":"https:\/\/www.editionkeiper.at\/shop\/wp-json\/wp\/v2\/media\/1428"}],"wp:attachment":[{"href":"https:\/\/www.editionkeiper.at\/shop\/wp-json\/wp\/v2\/media?parent=911"}],"wp:term":[{"taxonomy":"brand","embeddable":true,"href":"https:\/\/www.editionkeiper.at\/shop\/wp-json\/wp\/v2\/etheme_brands?post=911"},{"taxonomy":"product_brand","embeddable":true,"href":"https:\/\/www.editionkeiper.at\/shop\/wp-json\/wp\/v2\/product_brand?post=911"},{"taxonomy":"product_cat","embeddable":true,"href":"https:\/\/www.editionkeiper.at\/shop\/wp-json\/wp\/v2\/product_cat?post=911"},{"taxonomy":"product_tag","embeddable":true,"href":"https:\/\/www.editionkeiper.at\/shop\/wp-json\/wp\/v2\/product_tag?post=911"},{"taxonomy":"yst_prominent_words","embeddable":true,"href":"https:\/\/www.editionkeiper.at\/shop\/wp-json\/wp\/v2\/yst_prominent_words?post=911"}],"curies":[{"name":"wp","href":"https:\/\/api.w.org\/{rel}","templated":true}]}}