{"id":908,"date":"2016-09-05T14:19:44","date_gmt":"2016-09-05T12:19:44","guid":{"rendered":"https:\/\/www.editionkeiper.at\/shop\/produkt\/vom-leben-und-sterben-des-herrn-vattern-bauer-handwerker-und-graf\/"},"modified":"2021-03-09T12:06:35","modified_gmt":"2021-03-09T11:06:35","slug":"vom-leben-und-sterben-des-herrn-vattern-bauer-handwerker-und-graf","status":"publish","type":"product","link":"https:\/\/www.editionkeiper.at\/shop\/produkt\/vom-leben-und-sterben-des-herrn-vattern-bauer-handwerker-und-graf\/","title":{"rendered":"Vom Leben und Sterben des Herrn Vattern, Bauer, Handwerker und Graf"},"content":{"rendered":"<h2>Vom Leben und Sterben des Herrn Vattern, Bauer, Handwerker und Graf<\/h2>\n<p>von\u00a0<strong><a href=\"https:\/\/www.editionkeiper.at\/shop\/wolfmayr-andrea\/\"> Andrea Wolfmayr<\/a><br \/>\n<\/strong><\/p>\n<p>Magdalena lebt mit ihrem Mann Sepp im elterlichen Haus und pflegt ihren alten Vater. Dieser, sein Leben lang gewohnt, Haus, Frau und Familie als sein pers\u00f6nliches Eigentum zu betrachten, stellt die Tochter vor ungeahnte Herausforderungen, die allm\u00e4hlich an ihrer Lebenssubstanz nagen und sie an ihre Grenzen bringen. Der Vater hat Parkinson \u2013 und Demenz. Er wird immer pflegebed\u00fcrftiger, kann sich nicht mehr selbst versorgen, fordert Aufmerksamkeit und wird zunehmend sturer und eigenwilliger. Ein st\u00e4ndiges Wechselspiel beginnt, von Zuneigung und Abgrenzung, ein Gef\u00fchlstaumel zwischen Liebe, Hass, Traurigkeit, Wut, Zorn und Resignation. Permanent schlechtes Gewissen und Schuldgef\u00fchle pr\u00e4gen den Alltag. Der Vater, subtil autorit\u00e4r und patriarchalisch denkend, lebenslang vor der bewussten Auseinandersetzung mit eigenen Kriegserlebnissen zur\u00fcckscheuend, ger\u00e4t zunehmend zum Clown, \u201e\u2026 grotesk mit deinen aufgekrempelten Hosenbeinen und dem Stolpern, den Brillen, durch die du nichts mehr siehst, und den verrutschten Gew\u00e4ndern. Du bist ein Clown, Vater, ein Narr bist du geworden.\u201c Ecce Homo. Sieh da, der Mensch.<\/p>\n<p>&nbsp;<\/p>\n<p><strong>Preis:<\/strong> AT \u20ac 24,00 \/ DE \u20ac 23.35<\/p>\n<p><strong>Seiten:<\/strong>\u00a0330<\/p>\n<p><strong>ISBN13:<\/strong>\u00a0978-3-902901-17-0<\/p>\n<p><strong>Erscheinungsdatum:<\/strong>\u00a009.2016<\/p>\n<p><strong>Sprache:<\/strong>\u00a0Deutsch<\/p>\n<p><strong>Format:<\/strong>\u00a020,0 x 12,0 cm;\u00a0Gebunden; fester Einband (Hardcover)<\/p>\n","protected":false},"excerpt":{"rendered":"<p>Magdalena lebt mit ihrem Mann Sepp im elterlichen Haus und pflegt ihren alten Vater. Dieser, sein Leben lang gewohnt, Haus, Frau und Familie als sein pers\u00f6nliches Eigentum zu betrachten, stellt die Tochter vor ungeahnte Herausforderungen, die allm\u00e4hlich an ihrer Lebenssubstanz nagen und sie an ihre Grenzen bringen. Der Vater hat Parkinson \u2013 und Demenz.<\/p>\n","protected":false},"featured_media":1586,"comment_status":"closed","ping_status":"closed","template":"","meta":[],"etheme_brands":[],"product_brand":[],"product_cat":[3688],"product_tag":[534,523,336,535,522,528,117,348,525,323,526,531,532,527,530,218,533,209,536,529,121,524,109],"yst_prominent_words":[3208,3302],"class_list":{"0":"post-908","1":"product","2":"type-product","3":"status-publish","4":"has-post-thumbnail","6":"product_cat-familienromane","7":"product_tag-alltag","8":"product_tag-alterskrank","9":"product_tag-belletristik","10":"product_tag-biografisch","11":"product_tag-demenz","12":"product_tag-gefuehle","13":"product_tag-keiper","14":"product_tag-literatur","15":"product_tag-magdalena","16":"product_tag-oesterreich","17":"product_tag-parkinson","18":"product_tag-patriach","19":"product_tag-pflege","20":"product_tag-pflegebeduerftig","21":"product_tag-psyche","22":"product_tag-roman","23":"product_tag-schuldgefuehle","24":"product_tag-steiermark","25":"product_tag-tagebuch","26":"product_tag-vater-tochter-beziehung","27":"product_tag-verlag","28":"product_tag-wolfmayr","29":"product_tag-www-editionkeiper-at","31":"first","32":"instock","33":"shipping-taxable","34":"purchasable","35":"product-type-simple"},"_links":{"self":[{"href":"https:\/\/www.editionkeiper.at\/shop\/wp-json\/wp\/v2\/product\/908","targetHints":{"allow":["GET"]}}],"collection":[{"href":"https:\/\/www.editionkeiper.at\/shop\/wp-json\/wp\/v2\/product"}],"about":[{"href":"https:\/\/www.editionkeiper.at\/shop\/wp-json\/wp\/v2\/types\/product"}],"replies":[{"embeddable":true,"href":"https:\/\/www.editionkeiper.at\/shop\/wp-json\/wp\/v2\/comments?post=908"}],"wp:featuredmedia":[{"embeddable":true,"href":"https:\/\/www.editionkeiper.at\/shop\/wp-json\/wp\/v2\/media\/1586"}],"wp:attachment":[{"href":"https:\/\/www.editionkeiper.at\/shop\/wp-json\/wp\/v2\/media?parent=908"}],"wp:term":[{"taxonomy":"brand","embeddable":true,"href":"https:\/\/www.editionkeiper.at\/shop\/wp-json\/wp\/v2\/etheme_brands?post=908"},{"taxonomy":"product_brand","embeddable":true,"href":"https:\/\/www.editionkeiper.at\/shop\/wp-json\/wp\/v2\/product_brand?post=908"},{"taxonomy":"product_cat","embeddable":true,"href":"https:\/\/www.editionkeiper.at\/shop\/wp-json\/wp\/v2\/product_cat?post=908"},{"taxonomy":"product_tag","embeddable":true,"href":"https:\/\/www.editionkeiper.at\/shop\/wp-json\/wp\/v2\/product_tag?post=908"},{"taxonomy":"yst_prominent_words","embeddable":true,"href":"https:\/\/www.editionkeiper.at\/shop\/wp-json\/wp\/v2\/yst_prominent_words?post=908"}],"curies":[{"name":"wp","href":"https:\/\/api.w.org\/{rel}","templated":true}]}}