{"id":907,"date":"2016-10-03T14:19:44","date_gmt":"2016-10-03T12:19:44","guid":{"rendered":"https:\/\/www.editionkeiper.at\/shop\/produkt\/das-lager\/"},"modified":"2021-03-08T22:04:17","modified_gmt":"2021-03-08T21:04:17","slug":"das-lager","status":"publish","type":"product","link":"https:\/\/www.editionkeiper.at\/shop\/produkt\/das-lager\/","title":{"rendered":"Das Lager"},"content":{"rendered":"<h2>Das Lager<\/h2>\n<p>von\u00a0<strong><a href=\"https:\/\/www.editionkeiper.at\/shop\/hoellrigl-sigrun\/\">Sigrun H\u00f6llrigl<\/a><br \/>\n<\/strong><\/p>\n<p>Der Bibliothekar Paul Friess ist pl\u00f6tzlich verschwunden. Als er in verwahrlostem Zustand wieder auftaucht, behauptet er, er sei in ein Gef\u00e4ngnis in die Berge verschleppt worden, h\u00e4tte Schreie geh\u00f6rt und um sein Leben gef\u00fcrchtet. Ungereimtheiten und Erinnerungsl\u00fccken lassen Zweifel aufkommen, ob die Entf\u00fchrung tats\u00e4chlich stattgefunden hat. Pauls geordnetes Leben ger\u00e4t aus den Fugen. Er verwickelt sich in Nachforschungen und Verschw\u00f6rungstheorien, die durch zahlreiche Ereignisse Best\u00e4tigung finden. Paul wird zum Einzelg\u00e4nger. Entfremdung, R\u00fcckzug aus Beziehungen, Erinnerungsverlust, Realit\u00e4tsverlust, Depression sind die Folgen. Erst durch eine Hypnosebehandlung kann der traumatisierte Held die verlorenen zwanzig Tage seines Lebens rekonstruieren.<\/p>\n<p>&nbsp;<\/p>\n<p><strong>Preis:<\/strong> AT \u20ac 19,90 \/ DE \u20ac 19.36<\/p>\n<p><strong>Seiten:<\/strong>\u00a0160<\/p>\n<p><strong>ISBN13:<\/strong>\u00a0978-3-902901-18-7<\/p>\n<p><strong>Erscheinungsdatum:<\/strong>\u00a010.2016<\/p>\n<p><strong>Sprache:<\/strong>\u00a0Deutsch<\/p>\n<p><strong>Format:<\/strong>\u00a0 Gebunden; fester Einband (Hardcover)<\/p>\n","protected":false},"excerpt":{"rendered":"<p>Der Bibliothekar Paul Friess ist pl\u00f6tzlich verschwunden. Als er in verwahrlostem Zustand wieder auftaucht, behauptet er, er sei in ein Gef\u00e4ngnis in die Berge verschleppt worden, h\u00e4tte Schreie geh\u00f6rt und um sein Leben gef\u00fcrchtet. Ungereimtheiten und Erinnerungsl\u00fccken lassen Zweifel aufkommen, ob die Entf\u00fchrung tats\u00e4chlich stattgefunden hat. Pauls geordnetes Leben ger\u00e4t aus den Fugen.<\/p>\n","protected":false},"featured_media":1454,"comment_status":"closed","ping_status":"closed","template":"","meta":[],"etheme_brands":[],"product_brand":[],"product_cat":[3687],"product_tag":[517,522,510,520,521,511,516,512,117,519,514,372,515,218,446,518,121,513],"yst_prominent_words":[3208],"class_list":{"0":"post-907","1":"product","2":"type-product","3":"status-publish","4":"has-post-thumbnail","6":"product_cat-romane","7":"product_tag-bergwelt","8":"product_tag-demenz","9":"product_tag-depression","10":"product_tag-entfremdung","11":"product_tag-entfuehrung","12":"product_tag-erinnerungsverlust","13":"product_tag-hoellrigl","14":"product_tag-hypnosebehandlung","15":"product_tag-keiper","16":"product_tag-kreta","17":"product_tag-lager","18":"product_tag-psychologie","19":"product_tag-realitaetsverlust","20":"product_tag-roman","21":"product_tag-trauma","22":"product_tag-unbehagen","23":"product_tag-verlag","24":"product_tag-verschwoerungstheorien","26":"first","27":"instock","28":"shipping-taxable","29":"purchasable","30":"product-type-simple"},"_links":{"self":[{"href":"https:\/\/www.editionkeiper.at\/shop\/wp-json\/wp\/v2\/product\/907","targetHints":{"allow":["GET"]}}],"collection":[{"href":"https:\/\/www.editionkeiper.at\/shop\/wp-json\/wp\/v2\/product"}],"about":[{"href":"https:\/\/www.editionkeiper.at\/shop\/wp-json\/wp\/v2\/types\/product"}],"replies":[{"embeddable":true,"href":"https:\/\/www.editionkeiper.at\/shop\/wp-json\/wp\/v2\/comments?post=907"}],"wp:featuredmedia":[{"embeddable":true,"href":"https:\/\/www.editionkeiper.at\/shop\/wp-json\/wp\/v2\/media\/1454"}],"wp:attachment":[{"href":"https:\/\/www.editionkeiper.at\/shop\/wp-json\/wp\/v2\/media?parent=907"}],"wp:term":[{"taxonomy":"brand","embeddable":true,"href":"https:\/\/www.editionkeiper.at\/shop\/wp-json\/wp\/v2\/etheme_brands?post=907"},{"taxonomy":"product_brand","embeddable":true,"href":"https:\/\/www.editionkeiper.at\/shop\/wp-json\/wp\/v2\/product_brand?post=907"},{"taxonomy":"product_cat","embeddable":true,"href":"https:\/\/www.editionkeiper.at\/shop\/wp-json\/wp\/v2\/product_cat?post=907"},{"taxonomy":"product_tag","embeddable":true,"href":"https:\/\/www.editionkeiper.at\/shop\/wp-json\/wp\/v2\/product_tag?post=907"},{"taxonomy":"yst_prominent_words","embeddable":true,"href":"https:\/\/www.editionkeiper.at\/shop\/wp-json\/wp\/v2\/yst_prominent_words?post=907"}],"curies":[{"name":"wp","href":"https:\/\/api.w.org\/{rel}","templated":true}]}}