{"id":906,"date":"2016-10-05T14:19:44","date_gmt":"2016-10-05T12:19:44","guid":{"rendered":"https:\/\/www.editionkeiper.at\/shop\/produkt\/der-kleine-mann-aus-salz\/"},"modified":"2021-03-09T12:46:20","modified_gmt":"2021-03-09T11:46:20","slug":"der-kleine-mann-aus-salz","status":"publish","type":"product","link":"https:\/\/www.editionkeiper.at\/shop\/produkt\/der-kleine-mann-aus-salz\/","title":{"rendered":"Der kleine Mann aus Salz"},"content":{"rendered":"<h2>Der kleine Mann aus Salz<\/h2>\n<p>von\u00a0<strong><a href=\"https:\/\/www.editionkeiper.at\/shop\/reyer-sophie\/\">Sophie\u00a0<\/a><a href=\"https:\/\/www.editionkeiper.at\/shop\/reyer-sophie\/\">Reyer<\/a><br \/>\n<\/strong><\/p>\n<p>Die Welt, in der Sophie Reyer den kleinen Mann aus Salz ansiedelt, ist eine Traumwelt, voll von Figuren, die v\u00f6llig neu phantasiert sind \u2013 doch seltsamerweise kennen wir sie irgendwie alle: das Beh und das \u00dcte, die Frust- und die Freudenfresserchen, die Elfenfanten und die pinken Dinger und all die anderen, von denen der Mann aus Salz erz\u00e4hlt. Er lebt auf der Insel, wo es die Hauptfigur angeschwemmt hat. \u00dcber eine F\u00fclle von Geschichten kommen sie sich n\u00e4her, bis eine zarte Verbundenheit entsteht, die so weit geht, dass der Mann aus Salz \u2013 endlich \u2013 seine Erl\u00f6sung findet. F\u00fcr den Protagonisten f\u00fcgen sich ab diesem Moment all die phantastischen Gebilde aus den Erz\u00e4hlungen des kleinen Mannes zu realen Bestandteilen seines au\u00dfergew\u00f6hnlichen Daseins auf dieser seltsamen Insel mit ihren seltsamen Gestalten. Was unglaublich schien, existiert wirklich!<\/p>\n<p>&nbsp;<\/p>\n<p><strong>Preis:<\/strong> AT \u20ac 17,60 \/ DE \u20ac 17.12<\/p>\n<p><strong>Seiten:<\/strong>\u00a0112<\/p>\n<p><strong>ISBN13:<\/strong>\u00a0978-3-903144-02-6<\/p>\n<p><strong>Erscheinungsdatum:<\/strong>\u00a010.2016<\/p>\n<p><strong>Sprache:<\/strong>\u00a0Deutsch<\/p>\n<p><strong>Format:<\/strong>\u00a0;\u00a0Gebunden; fester Einband (Hardcover)<\/p>\n","protected":false},"excerpt":{"rendered":"<p>Die Welt, in der Sophie Reyer den kleinen Mann aus Salz ansiedelt, ist eine Traumwelt, voll von Figuren, die v\u00f6llig neu phantasiert sind \u2013 doch seltsamerweise kennen wir sie irgendwie alle: das Beh und das \u00dcte, die Frust- und die Freudenfresserchen, die Elfenfanten und die pinken Dinger und all die anderen, von denen der Mann aus Salz erz\u00e4hlt.<\/p>\n","protected":false},"featured_media":1538,"comment_status":"closed","ping_status":"closed","template":"","meta":[],"etheme_brands":[],"product_brand":[],"product_cat":[3687],"product_tag":[506,162,113,507,117,503,508,505,238,218,509,502,501,504,121],"yst_prominent_words":[],"class_list":{"0":"post-906","1":"product","2":"type-product","3":"status-publish","4":"has-post-thumbnail","6":"product_cat-romane","7":"product_tag-einsame-insel","8":"product_tag-fantasie","9":"product_tag-freundschaft","10":"product_tag-geschichtenerzaehler","11":"product_tag-keiper","12":"product_tag-menschlichkeit","13":"product_tag-philosophisch-poetisch","14":"product_tag-poetisch","15":"product_tag-reyer","16":"product_tag-roman","17":"product_tag-sophie","18":"product_tag-traum","19":"product_tag-traum-und-wirklichkeit","20":"product_tag-traumwelt","21":"product_tag-verlag","23":"first","24":"instock","25":"shipping-taxable","26":"purchasable","27":"product-type-simple"},"_links":{"self":[{"href":"https:\/\/www.editionkeiper.at\/shop\/wp-json\/wp\/v2\/product\/906","targetHints":{"allow":["GET"]}}],"collection":[{"href":"https:\/\/www.editionkeiper.at\/shop\/wp-json\/wp\/v2\/product"}],"about":[{"href":"https:\/\/www.editionkeiper.at\/shop\/wp-json\/wp\/v2\/types\/product"}],"replies":[{"embeddable":true,"href":"https:\/\/www.editionkeiper.at\/shop\/wp-json\/wp\/v2\/comments?post=906"}],"wp:featuredmedia":[{"embeddable":true,"href":"https:\/\/www.editionkeiper.at\/shop\/wp-json\/wp\/v2\/media\/1538"}],"wp:attachment":[{"href":"https:\/\/www.editionkeiper.at\/shop\/wp-json\/wp\/v2\/media?parent=906"}],"wp:term":[{"taxonomy":"brand","embeddable":true,"href":"https:\/\/www.editionkeiper.at\/shop\/wp-json\/wp\/v2\/etheme_brands?post=906"},{"taxonomy":"product_brand","embeddable":true,"href":"https:\/\/www.editionkeiper.at\/shop\/wp-json\/wp\/v2\/product_brand?post=906"},{"taxonomy":"product_cat","embeddable":true,"href":"https:\/\/www.editionkeiper.at\/shop\/wp-json\/wp\/v2\/product_cat?post=906"},{"taxonomy":"product_tag","embeddable":true,"href":"https:\/\/www.editionkeiper.at\/shop\/wp-json\/wp\/v2\/product_tag?post=906"},{"taxonomy":"yst_prominent_words","embeddable":true,"href":"https:\/\/www.editionkeiper.at\/shop\/wp-json\/wp\/v2\/yst_prominent_words?post=906"}],"curies":[{"name":"wp","href":"https:\/\/api.w.org\/{rel}","templated":true}]}}