{"id":905,"date":"2016-10-01T14:19:34","date_gmt":"2016-10-01T12:19:34","guid":{"rendered":"https:\/\/www.editionkeiper.at\/shop\/produkt\/solange-es-sara-gibt\/"},"modified":"2021-03-08T22:03:11","modified_gmt":"2021-03-08T21:03:11","slug":"solange-es-sara-gibt","status":"publish","type":"product","link":"https:\/\/www.editionkeiper.at\/shop\/produkt\/solange-es-sara-gibt\/","title":{"rendered":"Solange es Sara gibt"},"content":{"rendered":"<h2>Solange es Sara gibt<\/h2>\n<p>von <strong><a href=\"https:\/\/www.editionkeiper.at\/shop\/pichler-cornelia\/\">Cornelia Pichler<\/a><br \/>\n<\/strong><\/p>\n<p>Sara leidet an der unheilbaren Stoffwechselerkrankung Mukoviszidose. Um ihrer \u00fcberf\u00fcrsorglichen Familie zu entfliehen, hat sie die elterliche Umgebung schon fr\u00fch verlassen und als Yogalehrerin in Kanada, Australien, Irland, Schweden und auf St. Barth gelebt. F\u00fcnf M\u00e4nner hat sie dabei kennengelernt, die ihr Herz wirklich ber\u00fchrt haben und mit denen sie sich ein Leben h\u00e4tte vorstellen k\u00f6nnen. Doch wegen ihrer Krankheit und der damit verbundenen Angst vor einer ernsthaften Beziehung ist sie jedes Mal gefl\u00fcchtet, um einen neuen Lebensabschnitt zu beginnen. Nun, mit Anfang drei\u00dfig, entschlie\u00dft sich Sara, ihr Leben in die Hand zu nehmen und sich ohne Wenn und Aber auf alle H\u00f6hen und Tiefen einzulassen. Sie schreibt Briefe an jene f\u00fcnf M\u00e4nner aus ihrer Vergangenheit, die ihr Herz h\u00f6her schlagen lie\u00dfen. Das Abenteuer ihres Lebens beginnt.<\/p>\n<p>&nbsp;<\/p>\n<p><strong>Preis:<\/strong> AT \u20ac 25,00 \/ DE \u20ac 24.32<\/p>\n<p><strong>Seiten:<\/strong>\u00a0520<\/p>\n<p><strong>ISBN13:<\/strong>\u00a0978-3-903144-00-2<\/p>\n<p><strong>Erscheinungsdatum:<\/strong>\u00a001.10.2016<\/p>\n<p><strong>Sprache:<\/strong>\u00a0Deutsch<\/p>\n<p><strong>Format:<\/strong>\u00a020,0 x 12,0 cm; Buch flexibler Einband (Paperback)<\/p>\n","protected":false},"excerpt":{"rendered":"<p>Sara leidet an der unheilbaren Stoffwechselerkrankung Mukoviszidose. Um ihrer \u00fcberf\u00fcrsorglichen Familie zu entfliehen, hat sie die elterliche Umgebung schon fr\u00fch verlassen und als Yogalehrerin in Kanada, Australien, Irland, Schweden und auf St. Barth gelebt. F\u00fcnf M\u00e4nner hat sie dabei kennengelernt, die ihr Herz wirklich ber\u00fchrt haben, f\u00fcnf M\u00e4nner, mit denen sie sich ein Leben h\u00e4tte vorstellen k\u00f6nnen.<\/p>\n<p>Die Geschichte einer Frau, die beschlie\u00dft, sich auf das Leben einzulassen. Eine ber\u00fchrende Reise zum eigenen Ich.<\/p>\n","protected":false},"featured_media":1520,"comment_status":"closed","ping_status":"closed","template":"","meta":[],"etheme_brands":[],"product_brand":[],"product_cat":[3693],"product_tag":[153,486,317,492,489,280,488,485,484,497,117,498,494,482,382,500,495,218,490,496,491,499,483,487,121,493],"yst_prominent_words":[3208],"class_list":{"0":"post-905","1":"product","2":"type-product","3":"status-publish","4":"has-post-thumbnail","6":"product_cat-liebesromane","7":"product_tag-abenteuer","8":"product_tag-australien","9":"product_tag-beziehung","10":"product_tag-briefe","11":"product_tag-cornelia","12":"product_tag-familie","13":"product_tag-fuenf-maenner","14":"product_tag-herz","15":"product_tag-irland","16":"product_tag-kanada","17":"product_tag-keiper","18":"product_tag-krankheit","19":"product_tag-leben","20":"product_tag-lebensabschnitt","21":"product_tag-liebe","22":"product_tag-mukoviszidose","23":"product_tag-pichler","24":"product_tag-roman","25":"product_tag-schicksal","26":"product_tag-schicksalsschlag","27":"product_tag-schicksalsschlaege","28":"product_tag-schweden","29":"product_tag-st-barth","30":"product_tag-stoffwechselerkrankung","31":"product_tag-verlag","32":"product_tag-yogalehrerin","34":"first","35":"instock","36":"shipping-taxable","37":"purchasable","38":"product-type-simple"},"_links":{"self":[{"href":"https:\/\/www.editionkeiper.at\/shop\/wp-json\/wp\/v2\/product\/905","targetHints":{"allow":["GET"]}}],"collection":[{"href":"https:\/\/www.editionkeiper.at\/shop\/wp-json\/wp\/v2\/product"}],"about":[{"href":"https:\/\/www.editionkeiper.at\/shop\/wp-json\/wp\/v2\/types\/product"}],"replies":[{"embeddable":true,"href":"https:\/\/www.editionkeiper.at\/shop\/wp-json\/wp\/v2\/comments?post=905"}],"wp:featuredmedia":[{"embeddable":true,"href":"https:\/\/www.editionkeiper.at\/shop\/wp-json\/wp\/v2\/media\/1520"}],"wp:attachment":[{"href":"https:\/\/www.editionkeiper.at\/shop\/wp-json\/wp\/v2\/media?parent=905"}],"wp:term":[{"taxonomy":"brand","embeddable":true,"href":"https:\/\/www.editionkeiper.at\/shop\/wp-json\/wp\/v2\/etheme_brands?post=905"},{"taxonomy":"product_brand","embeddable":true,"href":"https:\/\/www.editionkeiper.at\/shop\/wp-json\/wp\/v2\/product_brand?post=905"},{"taxonomy":"product_cat","embeddable":true,"href":"https:\/\/www.editionkeiper.at\/shop\/wp-json\/wp\/v2\/product_cat?post=905"},{"taxonomy":"product_tag","embeddable":true,"href":"https:\/\/www.editionkeiper.at\/shop\/wp-json\/wp\/v2\/product_tag?post=905"},{"taxonomy":"yst_prominent_words","embeddable":true,"href":"https:\/\/www.editionkeiper.at\/shop\/wp-json\/wp\/v2\/yst_prominent_words?post=905"}],"curies":[{"name":"wp","href":"https:\/\/api.w.org\/{rel}","templated":true}]}}