{"id":904,"date":"2016-10-02T14:19:34","date_gmt":"2016-10-02T12:19:34","guid":{"rendered":"https:\/\/www.editionkeiper.at\/shop\/produkt\/geschichten-von-anderen\/"},"modified":"2021-11-08T20:49:59","modified_gmt":"2021-11-08T19:49:59","slug":"geschichten-von-anderen","status":"publish","type":"product","link":"https:\/\/www.editionkeiper.at\/shop\/produkt\/geschichten-von-anderen\/","title":{"rendered":"Geschichten von Anderen"},"content":{"rendered":"<h2>Geschichten von Anderen<\/h2>\n<p><strong>Feuilletons \u00fcber Autoren<\/strong><\/p>\n<p>von <strong><a href=\"https:\/\/www.editionkeiper.at\/shop\/mixner-manfred\/\">Manfred Mixner<\/a><br \/>\n<\/strong><\/p>\n<p>Manfred Mixner ist ein Erz\u00e4hler. In den hier vorgelegten Geschichten erz\u00e4hlt er, wie er seinerzeit Texte gelesen hat, wie er sie zu verstehen versuchte, was sie ihm bedeuteten, was ihn an den jeweiligen Autoren interessierte, wie er ihnen begegnet ist, was er aus ihrem Leben erfahren hat. Er erz\u00e4hlt von seinen Erfahrungen mit der Literatur, von den Bildern und Gedanken, die sie in ihm ausl\u00f6ste. In seinem Bem\u00fchen um die Literatur und ihre Vermittlung k\u00fcmmerte er sich niemals um die Ber\u00fchmtheit oder das Prestige eines Autors und machte meist einen weiten Bogen um literaturwissenschaftliche Konventionen. Diese Textsammlung ist eine Art Fortsetzung des Buches <em>Verstrickt in Geschichten<\/em>, welches 2012 in der edition keiper erschienen ist.<br \/>\nFeuilletons \u00fcber: Wolfgang Bauer, Gerald Bisinger, Emil Breisach, Milo Dor, Helmut Eisendle, Gunter Falk, Richard Farber, Bettina Galvagni, Reinhard Peter Gruber, Ernst Hammer, Joachim Gunter Hammer, Peter Handke, Wolfgang Hermann, Bernhard H\u00fcttenegger, Alfred Kolleritsch, J\u00fcrg Laederach, Hermann Lenz, Joy Hans Markert, Wilhelm Muster, Franz Nabl, Egon A. Prantl, Gerhard R\u00fchm, Erich Wolfgang Skwara, Rudolf Stibill, Bruno Weinhals, Urs Widmer, Ernst W\u00fcnsch.<\/p>\n<p>&nbsp;<\/p>\n<p><strong>Preis:<\/strong> AT \u20ac 19,90 \/ DE \u20ac 19.36<\/p>\n<p><strong>Seiten:<\/strong>\u00a0232<\/p>\n<p><strong>ISBN13:<\/strong>\u00a0978-3-903144-01-9<\/p>\n<p><strong>Erscheinungsdatum:<\/strong>\u00a010.2016<\/p>\n<p><strong>Sprache:<\/strong>\u00a0Deutsch<\/p>\n<p><strong>Format:<\/strong>\u00a020,0 x 12,0 cm; flexibler Einband (Paperback)<\/p>\n","protected":false},"excerpt":{"rendered":"<p>Manfred Mixner ist ein Erz\u00e4hler. In den hier vorgelegten Geschichten erz\u00e4hlt er, wie er seinerzeit Texte gelesen hat, wie er sie zu verstehen versuchte, was sie ihm bedeuteten, was ihn an den jeweiligen Autoren interessierte, wie er ihnen begegnet ist, was er aus ihrem Leben erfahren hat. Er erz\u00e4hlt von seinen Erfahrungen mit der Literatur, von den Bildern und Gedanken, die sie in ihm ausl\u00f6ste.<\/p>\n","protected":false},"featured_media":1508,"comment_status":"closed","ping_status":"closed","template":"","meta":[],"etheme_brands":[],"product_brand":[],"product_cat":[3506],"product_tag":[470,477,473,469,463,478,458,465,481,455,472,457,461,460,466,117,474,348,476,245,459,247,475,467,464,462,479,471,121,480,456,468],"yst_prominent_words":[3308,3202,3391,3476,3474,3477],"class_list":{"0":"post-904","1":"product","2":"type-product","3":"status-publish","4":"has-post-thumbnail","6":"product_cat-essays","7":"product_tag-alfred-kolleritsch","8":"product_tag-autor","9":"product_tag-autoren","10":"product_tag-bernhard-huettenegger","11":"product_tag-bettina-galvagni","12":"product_tag-dichter","13":"product_tag-emil-breisach","14":"product_tag-ernst-hammer","15":"product_tag-essays","16":"product_tag-feuilleton","17":"product_tag-fortsetzung","18":"product_tag-gerald-bisinger","19":"product_tag-gunter-falk","20":"product_tag-helmut-eisendle","21":"product_tag-joachim-gunter-hammer","22":"product_tag-keiper","23":"product_tag-literarische-zeitgeschichte","24":"product_tag-literatur","25":"product_tag-literaturvermittlung","26":"product_tag-manfred","27":"product_tag-milo-dor","28":"product_tag-mixner","29":"product_tag-oe1-radioliteratur","30":"product_tag-peter-handke","31":"product_tag-reinhard-peter-gruber","32":"product_tag-richard-farber","33":"product_tag-sender-freies-berlin","34":"product_tag-textsammlung","35":"product_tag-verlag","36":"product_tag-verstrickt-in-geschichten","37":"product_tag-wolfgang-bauer","38":"product_tag-wolfgang-hermann","40":"first","41":"instock","42":"shipping-taxable","43":"purchasable","44":"product-type-simple"},"_links":{"self":[{"href":"https:\/\/www.editionkeiper.at\/shop\/wp-json\/wp\/v2\/product\/904","targetHints":{"allow":["GET"]}}],"collection":[{"href":"https:\/\/www.editionkeiper.at\/shop\/wp-json\/wp\/v2\/product"}],"about":[{"href":"https:\/\/www.editionkeiper.at\/shop\/wp-json\/wp\/v2\/types\/product"}],"replies":[{"embeddable":true,"href":"https:\/\/www.editionkeiper.at\/shop\/wp-json\/wp\/v2\/comments?post=904"}],"wp:featuredmedia":[{"embeddable":true,"href":"https:\/\/www.editionkeiper.at\/shop\/wp-json\/wp\/v2\/media\/1508"}],"wp:attachment":[{"href":"https:\/\/www.editionkeiper.at\/shop\/wp-json\/wp\/v2\/media?parent=904"}],"wp:term":[{"taxonomy":"brand","embeddable":true,"href":"https:\/\/www.editionkeiper.at\/shop\/wp-json\/wp\/v2\/etheme_brands?post=904"},{"taxonomy":"product_brand","embeddable":true,"href":"https:\/\/www.editionkeiper.at\/shop\/wp-json\/wp\/v2\/product_brand?post=904"},{"taxonomy":"product_cat","embeddable":true,"href":"https:\/\/www.editionkeiper.at\/shop\/wp-json\/wp\/v2\/product_cat?post=904"},{"taxonomy":"product_tag","embeddable":true,"href":"https:\/\/www.editionkeiper.at\/shop\/wp-json\/wp\/v2\/product_tag?post=904"},{"taxonomy":"yst_prominent_words","embeddable":true,"href":"https:\/\/www.editionkeiper.at\/shop\/wp-json\/wp\/v2\/yst_prominent_words?post=904"}],"curies":[{"name":"wp","href":"https:\/\/api.w.org\/{rel}","templated":true}]}}