{"id":903,"date":"2016-10-01T14:19:34","date_gmt":"2016-10-01T12:19:34","guid":{"rendered":"https:\/\/www.editionkeiper.at\/shop\/produkt\/leuchtender-atem\/"},"modified":"2021-03-09T11:49:04","modified_gmt":"2021-03-09T10:49:04","slug":"leuchtender-atem","status":"publish","type":"product","link":"https:\/\/www.editionkeiper.at\/shop\/produkt\/leuchtender-atem\/","title":{"rendered":"Leuchtender Atem"},"content":{"rendered":"<h2>Leuchtender Atem<\/h2>\n<p><strong>Alle Jahre wieder &#8211; Erz\u00e4hlungen<\/strong><\/p>\n<p>von\u00a0<strong><a href=\"https:\/\/www.editionkeiper.at\/shop\/schmidt-alfred-paul\/\">Alfred Paul Schmidt<\/a><br \/>\n<\/strong><\/p>\n<p>Dass wir alle ebenso lieben m\u00f6chten, wie wir selbst geliebt werden wollen, stellt in uns einen immerw\u00e4hrenden Traum dar, den wir zu Weihnachten, als eine Ausnahme des Lebens, f\u00fcr eine kurze Zeit Wirklichkeit werden lassen. Die Verschiedenheit der Menschen, geeint in dieser Sehnsucht, ist der Grund, dass es zum einen immer Weihnachten und zum anderen immer Weihnachtsgeschichten geben wird. Der Reigen der in diesem Band versammelten Erz\u00e4hlungen spannt sich von der Verwandlung einer anonymen Masse in eine Festgemeinschaft voller Behagen und Sympathie, erwirkt von der Verzauberung durch den weihnachtlichen Lichterschmuck einer Stadt, er spannt sich weiter zum oft genug heiter skurrilen Zusammensein in den Familien, bis zur bitteren Einsamkeit der Ungl\u00fccklichen, aus der sie kaum herausfinden k\u00f6nnten \u2013 g\u00e4be es nicht das weihnachtlich gesinnte Eingreifen des Nebenmenschen.<\/p>\n<p>&nbsp;<\/p>\n<p><strong>Preis:<\/strong> AT \u20ac 18,00 \/ DE \u20ac 17.51<\/p>\n<p><strong>Seiten:<\/strong>\u00a0144<\/p>\n<p><strong>ISBN13:<\/strong>\u00a0978-3-903144-03-3<\/p>\n<p><strong>Erscheinungsdatum:<\/strong>\u00a010.2016<\/p>\n<p><strong>Sprache:<\/strong>\u00a0Deutsch<\/p>\n<p><strong>Format:<\/strong> Gebunden; Hardcover<\/p>\n","protected":false},"excerpt":{"rendered":"<p>Dass wir alle ebenso lieben m\u00f6chten, wie wir selbst geliebt werden wollen, stellt in uns einen immerw\u00e4hrenden Traum dar, den wir zu Weihnachten, als eine Ausnahme des Lebens, f\u00fcr eine kurze Zeit Wirklichkeit werden lassen. Die Verschiedenheit der Menschen, geeint in dieser Sehnsucht, ist der Grund, dass es zum einen immer Weihnachten und zum anderen immer Weihnachtsgeschichten geben wird.<\/p>\n","protected":false},"featured_media":1550,"comment_status":"closed","ping_status":"closed","template":"","meta":[],"etheme_brands":[],"product_brand":[],"product_cat":[3685],"product_tag":[438,439,443,230,146,120,307,117,450,437,441,442,444,453,452,451,445,440,446,121,448,418,447,449],"yst_prominent_words":[],"class_list":{"0":"post-903","1":"product","2":"type-product","3":"status-publish","4":"has-post-thumbnail","6":"product_cat-erzaehlungen","7":"product_tag-advent","8":"product_tag-adventesung","9":"product_tag-alfred-paul-schmidt","10":"product_tag-drehbuchschreiber","11":"product_tag-erzaehlung","12":"product_tag-feiern","13":"product_tag-humor","14":"product_tag-keiper","15":"product_tag-krippe","16":"product_tag-lichtschmuck","17":"product_tag-menschenfreundlich","18":"product_tag-parodie","19":"product_tag-schnee","20":"product_tag-stadt","21":"product_tag-stille-nacht","22":"product_tag-stille-zeit","23":"product_tag-stockinger","24":"product_tag-tatort","25":"product_tag-trauma","26":"product_tag-verlag","27":"product_tag-weihanchtsgeschaeft","28":"product_tag-weihnachten","29":"product_tag-weihnachtsgeschichten","30":"product_tag-weihnachtszeit","32":"first","33":"instock","34":"shipping-taxable","35":"purchasable","36":"product-type-simple"},"_links":{"self":[{"href":"https:\/\/www.editionkeiper.at\/shop\/wp-json\/wp\/v2\/product\/903","targetHints":{"allow":["GET"]}}],"collection":[{"href":"https:\/\/www.editionkeiper.at\/shop\/wp-json\/wp\/v2\/product"}],"about":[{"href":"https:\/\/www.editionkeiper.at\/shop\/wp-json\/wp\/v2\/types\/product"}],"replies":[{"embeddable":true,"href":"https:\/\/www.editionkeiper.at\/shop\/wp-json\/wp\/v2\/comments?post=903"}],"wp:featuredmedia":[{"embeddable":true,"href":"https:\/\/www.editionkeiper.at\/shop\/wp-json\/wp\/v2\/media\/1550"}],"wp:attachment":[{"href":"https:\/\/www.editionkeiper.at\/shop\/wp-json\/wp\/v2\/media?parent=903"}],"wp:term":[{"taxonomy":"brand","embeddable":true,"href":"https:\/\/www.editionkeiper.at\/shop\/wp-json\/wp\/v2\/etheme_brands?post=903"},{"taxonomy":"product_brand","embeddable":true,"href":"https:\/\/www.editionkeiper.at\/shop\/wp-json\/wp\/v2\/product_brand?post=903"},{"taxonomy":"product_cat","embeddable":true,"href":"https:\/\/www.editionkeiper.at\/shop\/wp-json\/wp\/v2\/product_cat?post=903"},{"taxonomy":"product_tag","embeddable":true,"href":"https:\/\/www.editionkeiper.at\/shop\/wp-json\/wp\/v2\/product_tag?post=903"},{"taxonomy":"yst_prominent_words","embeddable":true,"href":"https:\/\/www.editionkeiper.at\/shop\/wp-json\/wp\/v2\/yst_prominent_words?post=903"}],"curies":[{"name":"wp","href":"https:\/\/api.w.org\/{rel}","templated":true}]}}