{"id":901,"date":"2016-09-01T14:19:34","date_gmt":"2016-09-01T12:19:34","guid":{"rendered":"https:\/\/www.editionkeiper.at\/shop\/produkt\/oder-so-keiper-lyrik-14\/"},"modified":"2021-03-04T16:52:14","modified_gmt":"2021-03-04T15:52:14","slug":"oder-so-keiper-lyrik-14","status":"publish","type":"product","link":"https:\/\/www.editionkeiper.at\/shop\/produkt\/oder-so-keiper-lyrik-14\/","title":{"rendered":"Oder so &#8211; keiper lyrik 14"},"content":{"rendered":"<h2>Oder so &#8211; keiper lyrik 14<\/h2>\n<p>von\u00a0<strong><a href=\"https:\/\/www.editionkeiper.at\/shop\/goerler-ingeborg\/\">Ingeborg G\u00f6rler<\/a><br \/>\n<\/strong><\/p>\n<p>Mit Band 14 der Reihe keiper lyrik stellen wir die in Berlin lebende Dichterin Ingeborg G\u00f6rler vor, die in ihrer Schreibweise wie auch in ihrer Herkunft und Generationszugeh\u00f6rigkeit anders als die bisherigen B\u00e4nde zu verorten ist. Bei G\u00f6rler haben wir es mit Gedichten etwas traditionelleren Zuschnitts zu tun, die vor allem durch inhaltliche Aussagekraft und unaufgeregte, aber intensive Bildsetzungen bestechen. G\u00f6rler setzt nicht auf schnelle Effekte, aber auf leise Tiefenwirkungen, nicht auf Sprachspiele, aber auf einen leichth\u00e4ndigen Umgang mit Sprache, nicht auf Ungef\u00e4hres, aber mitunter auf bewusst Offengelassenes. Der Titel ihres Bandes weist auf m\u00f6gliche Alternativen hin, wie sie sich im t\u00e4glichen Erleben, im Einnehmen von Haltungen und Blickwinkeln, in Fragen der eigenen Existenz wie auch im Zwischenmenschlichen immer wieder von Neuem er\u00f6ffnen. Nicht wenige davon beschreibt Ingeborg G\u00f6rler in diesen Gedichten. (Helwig Brunner, Herausgeber der Reihe keiper lyrik)<\/p>\n<p>&nbsp;<\/p>\n<p><strong>Preis:<\/strong> AT \u20ac 15,40 \/ DE \u20ac 14.98<\/p>\n<p><strong>Seiten:<\/strong>\u00a096<\/p>\n<p><strong>ISBN13:<\/strong>\u00a0978-3-903144-05-7<\/p>\n<p><strong>Erscheinungsdatum:<\/strong>\u00a009.2016<\/p>\n<p><strong>Sprache:<\/strong>\u00a0Deutsch<\/p>\n<p><strong>Format:<\/strong>\u00a017,6 x 11,0 cm; broschiert<\/p>\n","protected":false},"excerpt":{"rendered":"<h2>Oder so &#8211; keiper lyrik 14<\/h2>\n<p>Mit Band 14 der Reihe keiper lyrik stellen wir die in Berlin lebende Dichterin Ingeborg G\u00f6rler vor, die in ihrer Schreibweise wie auch in ihrer Herkunft und Generationszugeh\u00f6rigkeit anders als die bisherigen B\u00e4nde zu verorten ist.<\/p>\n","protected":false},"featured_media":1431,"comment_status":"closed","ping_status":"closed","template":"","meta":[],"etheme_brands":[],"product_brand":[],"product_cat":[2604],"product_tag":[392,390,289,398,241,389,399,391,393,117,395,174,173,397,323,396,121,109,394],"yst_prominent_words":[3285,3345,3306,3186],"class_list":{"0":"post-901","1":"product","2":"type-product","3":"status-publish","4":"has-post-thumbnail","6":"product_cat-die-reihe-keiper-lyrik","7":"product_tag-existenz","8":"product_tag-gedicht","9":"product_tag-gedichte","10":"product_tag-goerler","11":"product_tag-graz","12":"product_tag-haltung","13":"product_tag-helwig-brunner-hg","14":"product_tag-ingeborg","15":"product_tag-intensitaet","16":"product_tag-keiper","17":"product_tag-keiper-lyrik-14","18":"product_tag-lyrik","19":"product_tag-lyrikreihe","20":"product_tag-miniaturen","21":"product_tag-oesterreich","22":"product_tag-tiefenwirkung","23":"product_tag-verlag","24":"product_tag-www-editionkeiper-at","25":"product_tag-zwischenmenschliches","27":"first","28":"instock","29":"shipping-taxable","30":"purchasable","31":"product-type-simple"},"_links":{"self":[{"href":"https:\/\/www.editionkeiper.at\/shop\/wp-json\/wp\/v2\/product\/901","targetHints":{"allow":["GET"]}}],"collection":[{"href":"https:\/\/www.editionkeiper.at\/shop\/wp-json\/wp\/v2\/product"}],"about":[{"href":"https:\/\/www.editionkeiper.at\/shop\/wp-json\/wp\/v2\/types\/product"}],"replies":[{"embeddable":true,"href":"https:\/\/www.editionkeiper.at\/shop\/wp-json\/wp\/v2\/comments?post=901"}],"wp:featuredmedia":[{"embeddable":true,"href":"https:\/\/www.editionkeiper.at\/shop\/wp-json\/wp\/v2\/media\/1431"}],"wp:attachment":[{"href":"https:\/\/www.editionkeiper.at\/shop\/wp-json\/wp\/v2\/media?parent=901"}],"wp:term":[{"taxonomy":"brand","embeddable":true,"href":"https:\/\/www.editionkeiper.at\/shop\/wp-json\/wp\/v2\/etheme_brands?post=901"},{"taxonomy":"product_brand","embeddable":true,"href":"https:\/\/www.editionkeiper.at\/shop\/wp-json\/wp\/v2\/product_brand?post=901"},{"taxonomy":"product_cat","embeddable":true,"href":"https:\/\/www.editionkeiper.at\/shop\/wp-json\/wp\/v2\/product_cat?post=901"},{"taxonomy":"product_tag","embeddable":true,"href":"https:\/\/www.editionkeiper.at\/shop\/wp-json\/wp\/v2\/product_tag?post=901"},{"taxonomy":"yst_prominent_words","embeddable":true,"href":"https:\/\/www.editionkeiper.at\/shop\/wp-json\/wp\/v2\/yst_prominent_words?post=901"}],"curies":[{"name":"wp","href":"https:\/\/api.w.org\/{rel}","templated":true}]}}