{"id":899,"date":"2016-06-24T14:19:34","date_gmt":"2016-06-24T12:19:34","guid":{"rendered":"https:\/\/www.editionkeiper.at\/shop\/produkt\/art-gerechte-haltung\/"},"modified":"2021-03-08T22:00:31","modified_gmt":"2021-03-08T21:00:31","slug":"art-gerechte-haltung","status":"publish","type":"product","link":"https:\/\/www.editionkeiper.at\/shop\/produkt\/art-gerechte-haltung\/","title":{"rendered":"art GERECHTE haltung"},"content":{"rendered":"<h2>art GERECHTE haltung<\/h2>\n<p>von <a href=\"https:\/\/www.editionkeiper.at\/shop\/soltys-herbert\/\">Herbert Soltys<\/a><\/p>\n<p>Der vorliegende Kunstband von Herbert Soltys bietet einen retrospektiven Querschnitt seiner Arbeiten aus den Jahren 2009 bis 2015 und soll mit den ausgew\u00e4hlten Werken einen repr\u00e4sentativen Einblick in das vielschichtige und breit gef\u00e4cherte Schaffen dieses keiner gef\u00e4lligen \u201eModestr\u00f6mung\u201c unterworfenen K\u00fcnstlers geben. Ob Acryl oder \u00d6l auf Leinwand, Installation oder Performance, Pinsel oder Bleistift, Herbert Soltys f\u00fchrt auf breitem Spektrum in die Tiefen m\u00f6glicher Kunsterfahrung und er tut dies mit sicherer und vehementer Hand. \u201eEin Mann f\u00fcrs Zarte\u201c mag er nicht sein, meinte G\u00fcnter Brus, \u201edagegen steht seine Malerfaust.\u201c Das Buch gibt Einblick in die Kunst-Welt dieses, man kann es ruhig so sagen, steirischen Ausnahmek\u00fcnstlers mit internationalem Format.<\/p>\n<p>&nbsp;<\/p>\n<p><strong>Preis:<\/strong> AT \u20ac 30,00 \/ DE \u20ac 29.18<\/p>\n<p><strong>Seiten:<\/strong>\u00a0264<\/p>\n<p><strong>ISBN13:<\/strong>\u00a0978-3-903144-07-1<\/p>\n<p><strong>Erscheinungsdatum:<\/strong>\u00a024.06.2016<\/p>\n<p><strong>Sprache:<\/strong>\u00a0Deutsch<\/p>\n<p><strong>Format:<\/strong>\u00a029,0 x 22,0 cm; flexibler Einband (Paperback)<\/p>\n","protected":false},"excerpt":{"rendered":"<p>Der vorliegende Kunstband von Herbert Soltys bietet einen retrospektiven Querschnitt seiner Arbeiten aus den Jahren 2009 bis 2015 und soll mit den ausgew\u00e4hlten Werken einen repr\u00e4sentativen Einblick in das vielschichtige und breit gef\u00e4cherte Schaffen dieses keiner gef\u00e4lligen \u201eModestr\u00f6mung\u201c unterworfenen K\u00fcnstlers geben.<\/p>\n","protected":false},"featured_media":1559,"comment_status":"closed","ping_status":"closed","template":"","meta":[],"etheme_brands":[],"product_brand":[],"product_cat":[1364],"product_tag":[366,365,356,241,368,117,119,697,294,293,323,367,209,121,109],"yst_prominent_words":[],"class_list":{"0":"post-899","1":"product","2":"type-product","3":"status-publish","4":"has-post-thumbnail","6":"product_cat-kunst-und-fotografie","7":"product_tag-ausstellungen","8":"product_tag-edition","9":"product_tag-edition-keiper","10":"product_tag-graz","11":"product_tag-herbert","12":"product_tag-keiper","13":"product_tag-kunst","14":"product_tag-kunstbuch","15":"product_tag-kuenstler","16":"product_tag-maler","17":"product_tag-oesterreich","18":"product_tag-soltys","19":"product_tag-steiermark","20":"product_tag-verlag","21":"product_tag-www-editionkeiper-at","23":"first","24":"instock","25":"shipping-taxable","26":"purchasable","27":"product-type-simple"},"_links":{"self":[{"href":"https:\/\/www.editionkeiper.at\/shop\/wp-json\/wp\/v2\/product\/899","targetHints":{"allow":["GET"]}}],"collection":[{"href":"https:\/\/www.editionkeiper.at\/shop\/wp-json\/wp\/v2\/product"}],"about":[{"href":"https:\/\/www.editionkeiper.at\/shop\/wp-json\/wp\/v2\/types\/product"}],"replies":[{"embeddable":true,"href":"https:\/\/www.editionkeiper.at\/shop\/wp-json\/wp\/v2\/comments?post=899"}],"wp:featuredmedia":[{"embeddable":true,"href":"https:\/\/www.editionkeiper.at\/shop\/wp-json\/wp\/v2\/media\/1559"}],"wp:attachment":[{"href":"https:\/\/www.editionkeiper.at\/shop\/wp-json\/wp\/v2\/media?parent=899"}],"wp:term":[{"taxonomy":"brand","embeddable":true,"href":"https:\/\/www.editionkeiper.at\/shop\/wp-json\/wp\/v2\/etheme_brands?post=899"},{"taxonomy":"product_brand","embeddable":true,"href":"https:\/\/www.editionkeiper.at\/shop\/wp-json\/wp\/v2\/product_brand?post=899"},{"taxonomy":"product_cat","embeddable":true,"href":"https:\/\/www.editionkeiper.at\/shop\/wp-json\/wp\/v2\/product_cat?post=899"},{"taxonomy":"product_tag","embeddable":true,"href":"https:\/\/www.editionkeiper.at\/shop\/wp-json\/wp\/v2\/product_tag?post=899"},{"taxonomy":"yst_prominent_words","embeddable":true,"href":"https:\/\/www.editionkeiper.at\/shop\/wp-json\/wp\/v2\/yst_prominent_words?post=899"}],"curies":[{"name":"wp","href":"https:\/\/api.w.org\/{rel}","templated":true}]}}