{"id":898,"date":"2016-11-29T14:19:34","date_gmt":"2016-11-29T13:19:34","guid":{"rendered":"https:\/\/www.editionkeiper.at\/shop\/produkt\/caesar-mein-freund\/"},"modified":"2021-03-08T22:05:29","modified_gmt":"2021-03-08T21:05:29","slug":"caesar-mein-freund","status":"publish","type":"product","link":"https:\/\/www.editionkeiper.at\/shop\/produkt\/caesar-mein-freund\/","title":{"rendered":"Caesar, mein Freund"},"content":{"rendered":"<h2>Caesar, mein Freund<\/h2>\n<p>von\u00a0<strong><a href=\"https:\/\/www.editionkeiper.at\/shop\/zottler-gudrun\/\">Gudrun\u00a0<\/a><a href=\"https:\/\/www.editionkeiper.at\/shop\/zottler-gudrun\/\">Zottler<\/a><br \/>\n<\/strong><\/p>\n<p>Lesen Sie \u00fcber die ber\u00fchrende Begegnung eines Kindes mit seinem Pferd, \u00fcber Horsemanship, das Leben und die Liebe! Bestaunen Sie die wunderbaren Aufnahmen und kommen Sie mit uns auf eine Reise zur Kraftquelle Pferd. Mit Fotos von Yvonne Helga Ecker.<\/p>\n<p><strong>Preis:<\/strong> AT \u20ac 19,90 \/ DE \u20ac 19.36<\/p>\n<p><strong>Seiten:<\/strong>\u00a064<\/p>\n<p><strong>ISBN13:<\/strong>\u00a0978-3-902901-42-2<\/p>\n<p><strong>Erscheinungsdatum:<\/strong>\u00a029.11.2016<\/p>\n<p><strong>Sprache:<\/strong>\u00a0Deutsch<\/p>\n<p><strong>Format:<\/strong>\u00a021,5 x 30,5 cm;\u00a0Gebunden; fester Einband (Hardcover)<\/p>\n","protected":false},"excerpt":{"rendered":"<p>Lesen Sie \u00fcber die ber\u00fchrende Begegnung eines Kindes mit seinem Pferd, \u00fcber Horsemanship, das Leben und die Liebe! Bestaunen Sie die wunderbaren Aufnahmen und kommen Sie mit uns auf eine Reise zur Kraftquelle Pferd. Mit Fotos von Yvonne Helga Ecker.<\/p>\n","protected":false},"featured_media":1591,"comment_status":"closed","ping_status":"closed","template":"","meta":[],"etheme_brands":[],"product_brand":[],"product_cat":[1396],"product_tag":[358,363,117,360,148,362,361,359,357],"yst_prominent_words":[],"class_list":{"0":"post-898","1":"product","2":"type-product","3":"status-publish","4":"has-post-thumbnail","6":"product_cat-kinderbuch","7":"product_tag-bilderbuch","8":"product_tag-equin-systemische-beratung","9":"product_tag-keiper","10":"product_tag-kind","11":"product_tag-kinderbuch","12":"product_tag-koerperorientiert","13":"product_tag-pferd","14":"product_tag-therapie","15":"product_tag-traumaarbeit","17":"first","18":"instock","19":"shipping-taxable","20":"purchasable","21":"product-type-simple"},"_links":{"self":[{"href":"https:\/\/www.editionkeiper.at\/shop\/wp-json\/wp\/v2\/product\/898","targetHints":{"allow":["GET"]}}],"collection":[{"href":"https:\/\/www.editionkeiper.at\/shop\/wp-json\/wp\/v2\/product"}],"about":[{"href":"https:\/\/www.editionkeiper.at\/shop\/wp-json\/wp\/v2\/types\/product"}],"replies":[{"embeddable":true,"href":"https:\/\/www.editionkeiper.at\/shop\/wp-json\/wp\/v2\/comments?post=898"}],"wp:featuredmedia":[{"embeddable":true,"href":"https:\/\/www.editionkeiper.at\/shop\/wp-json\/wp\/v2\/media\/1591"}],"wp:attachment":[{"href":"https:\/\/www.editionkeiper.at\/shop\/wp-json\/wp\/v2\/media?parent=898"}],"wp:term":[{"taxonomy":"brand","embeddable":true,"href":"https:\/\/www.editionkeiper.at\/shop\/wp-json\/wp\/v2\/etheme_brands?post=898"},{"taxonomy":"product_brand","embeddable":true,"href":"https:\/\/www.editionkeiper.at\/shop\/wp-json\/wp\/v2\/product_brand?post=898"},{"taxonomy":"product_cat","embeddable":true,"href":"https:\/\/www.editionkeiper.at\/shop\/wp-json\/wp\/v2\/product_cat?post=898"},{"taxonomy":"product_tag","embeddable":true,"href":"https:\/\/www.editionkeiper.at\/shop\/wp-json\/wp\/v2\/product_tag?post=898"},{"taxonomy":"yst_prominent_words","embeddable":true,"href":"https:\/\/www.editionkeiper.at\/shop\/wp-json\/wp\/v2\/yst_prominent_words?post=898"}],"curies":[{"name":"wp","href":"https:\/\/api.w.org\/{rel}","templated":true}]}}