{"id":894,"date":"2017-03-15T14:19:34","date_gmt":"2017-03-15T13:19:34","guid":{"rendered":"https:\/\/www.editionkeiper.at\/shop\/produkt\/der-stadlbauer\/"},"modified":"2021-03-08T22:09:27","modified_gmt":"2021-03-08T21:09:27","slug":"der-stadlbauer","status":"publish","type":"product","link":"https:\/\/www.editionkeiper.at\/shop\/produkt\/der-stadlbauer\/","title":{"rendered":"Der Stadlbauer"},"content":{"rendered":"<h2>Der Stadlbauer<\/h2>\n<p>von <strong><a href=\"https:\/\/www.editionkeiper.at\/shop\/hodkevitch-leonie\/\">Leonie Hodkevitch<\/a><br \/>\n<\/strong><\/p>\n<p>Kurz vor der Hochzeit unternimmt ein junges Paar eine Reise an den Geburtsort des Mannes, wo die Braut die zuk\u00fcnftigen Schwiegereltern kennenlernen will. Es ist ein Ort, von hohen H\u00fcgeln umgeben, und nur ein einziger Hof steht auf dem H\u00fcgelr\u00fccken, der Hof des Stadlbauern. Der Besuch soll nur kurz dauern, aber jeden Tag verhindert ein neues und unerwartetes Ereignis die Abreise. Der Br\u00e4utigam ver\u00e4ndert sich, wird immer mehr wie die Einheimischen, verhalten, einsilbig. Die Zeit wiederum wird zum Symbol des Stillstands. Die Turmuhr zeigt immer dieselbe Zeit an. In dieser Atmosph\u00e4re stetig wachsender Spannung verr\u00e4t der Schwiegervater der Braut ein Geheimnis.<\/p>\n<p>&nbsp;<\/p>\n<p><strong>Preis:<\/strong> AT \u20ac 22,50 \/ DE \u20ac 21.88<\/p>\n<p><strong>Seiten:<\/strong>\u00a0220<\/p>\n<p><strong>ISBN13:<\/strong>\u00a0978-3-903144-11-8<\/p>\n<p><strong>Erscheinungsdatum:<\/strong>\u00a015.03.2017<\/p>\n<p><strong>Sprache:<\/strong>\u00a0Deutsch<\/p>\n<p><strong>Format:<\/strong>\u00a020,0 x 12,0 cm;\u00a0Gebunden; fester Einband (Hardcover)<\/p>\n","protected":false},"excerpt":{"rendered":"<p>Kurz vor der Hochzeit unternimmt ein junges Paar eine Reise an den Geburtsort des Mannes, wo die Braut die zuk\u00fcnftigen Schwiegereltern kennenlernen will. Es ist ein Ort, von hohen H\u00fcgeln umgeben, und nur ein einziger Hof steht auf dem H\u00fcgelr\u00fccken, der Hof des Stadlbauern.<\/p>\n<p><em>Der Stadlbauer<\/em> liest sich leichtf\u00fc\u00dfig, der Text verf\u00fchrt, f\u00fchrt in eine konsistent konstruierte andere Welt, erlaubt den Gedanken, zwischen Nostalgie und Klaustrophobie, Mystik und D\u00fcsterkeit zu schwenken, man ist st\u00e4ndig hin- und hergerissen zwischen der Ungeduld zu erfahren, was passieren wird, und dem Wunsch, die Handlung zu verlangsamen, um sie zu genie\u00dfen.<\/p>\n","protected":false},"featured_media":1452,"comment_status":"closed","ping_status":"closed","template":"","meta":[],"etheme_brands":[],"product_brand":[],"product_cat":[3687],"product_tag":[342,347,117,345,344,343,346,161,218,121],"yst_prominent_words":[],"class_list":{"0":"post-894","1":"product","2":"type-product","3":"status-publish","4":"has-post-thumbnail","6":"product_cat-romane","7":"product_tag-duesterkeit","8":"product_tag-hodkevich","9":"product_tag-keiper","10":"product_tag-klaustrophobie","11":"product_tag-leonie","12":"product_tag-mystik","13":"product_tag-nostalgie","14":"product_tag-poetik","15":"product_tag-roman","16":"product_tag-verlag","18":"first","19":"instock","20":"shipping-taxable","21":"purchasable","22":"product-type-simple"},"_links":{"self":[{"href":"https:\/\/www.editionkeiper.at\/shop\/wp-json\/wp\/v2\/product\/894","targetHints":{"allow":["GET"]}}],"collection":[{"href":"https:\/\/www.editionkeiper.at\/shop\/wp-json\/wp\/v2\/product"}],"about":[{"href":"https:\/\/www.editionkeiper.at\/shop\/wp-json\/wp\/v2\/types\/product"}],"replies":[{"embeddable":true,"href":"https:\/\/www.editionkeiper.at\/shop\/wp-json\/wp\/v2\/comments?post=894"}],"wp:featuredmedia":[{"embeddable":true,"href":"https:\/\/www.editionkeiper.at\/shop\/wp-json\/wp\/v2\/media\/1452"}],"wp:attachment":[{"href":"https:\/\/www.editionkeiper.at\/shop\/wp-json\/wp\/v2\/media?parent=894"}],"wp:term":[{"taxonomy":"brand","embeddable":true,"href":"https:\/\/www.editionkeiper.at\/shop\/wp-json\/wp\/v2\/etheme_brands?post=894"},{"taxonomy":"product_brand","embeddable":true,"href":"https:\/\/www.editionkeiper.at\/shop\/wp-json\/wp\/v2\/product_brand?post=894"},{"taxonomy":"product_cat","embeddable":true,"href":"https:\/\/www.editionkeiper.at\/shop\/wp-json\/wp\/v2\/product_cat?post=894"},{"taxonomy":"product_tag","embeddable":true,"href":"https:\/\/www.editionkeiper.at\/shop\/wp-json\/wp\/v2\/product_tag?post=894"},{"taxonomy":"yst_prominent_words","embeddable":true,"href":"https:\/\/www.editionkeiper.at\/shop\/wp-json\/wp\/v2\/yst_prominent_words?post=894"}],"curies":[{"name":"wp","href":"https:\/\/api.w.org\/{rel}","templated":true}]}}