{"id":8900,"date":"2021-06-24T16:22:16","date_gmt":"2021-06-24T14:22:16","guid":{"rendered":"https:\/\/www.editionkeiper.at\/shop\/?post_type=product&#038;p=8900"},"modified":"2022-01-19T08:55:32","modified_gmt":"2022-01-19T07:55:32","slug":"liebesgedichte-einmal-anders","status":"publish","type":"product","link":"https:\/\/www.editionkeiper.at\/shop\/produkt\/liebesgedichte-einmal-anders\/","title":{"rendered":"3 x Liebe"},"content":{"rendered":"<h2 class=\"p1\">3 x Liebe<\/h2>\n<p>von <a href=\"https:\/\/www.editionkeiper.at\/shop\/bihari-susanna\/\">Susanna Bihari<\/a><\/p>\n<p class=\"p1\">\u201eZu Zeiten r\u00fcckl\u00e4ufiger Alphabetisierungsquoten in zunehmender Bedr\u00e4ngnis, bleibt die Lyrik die literarische K\u00f6nigsdisziplin. Allerdings glaube ich in der gegenw\u00e4rtigen Produktion oft eine gewisse Einf\u00f6rmigkeit zu erkennen. In dieser Situation haben mich die vorliegenden Liebesgedichte f\u00f6rmlich umgeworfen: Unumwunden, unter Verzicht auf Geheimnisraunen und metaphorisches Pirouettendrehen, ohne Larmoyanz und p\u00e4dagogisch-feministischen Furor fliegen sie dem Empf\u00e4nger um die Ohren. Der larmoyante Narziss, der hier mit Witz, Formgef\u00fchl und eigensinniger, pr\u00e4gnanter Sprache apostrophiert wird, ist auf den ersten Blick nicht zu beneiden. Dann aber schon, denn solch ein St\u00fcck Poesie muss man erst auf den Weg bef\u00f6rdert haben.<span class=\"s1\">\u201d (Heinz Sichrovsky)<\/span><\/p>\n<p><strong>Preis:<\/strong> AT \u20ac 18,00 \/ DE \u20ac 17,51<\/p>\n<p><strong>ISBN13: <\/strong>978-3-903322-40-0<\/p>\n<p><strong>Erscheinungsdatum:<\/strong> 24. 09. 2021<\/p>\n<p><strong>Seiten:<\/strong> ca. 110<\/p>\n<p><strong>Sprache:<\/strong>\u00a0Deutsch<\/p>\n<p><strong>Format:<\/strong> 20,0 x 12,0 cm; Pappband; Farbillustrationen<\/p>\n<p><a href=\"https:\/\/www.editionkeiper.at\/shop\/wp-content\/uploads\/2021\/09\/Zusatz1_Leseprobe_Bihari_Susanna_3xLiebe_keiper_Verlag.pdf\" target=\"_blank\" rel=\"noopener\"><img loading=\"lazy\" loading=\"lazy\" decoding=\"async\" class=\"alignnone size-full wp-image-9320\" src=\"https:\/\/www.editionkeiper.at\/shop\/wp-content\/uploads\/2021\/06\/Leseprobe_Verlag_Keiper.png\" alt=\"\" width=\"90\" height=\"125\" srcset=\"https:\/\/www.editionkeiper.at\/shop\/wp-content\/uploads\/2021\/06\/Leseprobe_Verlag_Keiper.png 90w, https:\/\/www.editionkeiper.at\/shop\/wp-content\/uploads\/2021\/06\/Leseprobe_Verlag_Keiper-7x10.png 7w\" sizes=\"auto, (max-width: 90px) 100vw, 90px\" \/><\/a><\/p>\n","protected":false},"excerpt":{"rendered":"<ul>\n<li>Liebesgedichte einmal anders: Ruppig und herrlich direkt!<\/li>\n<li>Ein Band f\u00fcr luftig und unkonventionell Verliebte.<\/li>\n<li>Unterhaltend und emotional mitrei\u00dfend.<\/li>\n<\/ul>\n<p class=\"p1\">Susanna Bihari verzichtet demonstrativ darauf, literarisch avanciert aufzutreten, und punktet mit spontaner <span class=\"s1\">Prosa-Lyrik. Sie ist eine wah<\/span>re Meisterin im spielerischen Jonglieren mit Worten und stellt ihre h\u00f6chst vergn\u00fcgliche Dichtkunst souver\u00e4n unter Beweis.<\/p>\n<p>&nbsp;<\/p>\n","protected":false},"featured_media":9070,"comment_status":"closed","ping_status":"closed","template":"","meta":[],"etheme_brands":[],"product_brand":[],"product_cat":[3686],"product_tag":[3968,3967,3961,356,3963,3965,289,1259,3969,3970,2031,3966,903,3962,3964],"yst_prominent_words":[3186],"class_list":{"0":"post-8900","1":"product","2":"type-product","3":"status-publish","4":"has-post-thumbnail","6":"product_cat-gedichte","7":"product_tag-bihari","8":"product_tag-dichtkunst","9":"product_tag-direkt","10":"product_tag-edition-keiper","11":"product_tag-emotionen","12":"product_tag-formgefuehl","13":"product_tag-gedichte","14":"product_tag-liebesgedichte","15":"product_tag-osso","16":"product_tag-osso-art","17":"product_tag-poesie","18":"product_tag-praegnante-sprache","19":"product_tag-unterhaltung","20":"product_tag-verliebte","21":"product_tag-witz","23":"first","24":"instock","25":"shipping-taxable","26":"purchasable","27":"product-type-simple"},"_links":{"self":[{"href":"https:\/\/www.editionkeiper.at\/shop\/wp-json\/wp\/v2\/product\/8900","targetHints":{"allow":["GET"]}}],"collection":[{"href":"https:\/\/www.editionkeiper.at\/shop\/wp-json\/wp\/v2\/product"}],"about":[{"href":"https:\/\/www.editionkeiper.at\/shop\/wp-json\/wp\/v2\/types\/product"}],"replies":[{"embeddable":true,"href":"https:\/\/www.editionkeiper.at\/shop\/wp-json\/wp\/v2\/comments?post=8900"}],"wp:featuredmedia":[{"embeddable":true,"href":"https:\/\/www.editionkeiper.at\/shop\/wp-json\/wp\/v2\/media\/9070"}],"wp:attachment":[{"href":"https:\/\/www.editionkeiper.at\/shop\/wp-json\/wp\/v2\/media?parent=8900"}],"wp:term":[{"taxonomy":"brand","embeddable":true,"href":"https:\/\/www.editionkeiper.at\/shop\/wp-json\/wp\/v2\/etheme_brands?post=8900"},{"taxonomy":"product_brand","embeddable":true,"href":"https:\/\/www.editionkeiper.at\/shop\/wp-json\/wp\/v2\/product_brand?post=8900"},{"taxonomy":"product_cat","embeddable":true,"href":"https:\/\/www.editionkeiper.at\/shop\/wp-json\/wp\/v2\/product_cat?post=8900"},{"taxonomy":"product_tag","embeddable":true,"href":"https:\/\/www.editionkeiper.at\/shop\/wp-json\/wp\/v2\/product_tag?post=8900"},{"taxonomy":"yst_prominent_words","embeddable":true,"href":"https:\/\/www.editionkeiper.at\/shop\/wp-json\/wp\/v2\/yst_prominent_words?post=8900"}],"curies":[{"name":"wp","href":"https:\/\/api.w.org\/{rel}","templated":true}]}}