{"id":8898,"date":"2021-06-24T15:52:46","date_gmt":"2021-06-24T13:52:46","guid":{"rendered":"https:\/\/www.editionkeiper.at\/shop\/?post_type=product&#038;p=8898"},"modified":"2022-01-18T08:56:39","modified_gmt":"2022-01-18T07:56:39","slug":"anwesen-erzaehlung-vom-leben-in-einem-waldhaus","status":"publish","type":"product","link":"https:\/\/www.editionkeiper.at\/shop\/produkt\/anwesen-erzaehlung-vom-leben-in-einem-waldhaus\/","title":{"rendered":"Anwesen \u2013 Erz\u00e4hlung vom Leben in einem Waldhaus"},"content":{"rendered":"<h2>Anwesen<\/h2>\n<p>Roman von <a href=\"https:\/\/www.editionkeiper.at\/shop\/mixner-manfred\/\">Manfred Mixner<\/a><\/p>\n<p>\u201eBei sich selber sein. Einsam sein. Sich begn\u00fcgen mit dem Einfachen. Ja, ich habe viel gelernt \u00fcber die Natur, \u00fcber das Werden und Vergehen in einem Jahrlauf und im Laufe der Jahre. Ich f\u00fchre ein Doppelleben, schamlos. Abwesend anwesend, und anwesend abwesend, am Schreibtisch sitzend, im Wald arbeitend, die Wiesen m\u00e4hend, lesend und jagend, schreibend und angelnd. Bienen z\u00fcchtend, mit dem Hund durchs Revier streifend. Still nehme ich auf, was hier in Erscheinung tritt, was sich ergibt, von Tag zu Tag. Mich zurechtfinden in den Wirklichkeiten, den unwillk\u00fcrlich wahrgenommenen, den konstruierten, den erinnerten, den erfundenen und schlie\u00dflich in den in sich selbst gr\u00fcndenden, die mir ohne mein Zutun und ohne mein \u203aAnwesen\u2039 die Welt bedeuten.\u201d (Manfred Mixner)<\/p>\n<p><strong>Preis:<\/strong> AT \u20ac 22,00 \/ DE \u20ac 21,40<\/p>\n<p><strong>ISBN13: <\/strong>978-3-903322-38-7<\/p>\n<p><strong>Erscheinungsdatum:<\/strong> 24. 09. 2021<\/p>\n<p><strong>Seiten:<\/strong> ca. 240<\/p>\n<p><strong>Sprache:<\/strong>\u00a0Deutsch<\/p>\n<p><strong>Format:<\/strong> 20,0 x 12,0 cm; Pappband<\/p>\n<p><a href=\"https:\/\/www.editionkeiper.at\/shop\/wp-content\/uploads\/2021\/09\/Zusatz1_Leseprobe_Mixner_Manfred_Anwesen_keiper_Verlag.pdf\" target=\"_blank\" rel=\"noopener\"><img loading=\"lazy\" loading=\"lazy\" decoding=\"async\" class=\"alignnone size-full wp-image-9320\" src=\"https:\/\/www.editionkeiper.at\/shop\/wp-content\/uploads\/2021\/06\/Leseprobe_Verlag_Keiper.png\" alt=\"\" width=\"90\" height=\"125\" srcset=\"https:\/\/www.editionkeiper.at\/shop\/wp-content\/uploads\/2021\/06\/Leseprobe_Verlag_Keiper.png 90w, https:\/\/www.editionkeiper.at\/shop\/wp-content\/uploads\/2021\/06\/Leseprobe_Verlag_Keiper-7x10.png 7w\" sizes=\"auto, (max-width: 90px) 100vw, 90px\" \/><\/a><\/p>\n","protected":false},"excerpt":{"rendered":"<ul>\n<li>Wahrnehmungen und Erfahrungen aus bald zwanzig Jahren \u201eeinsamen Lebens\u201d in den schwedischen W\u00e4ldern.<\/li>\n<li>Ern\u00fcchterung und sukzessives Schwinden des Wunschbildes eines Landes.<\/li>\n<li>Autobiografisch? Wir wissen es nicht.<\/li>\n<\/ul>\n<p>In einem polemisch-kritischen Anhang hat der Autor am Ende seiner Erz\u00e4hlung versucht, der Wahrheit hinter dem Trugbild, das die \u201eherrschende Klasse\u201d Schwedens von ihrem Staat \u00fcberall in der Welt verbreitet, n\u00e4her zu kommen.<\/p>\n<p>&nbsp;<\/p>\n","protected":false},"featured_media":9072,"comment_status":"closed","ping_status":"closed","template":"","meta":[],"etheme_brands":[],"product_brand":[],"product_cat":[3685],"product_tag":[3943,3946,3948,356,146,3111,3926,247,133,3947,499,3945,3942,3944],"yst_prominent_words":[3476,3474,3477],"class_list":{"0":"post-8898","1":"product","2":"type-product","3":"status-publish","4":"has-post-thumbnail","6":"product_cat-erzaehlungen","7":"product_tag-anwesen","8":"product_tag-auswandern","9":"product_tag-buecherhaus","10":"product_tag-edition-keiper","11":"product_tag-erzaehlung","12":"product_tag-gesellschaftskritik","13":"product_tag-landleben","14":"product_tag-mixner","15":"product_tag-natur","16":"product_tag-polemik","17":"product_tag-schweden","18":"product_tag-trugbild","19":"product_tag-waldhaus","20":"product_tag-wunschbild","22":"first","23":"instock","24":"shipping-taxable","25":"purchasable","26":"product-type-simple"},"_links":{"self":[{"href":"https:\/\/www.editionkeiper.at\/shop\/wp-json\/wp\/v2\/product\/8898","targetHints":{"allow":["GET"]}}],"collection":[{"href":"https:\/\/www.editionkeiper.at\/shop\/wp-json\/wp\/v2\/product"}],"about":[{"href":"https:\/\/www.editionkeiper.at\/shop\/wp-json\/wp\/v2\/types\/product"}],"replies":[{"embeddable":true,"href":"https:\/\/www.editionkeiper.at\/shop\/wp-json\/wp\/v2\/comments?post=8898"}],"wp:featuredmedia":[{"embeddable":true,"href":"https:\/\/www.editionkeiper.at\/shop\/wp-json\/wp\/v2\/media\/9072"}],"wp:attachment":[{"href":"https:\/\/www.editionkeiper.at\/shop\/wp-json\/wp\/v2\/media?parent=8898"}],"wp:term":[{"taxonomy":"brand","embeddable":true,"href":"https:\/\/www.editionkeiper.at\/shop\/wp-json\/wp\/v2\/etheme_brands?post=8898"},{"taxonomy":"product_brand","embeddable":true,"href":"https:\/\/www.editionkeiper.at\/shop\/wp-json\/wp\/v2\/product_brand?post=8898"},{"taxonomy":"product_cat","embeddable":true,"href":"https:\/\/www.editionkeiper.at\/shop\/wp-json\/wp\/v2\/product_cat?post=8898"},{"taxonomy":"product_tag","embeddable":true,"href":"https:\/\/www.editionkeiper.at\/shop\/wp-json\/wp\/v2\/product_tag?post=8898"},{"taxonomy":"yst_prominent_words","embeddable":true,"href":"https:\/\/www.editionkeiper.at\/shop\/wp-json\/wp\/v2\/yst_prominent_words?post=8898"}],"curies":[{"name":"wp","href":"https:\/\/api.w.org\/{rel}","templated":true}]}}