{"id":8896,"date":"2021-06-22T15:51:22","date_gmt":"2021-06-22T13:51:22","guid":{"rendered":"https:\/\/www.editionkeiper.at\/shop\/?post_type=product&#038;p=8896"},"modified":"2022-01-18T17:23:07","modified_gmt":"2022-01-18T16:23:07","slug":"das-atelier-ein-kuenstlerroman","status":"publish","type":"product","link":"https:\/\/www.editionkeiper.at\/shop\/produkt\/das-atelier-ein-kuenstlerroman\/","title":{"rendered":"Die Frau im Atelier"},"content":{"rendered":"<h2>Die Frau im Atelier<\/h2>\n<p><strong>von <a href=\"https:\/\/www.editionkeiper.at\/shop\/steiner-elke\/\">Elke Steiner<\/a><\/strong><\/p>\n<p class=\"p1\">Spleenige Rituale und obsessive Malerei helfen Marius vergessen, was seit fr\u00fchester Kindheit auf ihm lastet. Warum malt er Bilder, auf denen immer wieder die gleiche Frau zu sehen ist? Und warum kontrolliert er seine Angst vor dem Verschlafen mit einer Unzahl von Weckern?<\/p>\n<p class=\"p1\"><span class=\"s1\">Als die geheimnisvolle Colette in seinem Leben auftaucht, ger\u00e4t das bisherige, ohnehin br\u00fcchige Leben des Malers komplett aus den Fugen.<br \/>\nColette gibt ihm die Kraft, Vertrauen in das Leben und in die Liebe zu entwickeln. Nach und nach gelingt es ihm, seiner Vergangenheit Raum zu geben, endlich entspinnen sich die F\u00e4den von Erinnerung und Schuld, in denen er verfangen scheint. <\/span><\/p>\n<p><strong><br \/>\nPreis:<\/strong> AT \u20ac 20,00 \/ DE \u20ac 19,45<\/p>\n<p><strong>ISBN13: <\/strong>978-3-903322-39-4<\/p>\n<p><strong>Erscheinungsdatum:<\/strong> 01 10. 2021<\/p>\n<p><strong>Seiten:<\/strong> ca. 176<\/p>\n<p><strong>Sprache:<\/strong>\u00a0Deutsch<\/p>\n<p><strong>Format:<\/strong> 20,0 x 12,0 cm; Pappband<\/p>\n<p><a href=\"https:\/\/www.editionkeiper.at\/shop\/wp-content\/uploads\/2021\/06\/Zusatz1_Leseprobe_Steiner_Elke_Frau_im_Atelier_Roman_keiper_Verlag.pdf\" target=\"_blank\" rel=\"noopener\"><img loading=\"lazy\" loading=\"lazy\" decoding=\"async\" class=\"alignnone size-full wp-image-9320\" src=\"https:\/\/www.editionkeiper.at\/shop\/wp-content\/uploads\/2021\/06\/Leseprobe_Verlag_Keiper.png\" alt=\"\" width=\"90\" height=\"125\" srcset=\"https:\/\/www.editionkeiper.at\/shop\/wp-content\/uploads\/2021\/06\/Leseprobe_Verlag_Keiper.png 90w, https:\/\/www.editionkeiper.at\/shop\/wp-content\/uploads\/2021\/06\/Leseprobe_Verlag_Keiper-7x10.png 7w\" sizes=\"auto, (max-width: 90px) 100vw, 90px\" \/><\/a><\/p>\n","protected":false},"excerpt":{"rendered":"<ul>\n<li>Ein junger K\u00fcnstler, ein chaotisches Atelier und eine Frau mit Rollkoffer.<\/li>\n<li>Die Geschichte einer au\u00dfergew\u00f6hnlichen Ann\u00e4herung.<\/li>\n<li>Sinnlicher kann das Malen, das Spiel mit Farben, nicht beschrieben werden!<\/li>\n<\/ul>\n<p>Gibt es einen Ausweg, wenn die Vergangenheit das Leben bestimmt und blockiert? Elke Steiner gelingt es, mittels eines originellen Plots diesen Ausweg zu skizzieren, und sie tut das mit leichter Hand und einem gelungenen Mix aus Sinnlichkeit und subtilem Humor.<\/p>\n<p><span style=\"color: #993366;\"><strong>\u00a0<\/strong><\/span><\/p>\n","protected":false},"featured_media":9069,"comment_status":"open","ping_status":"closed","template":"","meta":[],"etheme_brands":[],"product_brand":[],"product_cat":[3687],"product_tag":[3940,356,3941,307,111,348,293,3972,218,3971,3974,3973,121],"yst_prominent_words":[3208],"class_list":{"0":"post-8896","1":"product","2":"type-product","3":"status-publish","4":"has-post-thumbnail","6":"product_cat-romane","7":"product_tag-atelier","8":"product_tag-edition-keiper","9":"product_tag-geschichte-mit-aussergewoehnlicher-annaeherung","10":"product_tag-humor","11":"product_tag-kuenstlerroman","12":"product_tag-literatur","13":"product_tag-maler","14":"product_tag-origineller-plot","15":"product_tag-roman","16":"product_tag-sinnlichkeit","17":"product_tag-spiel-mit-farben","18":"product_tag-ueber-das-licht-gedreht","19":"product_tag-verlag","21":"first","22":"instock","23":"shipping-taxable","24":"purchasable","25":"product-type-simple"},"_links":{"self":[{"href":"https:\/\/www.editionkeiper.at\/shop\/wp-json\/wp\/v2\/product\/8896","targetHints":{"allow":["GET"]}}],"collection":[{"href":"https:\/\/www.editionkeiper.at\/shop\/wp-json\/wp\/v2\/product"}],"about":[{"href":"https:\/\/www.editionkeiper.at\/shop\/wp-json\/wp\/v2\/types\/product"}],"replies":[{"embeddable":true,"href":"https:\/\/www.editionkeiper.at\/shop\/wp-json\/wp\/v2\/comments?post=8896"}],"wp:featuredmedia":[{"embeddable":true,"href":"https:\/\/www.editionkeiper.at\/shop\/wp-json\/wp\/v2\/media\/9069"}],"wp:attachment":[{"href":"https:\/\/www.editionkeiper.at\/shop\/wp-json\/wp\/v2\/media?parent=8896"}],"wp:term":[{"taxonomy":"brand","embeddable":true,"href":"https:\/\/www.editionkeiper.at\/shop\/wp-json\/wp\/v2\/etheme_brands?post=8896"},{"taxonomy":"product_brand","embeddable":true,"href":"https:\/\/www.editionkeiper.at\/shop\/wp-json\/wp\/v2\/product_brand?post=8896"},{"taxonomy":"product_cat","embeddable":true,"href":"https:\/\/www.editionkeiper.at\/shop\/wp-json\/wp\/v2\/product_cat?post=8896"},{"taxonomy":"product_tag","embeddable":true,"href":"https:\/\/www.editionkeiper.at\/shop\/wp-json\/wp\/v2\/product_tag?post=8896"},{"taxonomy":"yst_prominent_words","embeddable":true,"href":"https:\/\/www.editionkeiper.at\/shop\/wp-json\/wp\/v2\/yst_prominent_words?post=8896"}],"curies":[{"name":"wp","href":"https:\/\/api.w.org\/{rel}","templated":true}]}}