{"id":883,"date":"2016-12-21T14:19:25","date_gmt":"2016-12-21T13:19:25","guid":{"rendered":"https:\/\/www.editionkeiper.at\/shop\/produkt\/der-waldschrat\/"},"modified":"2021-03-08T22:06:57","modified_gmt":"2021-03-08T21:06:57","slug":"der-waldschrat","status":"publish","type":"product","link":"https:\/\/www.editionkeiper.at\/shop\/produkt\/der-waldschrat\/","title":{"rendered":"Der Waldschrat &#8211; E-Book"},"content":{"rendered":"<h2>Der Waldschrat<\/h2>\n<p><strong>Ein Kriminalroman aus dem Murtal<\/strong><\/p>\n<p>von\u00a0<strong><a href=\"https:\/\/www.editionkeiper.at\/shop\/hartl-harald\/\">Harald Hartl<\/a><br \/>\n<\/strong><\/p>\n<p>In \u00d6sterreich, besonders im Murtal und in der Stadtgemeinde Spielberg, herrscht Aufbruchsstimmung. Die Formel 1 h\u00e4lt 2014 wieder Einzug auf dem in neuem Glanz erstrahlenden Red-Bull-Ring. Einen Tag vor dem Rennen verschwindet die vierj\u00e4hrige Lisa auf dem Friedhof in Sch\u00f6nberg, oberhalb der Rennstrecke, nahezu vor den Augen ihrer Eltern. Schon bald sto\u00dfen die Ermittler des LKA auf einen \u00e4hnlich gelagerten Fall \u2013 vor siebzehn Jahren verschwand ein knapp f\u00fcnfj\u00e4hriges M\u00e4dchen aus der Schweiz spurlos. Chefermittler Loibner und seine Kollegin Esther Roth m\u00fcssen bei ihren umfangreichen Recherchen herbe R\u00fcckschl\u00e4ge und Kritik hinnehmen. Nachdem ein Knecht den Verdacht \u00e4u\u00dfert, dass f\u00fcr die Verbrechen nur \u201eder Waldschrat\u201c infrage kommen kann, kommt pl\u00f6tzlich Tempo in die Ermittlungen und eine fieberhafte Suche nach dem Sonderling beginnt. Das vielversprechende Krimideb\u00fct des ehemaligen Polizei-Chefinspektors besticht durch kenntnisreiche Details und einen ungew\u00f6hnlichen, spannungsgeladenen Plot.<\/p>\n<p>&nbsp;<\/p>\n<p><strong>Preis:<\/strong> AT \u20ac 9,90 \/ DE \u20ac 9.82<\/p>\n<p><strong>Seiten:<\/strong>\u00a0220<\/p>\n<p><strong>ISBN13:<\/strong>\u00a0978-3-903144-23-1<\/p>\n<p><strong>Erscheinungsdatum:<\/strong>\u00a021.12.2016<\/p>\n<p><strong>Sprache:<\/strong>\u00a0Deutsch<\/p>\n<p><strong>Format:<\/strong> epub<\/p>\n","protected":false},"excerpt":{"rendered":"<p>In \u00d6sterreich, besonders im Murtal und in der Stadtgemeinde Spielberg, herrscht Aufbruchsstimmung. Die Formel 1 h\u00e4lt 2014 wieder Einzug auf dem in neuem Glanz erstrahlenden Red-Bull-Ring. Einen Tag vor dem Rennen verschwindet die vierj\u00e4hrige Lisa auf dem Friedhof in Sch\u00f6nberg, oberhalb der Rennstrecke, nahezu vor den Augen ihrer Eltern.<\/p>\n","protected":false},"featured_media":2886,"comment_status":"closed","ping_status":"closed","template":"","meta":[],"etheme_brands":[],"product_brand":[],"product_cat":[1394],"product_tag":[283,117,284,198,208,323,282,199,209,121,109],"yst_prominent_words":[],"class_list":{"0":"post-883","1":"product","2":"type-product","3":"status-publish","4":"has-post-thumbnail","6":"product_cat-krimi","7":"product_tag-formel-1","8":"product_tag-keiper","9":"product_tag-krimidebuet","10":"product_tag-kriminalroman","11":"product_tag-murtal","12":"product_tag-oesterreich","13":"product_tag-rennstrecke","14":"product_tag-spielberg","15":"product_tag-steiermark","16":"product_tag-verlag","17":"product_tag-www-editionkeiper-at","19":"first","20":"instock","21":"downloadable","22":"virtual","23":"purchasable","24":"product-type-simple"},"_links":{"self":[{"href":"https:\/\/www.editionkeiper.at\/shop\/wp-json\/wp\/v2\/product\/883","targetHints":{"allow":["GET"]}}],"collection":[{"href":"https:\/\/www.editionkeiper.at\/shop\/wp-json\/wp\/v2\/product"}],"about":[{"href":"https:\/\/www.editionkeiper.at\/shop\/wp-json\/wp\/v2\/types\/product"}],"replies":[{"embeddable":true,"href":"https:\/\/www.editionkeiper.at\/shop\/wp-json\/wp\/v2\/comments?post=883"}],"wp:featuredmedia":[{"embeddable":true,"href":"https:\/\/www.editionkeiper.at\/shop\/wp-json\/wp\/v2\/media\/2886"}],"wp:attachment":[{"href":"https:\/\/www.editionkeiper.at\/shop\/wp-json\/wp\/v2\/media?parent=883"}],"wp:term":[{"taxonomy":"brand","embeddable":true,"href":"https:\/\/www.editionkeiper.at\/shop\/wp-json\/wp\/v2\/etheme_brands?post=883"},{"taxonomy":"product_brand","embeddable":true,"href":"https:\/\/www.editionkeiper.at\/shop\/wp-json\/wp\/v2\/product_brand?post=883"},{"taxonomy":"product_cat","embeddable":true,"href":"https:\/\/www.editionkeiper.at\/shop\/wp-json\/wp\/v2\/product_cat?post=883"},{"taxonomy":"product_tag","embeddable":true,"href":"https:\/\/www.editionkeiper.at\/shop\/wp-json\/wp\/v2\/product_tag?post=883"},{"taxonomy":"yst_prominent_words","embeddable":true,"href":"https:\/\/www.editionkeiper.at\/shop\/wp-json\/wp\/v2\/yst_prominent_words?post=883"}],"curies":[{"name":"wp","href":"https:\/\/api.w.org\/{rel}","templated":true}]}}