{"id":882,"date":"2017-04-03T10:19:25","date_gmt":"2017-04-03T08:19:25","guid":{"rendered":"https:\/\/www.editionkeiper.at\/shop\/produkt\/von-einer-zur-anderen\/"},"modified":"2021-03-08T22:10:36","modified_gmt":"2021-03-08T21:10:36","slug":"von-einer-zur-anderen","status":"publish","type":"product","link":"https:\/\/www.editionkeiper.at\/shop\/produkt\/von-einer-zur-anderen\/","title":{"rendered":"Von einer zur anderen"},"content":{"rendered":"<h2>Von einer zur anderen<\/h2>\n<p>von <strong><a href=\"https:\/\/www.editionkeiper.at\/shop\/szammer-petra\/\">Petra Szammer<\/a><\/strong><\/p>\n<p><strong>Wie mein Leben trotz widriger Umst\u00e4nde in der Kindheit doch noch gelang und meine schmerzhaften Erfahrungen dazu f\u00fchrten, dass ich meine Lebensaufgabe fand.<\/strong><\/p>\n<p><em>Von einer zur anderen<\/em> besch\u00e4ftigt sich mit transgenerationaler Weitergabe von Gewalt in der Familie. Petra Szammer beschreibt darin ihre eigene Kindheit und Jugend in den Sechziger-, Siebziger- und Achtzigerjahren mit Eltern, Gro\u00dfeltern und Lehrern, die Krieg erlebt haben und unter deren nicht verarbeiteten Gef\u00fchlen und autorit\u00e4ren Erziehungsma\u00dfnahmen sie und ihr Bruder \u2013 genauso wie viele andere Kinder ihrer Generation \u2013 gelitten haben. Authentisch und ber\u00fchrend erz\u00e4hlt die Autorin, wie es ihr gelungen ist, das verunsichernde Lebensgef\u00fchl ihrer Kindheit in eine sinnerf\u00fcllte, positive Identit\u00e4t zu verwandeln.<\/p>\n<p>&nbsp;<\/p>\n<p><strong>Preis:<\/strong> AT \u20ac 18,90 \/ DE \u20ac 18.38<\/p>\n<p><strong>Seiten:<\/strong>\u00a0160<\/p>\n<p><strong>ISBN13:<\/strong>\u00a0978-3-903144-25-5<\/p>\n<p><strong>Erscheinungsdatum:<\/strong>\u00a003.04.2017<\/p>\n<p><strong>Sprache:<\/strong>\u00a0Deutsch<\/p>\n<p><strong>Format:<\/strong>\u00a021,6 x 14,5 cm;\u00a0Gebunden; fester Einband (Hardcover)<\/p>\n","protected":false},"excerpt":{"rendered":"<p><strong>Wie mein Leben trotz widriger Umst\u00e4nde in der Kindheit doch noch gelang und meine schmerzhaften Erfahrungen dazu f\u00fchrten, dass ich meine Lebensaufgabe fand.<\/strong><\/p>\n<p><em>Von einer zur anderen<\/em> besch\u00e4ftigt sich mit transgenerationaler Weitergabe von Gewalt in der Familie.<\/p>\n","protected":false},"featured_media":1567,"comment_status":"closed","ping_status":"closed","template":"","meta":[],"etheme_brands":[],"product_brand":[],"product_cat":[3089,1398],"product_tag":[272,280,279,270,273,275,277,274,271,278,276,268,269,2565],"yst_prominent_words":[3222,3203,3224],"class_list":{"0":"post-882","1":"product","2":"type-product","3":"status-publish","4":"has-post-thumbnail","6":"product_cat-biografie","7":"product_cat-ratgeber","8":"product_tag-achtzigerjahre","9":"product_tag-familie","10":"product_tag-familienaufstellung","11":"product_tag-familientherapie","12":"product_tag-generationen","13":"product_tag-gewalt","14":"product_tag-kindergarten","15":"product_tag-lebensaufgabe","16":"product_tag-montessori","17":"product_tag-mutter-tochter-beziehung","18":"product_tag-normale-paedagogik","19":"product_tag-rebeca-wild","20":"product_tag-schwarze-paedagogik","21":"product_tag-von-einer-zur-anderen","23":"first","24":"instock","25":"shipping-taxable","26":"purchasable","27":"product-type-simple"},"_links":{"self":[{"href":"https:\/\/www.editionkeiper.at\/shop\/wp-json\/wp\/v2\/product\/882","targetHints":{"allow":["GET"]}}],"collection":[{"href":"https:\/\/www.editionkeiper.at\/shop\/wp-json\/wp\/v2\/product"}],"about":[{"href":"https:\/\/www.editionkeiper.at\/shop\/wp-json\/wp\/v2\/types\/product"}],"replies":[{"embeddable":true,"href":"https:\/\/www.editionkeiper.at\/shop\/wp-json\/wp\/v2\/comments?post=882"}],"wp:featuredmedia":[{"embeddable":true,"href":"https:\/\/www.editionkeiper.at\/shop\/wp-json\/wp\/v2\/media\/1567"}],"wp:attachment":[{"href":"https:\/\/www.editionkeiper.at\/shop\/wp-json\/wp\/v2\/media?parent=882"}],"wp:term":[{"taxonomy":"brand","embeddable":true,"href":"https:\/\/www.editionkeiper.at\/shop\/wp-json\/wp\/v2\/etheme_brands?post=882"},{"taxonomy":"product_brand","embeddable":true,"href":"https:\/\/www.editionkeiper.at\/shop\/wp-json\/wp\/v2\/product_brand?post=882"},{"taxonomy":"product_cat","embeddable":true,"href":"https:\/\/www.editionkeiper.at\/shop\/wp-json\/wp\/v2\/product_cat?post=882"},{"taxonomy":"product_tag","embeddable":true,"href":"https:\/\/www.editionkeiper.at\/shop\/wp-json\/wp\/v2\/product_tag?post=882"},{"taxonomy":"yst_prominent_words","embeddable":true,"href":"https:\/\/www.editionkeiper.at\/shop\/wp-json\/wp\/v2\/yst_prominent_words?post=882"}],"curies":[{"name":"wp","href":"https:\/\/api.w.org\/{rel}","templated":true}]}}