{"id":879,"date":"2017-09-29T14:19:25","date_gmt":"2017-09-29T12:19:25","guid":{"rendered":"https:\/\/www.editionkeiper.at\/shop\/produkt\/gaukler\/"},"modified":"2021-03-08T22:20:00","modified_gmt":"2021-03-08T21:20:00","slug":"gaukler","status":"publish","type":"product","link":"https:\/\/www.editionkeiper.at\/shop\/produkt\/gaukler\/","title":{"rendered":"Gaukler"},"content":{"rendered":"<h2>Gaukler<\/h2>\n<p>von\u00a0<a href=\"https:\/\/www.editionkeiper.at\/shop\/teichmann-christine\/\"><strong>Christine Teichmann<\/strong><\/a><\/p>\n<p>Dora ist genau im richtigen Alter, um aus dem bisherigen Trott ihrer Ehe mit Erich und den Jahren mit den Kindern herauszuwachsen und sich auf die Suche zu machen: nach ihren Wurzeln und ihrer Zukunft. In dieser \u00dcbergangszeit stirbt die Mutter, zu der Dora viele Jahre keinen Kontakt hatte. Der Weg zum Begr\u00e4bnis wird zu einer Reise in die Vergangenheit. Doras Eltern waren Clowns, Stra\u00dfenk\u00fcnstler, Gaukler, die mit verblichenen Kost\u00fcmen auf kleinen Veranstaltungen eine anst\u00e4ndige Show auf die Beine stellten. Ihren hohen Anspr\u00fcchen an Auftritte und Privatleben wurden sie trotz der Verachtung ihrer Herkunftsfamilien und gegen alle Str\u00f6mungen der Zeit gerecht. Bis der Vater stirbt, bis ein Geheimnis platzt, bis die Mutter stirbt, bis die Geschwister sich endlich zusammensetzen \u2013 und dort ankn\u00fcpfen, wo sie vor Jahrzehnten aufgeh\u00f6rt haben: bei ihrer tiefen und unausgesprochenen Verbundenheit miteinander.<\/p>\n<p>&nbsp;<\/p>\n<p><strong>Preis:<\/strong> AT \u20ac 22,50 \/ DE \u20ac 21.88<\/p>\n<p><strong>Seiten:<\/strong>\u00a0224<\/p>\n<p><strong>ISBN13:<\/strong>\u00a0978-3-903144-26-2<\/p>\n<p><strong>Erscheinungsdatum:<\/strong>\u00a013.10.2017<\/p>\n<p><strong>Sprache:<\/strong>\u00a0Deutsch<\/p>\n<p><strong>Format:<\/strong>\u00a020,0 x 12,0 cm;\u00a0Gebunden; fester Einband (Hardcover)<\/p>\n<p><iframe loading=\"lazy\" title=\"Lesung &quot;Gaukler&quot; von Christine Teichmann \u2013 Verlag edition keiper. Gulasch-Daham-Lesung.\" width=\"1170\" height=\"658\" src=\"https:\/\/www.youtube.com\/embed\/EbO_CcR2W4c?feature=oembed\" frameborder=\"0\" allow=\"accelerometer; autoplay; clipboard-write; encrypted-media; gyroscope; picture-in-picture\" allowfullscreen><\/iframe><\/p>\n","protected":false},"excerpt":{"rendered":"<p>Dora ist genau im richtigen Alter, um aus dem bisherigen Trott ihrer Ehe mit Erich und den Jahren mit den Kindern herauszuwachsen und sich auf die Suche zu machen: nach ihren Wurzeln und ihrer Zukunft. In dieser \u00dcbergangszeit stirbt die Mutter, zu der Dora viele Jahre keinen Kontakt hatte. Der Weg zum Begr\u00e4bnis wird zu einer Reise in die Vergangenheit.<\/p>\n<p>Es geht um Schuld, (Familien-)Beziehungen und Frauenrollen \u2013 und darum, wie man richtig Feuer spuckt! Die fragilen Wunder von Zirkus und Stra\u00dfenkunst, betrachtet aus distanzierten Kinderaugen.<\/p>\n","protected":false},"featured_media":1568,"comment_status":"closed","ping_status":"closed","template":"","meta":[],"etheme_brands":[],"product_brand":[],"product_cat":[3687],"product_tag":[253,251,158,254,252,249,255,109,250],"yst_prominent_words":[3192],"class_list":{"0":"post-879","1":"product","2":"type-product","3":"status-publish","4":"has-post-thumbnail","6":"product_cat-romane","7":"product_tag-beziehungen","8":"product_tag-familien","9":"product_tag-menschen","10":"product_tag-schuld","11":"product_tag-slam-poetin","12":"product_tag-strassenkunst","13":"product_tag-teichmann","14":"product_tag-www-editionkeiper-at","15":"product_tag-zirkus","17":"first","18":"instock","19":"shipping-taxable","20":"purchasable","21":"product-type-simple"},"_links":{"self":[{"href":"https:\/\/www.editionkeiper.at\/shop\/wp-json\/wp\/v2\/product\/879","targetHints":{"allow":["GET"]}}],"collection":[{"href":"https:\/\/www.editionkeiper.at\/shop\/wp-json\/wp\/v2\/product"}],"about":[{"href":"https:\/\/www.editionkeiper.at\/shop\/wp-json\/wp\/v2\/types\/product"}],"replies":[{"embeddable":true,"href":"https:\/\/www.editionkeiper.at\/shop\/wp-json\/wp\/v2\/comments?post=879"}],"wp:featuredmedia":[{"embeddable":true,"href":"https:\/\/www.editionkeiper.at\/shop\/wp-json\/wp\/v2\/media\/1568"}],"wp:attachment":[{"href":"https:\/\/www.editionkeiper.at\/shop\/wp-json\/wp\/v2\/media?parent=879"}],"wp:term":[{"taxonomy":"brand","embeddable":true,"href":"https:\/\/www.editionkeiper.at\/shop\/wp-json\/wp\/v2\/etheme_brands?post=879"},{"taxonomy":"product_brand","embeddable":true,"href":"https:\/\/www.editionkeiper.at\/shop\/wp-json\/wp\/v2\/product_brand?post=879"},{"taxonomy":"product_cat","embeddable":true,"href":"https:\/\/www.editionkeiper.at\/shop\/wp-json\/wp\/v2\/product_cat?post=879"},{"taxonomy":"product_tag","embeddable":true,"href":"https:\/\/www.editionkeiper.at\/shop\/wp-json\/wp\/v2\/product_tag?post=879"},{"taxonomy":"yst_prominent_words","embeddable":true,"href":"https:\/\/www.editionkeiper.at\/shop\/wp-json\/wp\/v2\/yst_prominent_words?post=879"}],"curies":[{"name":"wp","href":"https:\/\/api.w.org\/{rel}","templated":true}]}}