{"id":875,"date":"2017-09-24T14:19:25","date_gmt":"2017-09-24T12:19:25","guid":{"rendered":"https:\/\/www.editionkeiper.at\/shop\/produkt\/der-maler-und-der-teufel\/"},"modified":"2021-03-08T22:15:59","modified_gmt":"2021-03-08T21:15:59","slug":"der-maler-und-der-teufel","status":"publish","type":"product","link":"https:\/\/www.editionkeiper.at\/shop\/produkt\/der-maler-und-der-teufel\/","title":{"rendered":"Der Maler und der Teufel"},"content":{"rendered":"<h2>Der Maler und der Teufel<\/h2>\n<p><strong>Ein K\u00fcnstlerroman<\/strong><\/p>\n<p>von\u00a0<strong><a href=\"https:\/\/www.editionkeiper.at\/shop\/lipsky-herbert\/\"> Herbert Lipsky<\/a><br \/>\n<\/strong><\/p>\n<p>Mathias Manzini ist ein ber\u00fchmter Maler. Er lebt zur\u00fcckgezogen in seinem Haus in der Provence. Eines Tages taucht seine Schwester Clara mit ihrem Sohn auf, sie ist auf der Flucht vor ihrem Mann. Die Geschwister verbringen gemeinsam den Sommer und erinnern sich an ihre dramatische Kindheit, die sie mit ihrer Mutter in der ber\u00fcchtigten Kommune des Malers Max Teufel zugebracht haben. Zahlreiche vom Leben und durch Drogen gesch\u00e4digte Menschen praktizierten dort freie Sexualit\u00e4t, auch Kinder und Jugendliche wurden gezwungen mitzumachen. Mathias lockte Teufel in eine Falle und verhinderte, dass seine Schwester von ihm missbraucht wurde. Die Geschwister verlie\u00dfen die Kommune und wuchsen bei ihren leiblichen Gro\u00dfeltern auf, wurden erfolgreich in ihren Berufen. Und wie einst in der Kommune hilft Mathias seiner Schwester, deren Mann ihr nach dem Leben trachtet. Soweit die Fiktion. Tats\u00e4chlich geschrieben wurde diese Geschichte aber vom Leben: Herbert Lipsky wurde von Dokumentarfilmen und B\u00fcchern \u00fcber den Aktionsk\u00fcnstler Otto M\u00fchl zu diesem Roman angeregt. Die Handlung ist jedoch frei erfunden und hat nichts mit den tragischen Schicksalen einzelner Kinder auf dem Friedrichshof zu tun. Lipsky hat den Friedrichshof zwar besucht, aber die \u00d6rtlichkeiten sind nicht ident mit dem im Buch beschriebenen fiktiven Reichendorf. Auch die geschilderten Handlungsabl\u00e4ufe haben in der M\u00fchl-Kommune so nicht stattgefunden.<\/p>\n<p>&nbsp;<\/p>\n<p><strong>Preis:<\/strong> AT \u20ac 24,00 \/ DE \u20ac 23.35<\/p>\n<p><strong>Seiten:<\/strong>\u00a0300<\/p>\n<p><strong>ISBN13:<\/strong>\u00a0978-3-903144-31-6<\/p>\n<p><strong>Erscheinungsdatum:<\/strong>\u00a002.10.2017<\/p>\n<p><strong>Sprache:<\/strong>\u00a0Deutsch<\/p>\n<p><strong>Format:<\/strong>\u00a020,0 x 12,0 cm;\u00a0Gebunden; fester Einband (Hardcover)<\/p>\n","protected":false},"excerpt":{"rendered":"<p><strong>Ein K\u00fcnstlerroman<\/strong><\/p>\n<p>Mathias Manzini ist ein ber\u00fchmter Maler. Er lebt zur\u00fcckgezogen in seinem Haus in der Provence. Eines Tages taucht seine Schwester Clara mit ihrem Sohn auf, sie ist auf der Flucht vor ihrem Mann. Die Geschwister verbringen gemeinsam den Sommer und erinnern sich an ihre dramatische Kindheit, die sie mit ihrer Mutter in der ber\u00fcchtigten Kommune des Malers Max Teufel zugebracht haben.<\/p>\n","protected":false},"featured_media":1494,"comment_status":"closed","ping_status":"closed","template":"","meta":[],"etheme_brands":[],"product_brand":[],"product_cat":[3687],"product_tag":[212,214,219,217,220,215,210,213,119,111,216,175,211,218,109],"yst_prominent_words":[3232,3208],"class_list":{"0":"post-875","1":"product","2":"type-product","3":"status-publish","4":"has-post-thumbnail","6":"product_cat-romane","7":"product_tag-aktionskunst","8":"product_tag-aktionskuenstler","9":"product_tag-entwicklungsroman","10":"product_tag-friedrichshof","11":"product_tag-geschwister","12":"product_tag-kindesmissbrauch","13":"product_tag-kindheit-in-der-kommune","14":"product_tag-kommunenkind","15":"product_tag-kunst","16":"product_tag-kuenstlerroman","17":"product_tag-otto-muehl","18":"product_tag-provence","19":"product_tag-reichendorf","20":"product_tag-roman","21":"product_tag-www-editionkeiper-at","23":"first","24":"instock","25":"shipping-taxable","26":"purchasable","27":"product-type-simple"},"_links":{"self":[{"href":"https:\/\/www.editionkeiper.at\/shop\/wp-json\/wp\/v2\/product\/875","targetHints":{"allow":["GET"]}}],"collection":[{"href":"https:\/\/www.editionkeiper.at\/shop\/wp-json\/wp\/v2\/product"}],"about":[{"href":"https:\/\/www.editionkeiper.at\/shop\/wp-json\/wp\/v2\/types\/product"}],"replies":[{"embeddable":true,"href":"https:\/\/www.editionkeiper.at\/shop\/wp-json\/wp\/v2\/comments?post=875"}],"wp:featuredmedia":[{"embeddable":true,"href":"https:\/\/www.editionkeiper.at\/shop\/wp-json\/wp\/v2\/media\/1494"}],"wp:attachment":[{"href":"https:\/\/www.editionkeiper.at\/shop\/wp-json\/wp\/v2\/media?parent=875"}],"wp:term":[{"taxonomy":"brand","embeddable":true,"href":"https:\/\/www.editionkeiper.at\/shop\/wp-json\/wp\/v2\/etheme_brands?post=875"},{"taxonomy":"product_brand","embeddable":true,"href":"https:\/\/www.editionkeiper.at\/shop\/wp-json\/wp\/v2\/product_brand?post=875"},{"taxonomy":"product_cat","embeddable":true,"href":"https:\/\/www.editionkeiper.at\/shop\/wp-json\/wp\/v2\/product_cat?post=875"},{"taxonomy":"product_tag","embeddable":true,"href":"https:\/\/www.editionkeiper.at\/shop\/wp-json\/wp\/v2\/product_tag?post=875"},{"taxonomy":"yst_prominent_words","embeddable":true,"href":"https:\/\/www.editionkeiper.at\/shop\/wp-json\/wp\/v2\/yst_prominent_words?post=875"}],"curies":[{"name":"wp","href":"https:\/\/api.w.org\/{rel}","templated":true}]}}