{"id":874,"date":"2017-09-21T14:19:25","date_gmt":"2017-09-21T12:19:25","guid":{"rendered":"https:\/\/www.editionkeiper.at\/shop\/produkt\/im-angesicht-des-todes-ein-kriminalroman-aus-dem-murtal\/"},"modified":"2021-03-08T22:15:23","modified_gmt":"2021-03-08T21:15:23","slug":"im-angesicht-des-todes-ein-kriminalroman-aus-dem-murtal","status":"publish","type":"product","link":"https:\/\/www.editionkeiper.at\/shop\/produkt\/im-angesicht-des-todes-ein-kriminalroman-aus-dem-murtal\/","title":{"rendered":"Im Angesicht des Todes: Ein Kriminalroman aus dem Murtal"},"content":{"rendered":"<h2>Im Angesicht des Todes: Ein Kriminalroman aus dem Murtal<\/h2>\n<p>von <strong><a href=\"https:\/\/www.editionkeiper.at\/shop\/hartl-harald\/\">Harald Hartl<\/a><br \/>\n<\/strong><\/p>\n<p>In einem Wald nahe der beschaulichen Ortschaft Sillweg bei Fohnsdorf findet der Hund einer Joggerin die Leiche einer jungen Frau, die mit einem Seidenhalstuch erdrosselt worden ist. Lange Zeit gelingt es dem Ermittlerduo Franz Loibner und Esther Roth des LKA Steiermark nicht, die Tote zu identifizieren. Als sich herausstellt, dass hinter einem zun\u00e4chst vermuteten Unfall oder Suizid auf den Gleisen der \u00d6BB in Judenburg ebenfalls ein brutales Gewaltverbrechen steckt, dessen Opfer auch eine junge Frau ist, geraten Loibner und Roth geh\u00f6rig unter Druck. Noch dazu verh\u00e4lt sich der vom LKA Nieder\u00f6sterreich in die Steiermark versetzte Ermittler mit dem makabren Namen Mord mehr als seltsam. Roth bringt in Erfahrung, dass es auch in Wien ein mit einem Seidenhalstuch erdrosseltes Opfer gegeben hat \u2013 und zwar ganz in der N\u00e4he der damaligen Wohnung des neuen Kollegen Siegfried Mord. Bald darauf ger\u00e4t ein M\u00e4dchen in Judenburg in die F\u00e4nge des vermutlichen Serienm\u00f6rders. Wieder h\u00e4lt Mord sich zur Tatzeit in der N\u00e4he des Tatortes auf \u2026<\/p>\n<p>&nbsp;<\/p>\n<p><strong>Preis:<\/strong> AT \u20ac 18,70 \/ DE \u20ac 18.19<\/p>\n<p><strong>Seiten:<\/strong>\u00a0210<\/p>\n<p><strong>ISBN13:<\/strong>\u00a0978-3-903144-29-3<\/p>\n<p><strong>Erscheinungsdatum:<\/strong>\u00a014.09.2017<\/p>\n<p><strong>Sprache:<\/strong>\u00a0Deutsch<\/p>\n<p><strong>Format:<\/strong>\u00a020,0 x 12,0 cm; flexibler Einband (Paperback)<\/p>\n","protected":false},"excerpt":{"rendered":"<p>In einem Wald nahe der beschaulichen Ortschaft Sillweg bei Fohnsdorf findet der Hund einer Joggerin die Leiche einer jungen Frau, die mit einem Seidenhalstuch erdrosselt worden ist. Lange Zeit gelingt es dem Ermittlerduo Franz Loibner und Esther Roth des LKA Steiermark nicht, die Tote zu identifizieren.<\/p>\n","protected":false},"featured_media":1287,"comment_status":"closed","ping_status":"closed","template":"","meta":[],"etheme_brands":[],"product_brand":[],"product_cat":[1394],"product_tag":[195,196,203,206,197,202,198,201,208,204,207,200,199,209,205],"yst_prominent_words":[3407,3331],"class_list":{"0":"post-874","1":"product","2":"type-product","3":"status-publish","4":"has-post-thumbnail","6":"product_cat-krimi","7":"product_tag-ermittler","8":"product_tag-ermittlung","9":"product_tag-esther-roth","10":"product_tag-fohnsdorf","11":"product_tag-franz-loibner","12":"product_tag-judenburg","13":"product_tag-kriminalroman","14":"product_tag-lka-steiermark","15":"product_tag-murtal","16":"product_tag-polizeiarbeit","17":"product_tag-regionalkrimi","18":"product_tag-serientaeter","19":"product_tag-spielberg","20":"product_tag-steiermark","21":"product_tag-zeltweg","23":"first","24":"instock","25":"shipping-taxable","26":"purchasable","27":"product-type-simple"},"_links":{"self":[{"href":"https:\/\/www.editionkeiper.at\/shop\/wp-json\/wp\/v2\/product\/874","targetHints":{"allow":["GET"]}}],"collection":[{"href":"https:\/\/www.editionkeiper.at\/shop\/wp-json\/wp\/v2\/product"}],"about":[{"href":"https:\/\/www.editionkeiper.at\/shop\/wp-json\/wp\/v2\/types\/product"}],"replies":[{"embeddable":true,"href":"https:\/\/www.editionkeiper.at\/shop\/wp-json\/wp\/v2\/comments?post=874"}],"wp:featuredmedia":[{"embeddable":true,"href":"https:\/\/www.editionkeiper.at\/shop\/wp-json\/wp\/v2\/media\/1287"}],"wp:attachment":[{"href":"https:\/\/www.editionkeiper.at\/shop\/wp-json\/wp\/v2\/media?parent=874"}],"wp:term":[{"taxonomy":"brand","embeddable":true,"href":"https:\/\/www.editionkeiper.at\/shop\/wp-json\/wp\/v2\/etheme_brands?post=874"},{"taxonomy":"product_brand","embeddable":true,"href":"https:\/\/www.editionkeiper.at\/shop\/wp-json\/wp\/v2\/product_brand?post=874"},{"taxonomy":"product_cat","embeddable":true,"href":"https:\/\/www.editionkeiper.at\/shop\/wp-json\/wp\/v2\/product_cat?post=874"},{"taxonomy":"product_tag","embeddable":true,"href":"https:\/\/www.editionkeiper.at\/shop\/wp-json\/wp\/v2\/product_tag?post=874"},{"taxonomy":"yst_prominent_words","embeddable":true,"href":"https:\/\/www.editionkeiper.at\/shop\/wp-json\/wp\/v2\/yst_prominent_words?post=874"}],"curies":[{"name":"wp","href":"https:\/\/api.w.org\/{rel}","templated":true}]}}