{"id":868,"date":"2017-09-18T14:19:25","date_gmt":"2017-09-18T12:19:25","guid":{"rendered":"https:\/\/www.editionkeiper.at\/shop\/produkt\/das-galaktische-museum-oder-das-gelee-in-der-hose-2\/"},"modified":"2021-03-08T22:14:13","modified_gmt":"2021-03-08T21:14:13","slug":"das-galaktische-museum-oder-das-gelee-in-der-hose-2","status":"publish","type":"product","link":"https:\/\/www.editionkeiper.at\/shop\/produkt\/das-galaktische-museum-oder-das-gelee-in-der-hose-2\/","title":{"rendered":"Das Galaktische Museum oder das Gelee in der Hose"},"content":{"rendered":"<h2>Das Galaktische Museum oder das Gelee in der Hose<\/h2>\n<p><strong>Buch 2 | Das Museum<\/strong><\/p>\n<p>von\u00a0<strong><a href=\"https:\/\/www.editionkeiper.at\/shop\/lehmig-ghimel\/\"> Ghimel Lehmig<\/a><br \/>\n<\/strong><\/p>\n<p>Die Portale des galaktischen Museums \u00f6ffnen sich in den fantasievollen Erz\u00e4hlungen der K\u00fcnstlerfreunde und wir werden in eine skurrile Welt gef\u00fchrt, die hintergr\u00fcndig uns sehr wohl bekannt vorkommt. Es ist oft Unsinn, den unsere Welt widerspiegelt. Was macht da die Kunst?<\/p>\n<p>Lasst uns lieber schallend lachen als laut weinen. Das will uns Ghimel Lehmig sagen.<\/p>\n<p>Ein illustrierter Roman in drei B\u00fcchern.<br \/>\nHumorvoll wird die Bildende Kunst hinterfragt.<br \/>\nBuch 1, Der Geburtstag, stellt neun K\u00fcnstler vor, die einen Geburtstag feiern.<br \/>\nBuch 2, Das Museum, begleitet diese skurrile K\u00fcnstlergruppe in ihre Fantasiewelten, um<br \/>\nschlie\u00dflich im virtuellen Geb\u00e4ude des Galaktischen Museums zu landen.<br \/>\nBuch 3, Abg\u00e4nge, berichtet von den dramatischen Folgen ihrer seltsamen Kopfgeburten.<\/p>\n<p>&nbsp;<\/p>\n<p><strong>Preis:<\/strong> AT \u20ac 30,00 \/ DE \u20ac 29.18<\/p>\n<p><strong>Seiten:<\/strong>\u00a0200<\/p>\n<p><strong>ISBN13:<\/strong>\u00a0978-3-903144-37-8<\/p>\n<p><strong>Erscheinungsdatum:<\/strong>\u00a014.07.2017<\/p>\n<p><strong>Sprache:<\/strong>\u00a0Deutsch<\/p>\n<p><strong>Format:<\/strong>\u00a023,0 x 17,0 cm; offene Klappenbroschur (Paperback)<\/p>\n","protected":false},"excerpt":{"rendered":"<p>Die Portale des galaktischen Museums \u00f6ffnen sich in den fantasievollen Erz\u00e4hlungen der K\u00fcnstlerfreunde und wir werden in eine skurrile Welt gef\u00fchrt, die hintergr\u00fcndig uns sehr wohl bekannt vorkommt. Es ist oft Unsinn, den unsere Welt widerspiegelt. Was macht da die Kunst?<\/p>\n<p>Lasst uns lieber schallend lachen als laut weinen. Das will uns Ghimel Lehmig sagen.<\/p>\n<p>&nbsp;<\/p>\n","protected":false},"featured_media":1492,"comment_status":"closed","ping_status":"closed","template":"","meta":[],"etheme_brands":[],"product_brand":[],"product_cat":[1364],"product_tag":[114,110,120,115,113,116,117,119,112,122,111,121,118,109],"yst_prominent_words":[3322,3233,3183],"class_list":{"0":"post-868","1":"product","2":"type-product","3":"status-publish","4":"has-post-thumbnail","6":"product_cat-kunst-und-fotografie","7":"product_tag-bildende-kunst","8":"product_tag-feier","9":"product_tag-feiern","10":"product_tag-freunde","11":"product_tag-freundschaft","12":"product_tag-illustrationen","13":"product_tag-keiper","14":"product_tag-kunst","15":"product_tag-kunst-schaffen","16":"product_tag-kuenstlergruppe","17":"product_tag-kuenstlerroman","18":"product_tag-verlag","19":"product_tag-virtuelles-museum","20":"product_tag-www-editionkeiper-at","22":"first","23":"instock","24":"shipping-taxable","25":"purchasable","26":"product-type-simple"},"_links":{"self":[{"href":"https:\/\/www.editionkeiper.at\/shop\/wp-json\/wp\/v2\/product\/868","targetHints":{"allow":["GET"]}}],"collection":[{"href":"https:\/\/www.editionkeiper.at\/shop\/wp-json\/wp\/v2\/product"}],"about":[{"href":"https:\/\/www.editionkeiper.at\/shop\/wp-json\/wp\/v2\/types\/product"}],"replies":[{"embeddable":true,"href":"https:\/\/www.editionkeiper.at\/shop\/wp-json\/wp\/v2\/comments?post=868"}],"wp:featuredmedia":[{"embeddable":true,"href":"https:\/\/www.editionkeiper.at\/shop\/wp-json\/wp\/v2\/media\/1492"}],"wp:attachment":[{"href":"https:\/\/www.editionkeiper.at\/shop\/wp-json\/wp\/v2\/media?parent=868"}],"wp:term":[{"taxonomy":"brand","embeddable":true,"href":"https:\/\/www.editionkeiper.at\/shop\/wp-json\/wp\/v2\/etheme_brands?post=868"},{"taxonomy":"product_brand","embeddable":true,"href":"https:\/\/www.editionkeiper.at\/shop\/wp-json\/wp\/v2\/product_brand?post=868"},{"taxonomy":"product_cat","embeddable":true,"href":"https:\/\/www.editionkeiper.at\/shop\/wp-json\/wp\/v2\/product_cat?post=868"},{"taxonomy":"product_tag","embeddable":true,"href":"https:\/\/www.editionkeiper.at\/shop\/wp-json\/wp\/v2\/product_tag?post=868"},{"taxonomy":"yst_prominent_words","embeddable":true,"href":"https:\/\/www.editionkeiper.at\/shop\/wp-json\/wp\/v2\/yst_prominent_words?post=868"}],"curies":[{"name":"wp","href":"https:\/\/api.w.org\/{rel}","templated":true}]}}