{"id":866,"date":"2017-08-31T14:19:25","date_gmt":"2017-08-31T12:19:25","guid":{"rendered":"https:\/\/www.editionkeiper.at\/shop\/produkt\/farbquanten\/"},"modified":"2021-03-08T22:13:37","modified_gmt":"2021-03-08T21:13:37","slug":"farbquanten","status":"publish","type":"product","link":"https:\/\/www.editionkeiper.at\/shop\/produkt\/farbquanten\/","title":{"rendered":"Farbquanten"},"content":{"rendered":"<h2>Farbquanten<\/h2>\n<p><strong>Messmethoden, Konstruktionsmodelle und Texte<\/strong><\/p>\n<p>von <strong><a href=\"https:\/\/www.editionkeiper.at\/shop\/zankl-gustav\/\">Gustav Zankl<\/a><br \/>\n<\/strong><\/p>\n<p>Dem Ph\u00e4nomen Farbe kann man naturwissenschaftlich \u00fcber die Farbphysik (als Teilbereich der Optik), \u00fcber die Spektralanalyse (mit Farblicht) und \u00fcber die Farbchemie (mit Farbpigmenten und Malfarben) begegnen. F\u00fcr den Betrachter ist Farbe jedoch vorwiegend Emotion. Die Wahrnehmung von Farbe ist eine Vernetzung von kognitiven und physiologischen Prozessen, sie entsteht also in unseren K\u00f6pfen. Au\u00dfen, in der Umwelt, gibt es keine Farben, dort dominiert Grau in den Skalen von Wei\u00dflicht bis Schwarz, dem Null-Licht. Damit sind auch schon die Ans\u00e4tze dieser Publikation kurz skizziert. Die Farbquantenuntersuchungen von Gustav Zankl basieren auf der Spektralanalyse Sir Isaac Newtons, der um 1670 sieben Farben nach den Farbmengen beschrieb und sie erstmals als Farbkreis figurierte. Arthur Schopenhauer hat etwa eineinhalb Jahrhunderte sp\u00e4ter mit Pigmentfarben die quantitative Proportion der Grundfarben \u00fcber den Kreisel bestimmt. Sie beide, Newton und Schopenhauer, sind quasi die Gr\u00fcndungsv\u00e4ter der Farbquanten. Zankl f\u00fchrte seine Untersuchungen nach dem \u201eMaxwellschen Kreiselsystem\u201c mittels Scheiben durch, die mit Acryl-Pigmentfarben beschichtet waren. Er erbringt den Beweis, dass die Farbkreise zwar praktikabel, aber nach dem Farbquantenprinzip falsch sind. Die bisher g\u00e4ngige Meinung, die Komplement\u00e4rfarben w\u00fcrden gemischt ein Neutralgrau ergeben, konnte nicht verifiziert werden. Neutralgrau kann nur mit drei oder mehr Pigmentfarben ermischt werden. Die Farbquanten jedoch sind proportionale Farbmengen von Kaltfarben zu Warmfarben im Verh\u00e4ltnis 3 : 2. Erkenntnisse dieser Untersuchungen wurden in Kunstobjekten der \u201eKonkreten Kunst\u201c umgesetzt, die am Ende der Publikation dokumentiert sind.<\/p>\n<p>&nbsp;<\/p>\n<p><strong>Preis:<\/strong> AT \u20ac 25,00 \/ DE \u20ac 24.32<\/p>\n<p><strong>Seiten:<\/strong>\u00a088<\/p>\n<p><strong>ISBN13:<\/strong>\u00a0978-3-903144-39-2<\/p>\n<p><strong>Erscheinungsdatum:<\/strong>\u00a031.08.2017<\/p>\n<p><strong>Sprache:<\/strong>\u00a0Deutsch; Englisch<\/p>\n<p><strong>Format:<\/strong>\u00a0Gebunden; fester Einband (Hardcover)<\/p>\n","protected":false},"excerpt":{"rendered":"<p><strong>Messmethoden, Konstruktionsmodelle und Texte<\/strong><\/p>\n<p>Dem Ph\u00e4nomen Farbe kann man naturwissenschaftlich \u00fcber die Farbphysik (als Teilbereich der Optik), \u00fcber die Spektralanalyse (mit Farblicht) und \u00fcber die Farbchemie (mit Farbpigmenten und Malfarben) begegnen. F\u00fcr den Betrachter ist Farbe jedoch vorwiegend Emotion. Die Wahrnehmung von Farbe ist eine Vernetzung von kognitiven und physiologischen Prozessen, sie entsteht also in unseren K\u00f6pfen.<\/p>\n","protected":false},"featured_media":2241,"comment_status":"closed","ping_status":"closed","template":"","meta":[],"etheme_brands":[],"product_brand":[],"product_cat":[1364],"product_tag":[103,99,106,102,107,104,95,105,98,96,94,100,97,101,93],"yst_prominent_words":[],"class_list":{"0":"post-866","1":"product","2":"type-product","3":"status-publish","4":"has-post-thumbnail","6":"product_cat-kunst-und-fotografie","7":"product_tag-cmyk","8":"product_tag-farblichtmischung","9":"product_tag-farbmodell","10":"product_tag-farbquanten","11":"product_tag-goethe","12":"product_tag-graumenge","13":"product_tag-gustav-zankl","14":"product_tag-konstruktionsmodelle","15":"product_tag-messmethoden","16":"product_tag-newton","17":"product_tag-partizipation","18":"product_tag-rgb","19":"product_tag-rotation","20":"product_tag-schopenhauer","21":"product_tag-wissenschaftlich","23":"first","24":"instock","25":"shipping-taxable","26":"purchasable","27":"product-type-simple"},"_links":{"self":[{"href":"https:\/\/www.editionkeiper.at\/shop\/wp-json\/wp\/v2\/product\/866","targetHints":{"allow":["GET"]}}],"collection":[{"href":"https:\/\/www.editionkeiper.at\/shop\/wp-json\/wp\/v2\/product"}],"about":[{"href":"https:\/\/www.editionkeiper.at\/shop\/wp-json\/wp\/v2\/types\/product"}],"replies":[{"embeddable":true,"href":"https:\/\/www.editionkeiper.at\/shop\/wp-json\/wp\/v2\/comments?post=866"}],"wp:featuredmedia":[{"embeddable":true,"href":"https:\/\/www.editionkeiper.at\/shop\/wp-json\/wp\/v2\/media\/2241"}],"wp:attachment":[{"href":"https:\/\/www.editionkeiper.at\/shop\/wp-json\/wp\/v2\/media?parent=866"}],"wp:term":[{"taxonomy":"brand","embeddable":true,"href":"https:\/\/www.editionkeiper.at\/shop\/wp-json\/wp\/v2\/etheme_brands?post=866"},{"taxonomy":"product_brand","embeddable":true,"href":"https:\/\/www.editionkeiper.at\/shop\/wp-json\/wp\/v2\/product_brand?post=866"},{"taxonomy":"product_cat","embeddable":true,"href":"https:\/\/www.editionkeiper.at\/shop\/wp-json\/wp\/v2\/product_cat?post=866"},{"taxonomy":"product_tag","embeddable":true,"href":"https:\/\/www.editionkeiper.at\/shop\/wp-json\/wp\/v2\/product_tag?post=866"},{"taxonomy":"yst_prominent_words","embeddable":true,"href":"https:\/\/www.editionkeiper.at\/shop\/wp-json\/wp\/v2\/yst_prominent_words?post=866"}],"curies":[{"name":"wp","href":"https:\/\/api.w.org\/{rel}","templated":true}]}}