{"id":7127,"date":"2021-01-12T11:06:58","date_gmt":"2021-01-12T10:06:58","guid":{"rendered":"https:\/\/www.editionkeiper.at\/shop\/produkt\/wenn-ein-haus-spricht-eine-andere-biografie\/"},"modified":"2021-09-21T16:26:56","modified_gmt":"2021-09-21T14:26:56","slug":"wenn-ein-haus-spricht-eine-andere-biografie","status":"publish","type":"product","link":"https:\/\/www.editionkeiper.at\/shop\/produkt\/wenn-ein-haus-spricht-eine-andere-biografie\/","title":{"rendered":"Wenn ein Haus spricht \u2013 Eine andere Biografie"},"content":{"rendered":"<h2>Wenn ein Haus spricht \u2013 Eine andere Biografie<\/h2>\n<p><strong>Roman<\/strong><\/p>\n<p>von<strong> <strong><a href=\"https:\/\/www.editionkeiper.at\/shop\/gross-eugen\/\">Eugen Gross<\/a><br \/>\n<\/strong><\/strong><\/p>\n<p>Maria macht sich in Begleitung von Andreas auf den Weg in ihr altes Fischerhaus am Ossiacher See, in dem ihre weitverzweigte Familie allj\u00e4hrlich den Sommer verbringt. Die alten H\u00fcttenb\u00fccher erz\u00e4hlen eine Geschichte, bei der sich das Verschwinden eines Fischers wie ein verschlungenes Netz \u00fcber das reale Geschehen biografischer Fundst\u00fccke legt. Der Architekt und die Ballettlehrerin, die \u00fcberzeugt sind, dass alles Hand und Fu\u00df haben muss, versuchen die Codes zu entziffern, die das Geheimnis des Hauses seit 100 Jahren ausmachen.<br \/>\nSie glauben, es im Geist des Ahnvaters GIACOMO zu finden, der dem Haus sein \u00dcberleben in aller Urspr\u00fcnglichkeit bis heute bewahrt hat.<\/p>\n<p><strong>Preis:<\/strong> AT \u20ac 22,00 \/ DE \u20ac 21,40<br \/>\n<strong>ISBN13:<\/strong> 978-3-903322-29-5<br \/>\n<strong>Erscheinungsdatum:<\/strong>\u00a025.03.2021<br \/>\n<strong>Seiten:<\/strong> ca. 248<br \/>\n<strong>Sprache:<\/strong>\u00a0Deutsch<br \/>\n<strong>Format:<\/strong> 22,0 x 15,2 cm; Pappband<\/p>\n<div id=\"attachment_5530\" style=\"width: 100px\" class=\"wp-caption alignleft\"><a href=\"https:\/\/www.editionkeiper.at\/shop\/wp-content\/uploads\/2021\/01\/Zusatz1_Leseprobe_Haus_spricht_Ossiachersee_Eugen_Gross.pdf\" target=\"_blank\" rel=\"noopener\"><img loading=\"lazy\" loading=\"lazy\" decoding=\"async\" aria-describedby=\"caption-attachment-5530\" class=\"wp-image-5530\" src=\"https:\/\/www.editionkeiper.at\/shop\/wp-content\/uploads\/2020\/03\/Verlag_keiper_Steiermark_Beitrag_lesen_Reden_wir_ueber_Literatur-181x300.jpg\" alt=\"\" width=\"90\" height=\"150\" srcset=\"https:\/\/www.editionkeiper.at\/shop\/wp-content\/uploads\/2020\/03\/Verlag_keiper_Steiermark_Beitrag_lesen_Reden_wir_ueber_Literatur-181x300.jpg 181w, https:\/\/www.editionkeiper.at\/shop\/wp-content\/uploads\/2020\/03\/Verlag_keiper_Steiermark_Beitrag_lesen_Reden_wir_ueber_Literatur-565x938.jpg 565w, https:\/\/www.editionkeiper.at\/shop\/wp-content\/uploads\/2020\/03\/Verlag_keiper_Steiermark_Beitrag_lesen_Reden_wir_ueber_Literatur-574x953.jpg 574w, https:\/\/www.editionkeiper.at\/shop\/wp-content\/uploads\/2020\/03\/Verlag_keiper_Steiermark_Beitrag_lesen_Reden_wir_ueber_Literatur-331x550.jpg 331w, https:\/\/www.editionkeiper.at\/shop\/wp-content\/uploads\/2020\/03\/Verlag_keiper_Steiermark_Beitrag_lesen_Reden_wir_ueber_Literatur.jpg 617w\" sizes=\"auto, (max-width: 90px) 100vw, 90px\" \/><\/a><p id=\"caption-attachment-5530\" class=\"wp-caption-text\">Leseprobe<\/p><\/div>\n<p>&nbsp;<\/p>\n<p>&nbsp;<\/p>\n<p>&nbsp;<\/p>\n<p>&nbsp;<\/p>\n<p>&nbsp;<\/p>\n<p>&nbsp;<\/p>\n","protected":false},"excerpt":{"rendered":"<ul>\n<li>Die wohl vergn\u00fcglichste und erf\u00fcllendste Art, Familiengeschichte aufzuarbeiten!<\/li>\n<li>Eugen Gross l\u00e4sst ein altes Fischerhaus am Ossiacher See sprechen und den Menschen &#8211; aus architekturtheoretischer Sicht &#8211; in Dialog mit der Architektur treten.<\/li>\n<li>Er entfaltet eine Poesie der Architektur, die den Blick auf das Einfache und Nat\u00fcrliche richtet.<\/li>\n<\/ul>\n<p>&nbsp;<\/p>\n","protected":false},"featured_media":8438,"comment_status":"open","ping_status":"closed","template":"","meta":[],"etheme_brands":[],"product_brand":[],"product_cat":[3089],"product_tag":[285,356,1284,241,117,348,3637,323,2031,209,3638,109],"yst_prominent_words":[],"class_list":{"0":"post-7127","1":"product","2":"type-product","3":"status-publish","4":"has-post-thumbnail","6":"product_cat-biografie","7":"product_tag-biografie","8":"product_tag-edition-keiper","9":"product_tag-eugen-gross","10":"product_tag-graz","11":"product_tag-keiper","12":"product_tag-literatur","13":"product_tag-ossiacher-see","14":"product_tag-oesterreich","15":"product_tag-poesie","16":"product_tag-steiermark","17":"product_tag-werkgruppe-lyrik","18":"product_tag-www-editionkeiper-at","20":"first","21":"instock","22":"shipping-taxable","23":"purchasable","24":"product-type-simple"},"_links":{"self":[{"href":"https:\/\/www.editionkeiper.at\/shop\/wp-json\/wp\/v2\/product\/7127","targetHints":{"allow":["GET"]}}],"collection":[{"href":"https:\/\/www.editionkeiper.at\/shop\/wp-json\/wp\/v2\/product"}],"about":[{"href":"https:\/\/www.editionkeiper.at\/shop\/wp-json\/wp\/v2\/types\/product"}],"replies":[{"embeddable":true,"href":"https:\/\/www.editionkeiper.at\/shop\/wp-json\/wp\/v2\/comments?post=7127"}],"wp:featuredmedia":[{"embeddable":true,"href":"https:\/\/www.editionkeiper.at\/shop\/wp-json\/wp\/v2\/media\/8438"}],"wp:attachment":[{"href":"https:\/\/www.editionkeiper.at\/shop\/wp-json\/wp\/v2\/media?parent=7127"}],"wp:term":[{"taxonomy":"brand","embeddable":true,"href":"https:\/\/www.editionkeiper.at\/shop\/wp-json\/wp\/v2\/etheme_brands?post=7127"},{"taxonomy":"product_brand","embeddable":true,"href":"https:\/\/www.editionkeiper.at\/shop\/wp-json\/wp\/v2\/product_brand?post=7127"},{"taxonomy":"product_cat","embeddable":true,"href":"https:\/\/www.editionkeiper.at\/shop\/wp-json\/wp\/v2\/product_cat?post=7127"},{"taxonomy":"product_tag","embeddable":true,"href":"https:\/\/www.editionkeiper.at\/shop\/wp-json\/wp\/v2\/product_tag?post=7127"},{"taxonomy":"yst_prominent_words","embeddable":true,"href":"https:\/\/www.editionkeiper.at\/shop\/wp-json\/wp\/v2\/yst_prominent_words?post=7127"}],"curies":[{"name":"wp","href":"https:\/\/api.w.org\/{rel}","templated":true}]}}