{"id":6772,"date":"2020-10-23T14:01:05","date_gmt":"2020-10-23T12:01:05","guid":{"rendered":"https:\/\/www.editionkeiper.at\/shop\/?post_type=product&#038;p=6772"},"modified":"2021-03-09T09:41:43","modified_gmt":"2021-03-09T08:41:43","slug":"aschenflug-flugasche","status":"publish","type":"product","link":"https:\/\/www.editionkeiper.at\/shop\/produkt\/aschenflug-flugasche\/","title":{"rendered":"ASCHENFLUG &#8211; FLUGASCHE"},"content":{"rendered":"<h2>ASCHENFLUG &#8211; FLUGASCHE<\/h2>\n<p><strong>Gedichte<br \/>\n<\/strong><\/p>\n<p>von<strong> Ruth Barg<br \/>\n<\/strong><\/p>\n<p>Nach Hans Weigel z\u00e4hlen die Lyrikerinnen und Lyriker zu den \u00c4rmsten unter den Schreibenden. Auch die Verlage, die Lyrik bringen, haben es nicht leicht. Umso mehr muss man der edition keiper danken, Ruth Bargs Gedichte den Lyrikliebhabern zug\u00e4nglich gemacht zu haben.<br \/>\nEs sind tiefe Gef\u00fchle und tiefe Gedanken, die in <em>Aschenflug \u2013 Flugasche,<\/em> ein treffendes Wortspiel, mit \u00fcberraschenden Wortsch\u00f6pfungen und gro\u00dfer Empfindsamkeit aus wenigen Zeilen hervortreten, unpr\u00e4tenti\u00f6s, und kunstvoll einfach.<br \/>\n<em>Zu jeder Jahreszeit \/ halten \/ Schw\u00e4che und St\u00e4rke Verschw\u00f6rung<\/em> (S. 59).<br \/>\nMan liest es und sagt ja zu dieser Lebensbilanz. So ist es.<br \/>\nMan sieht die Schleiermeere in dem Gedicht <em>Sonnenuntergang<\/em> (S. 53), man sieht das Verschwinden der Mondsichel im Eingangsgedicht Abend.<\/p>\n<p>Es ist Ruth Bargs vierter Lyrikband und er macht es nicht leicht, \u00fcber diese ihre Gedichte zu sprechen, denn die ad\u00e4quate Weise w\u00e4re, zu ihnen zu sprechen \u2013 in einem Gedicht. Rilke mischt sich in die Assoziationen beim Lesen, <em>Wie soll ich meine Seele halten<\/em> \u2013 nicht im formalen Gleichklang, wohl aber im Gleichklang der Empfindung, auch in der Wehmut, die viele dieser Gedichte durchzieht, selbst dort, wo die Trauer aufatmet, wie in <em>Begegnung in der Allee<\/em> (S. 19):<br \/>\n<em>Noch vor dem ersten Sonnenstrahl \/ raunen im Laubwerk \/ verhaltene Stimmen \/ erz\u00e4hlen von Sagen und M\u00e4rchen \/ Du bist wieder Kind.<\/em><\/p>\n<p>Wie im Traum, der ins Bewusstsein steigt, muten manche Gedichte an, Tr\u00e4umereien erwachen, um ihre Splitter <em>in Fantasiefabriken (zu) \/ bringen \/ dort zu Traumteppichen \/ weben lassen \/ um wiederum \/ Sehns\u00fcchte zu stillen \u2026<\/em><br \/>\nIn ihrer Spannweite von tiefen Gef\u00fchlen zu tiefen Gedanken spiegeln diese Verse unser Leben wieder, das sich sonst dem Sagen entz\u00f6ge. Und selbst wenn der Schluss von <em>Zwischen Dir und mir<\/em> vom Entschwinden spricht, <em>Irgendwo verlieren sich die Schritte \/ von dem, \/ der bleibt, so<\/em> bleiben die Schritte Ruth Bargs in diesen Gedichten anwesend. Letztlich sprechen sie alle von einer gro\u00dfen Liebe.<\/p>\n<p>(Marianne Gruber)<\/p>\n<p>&nbsp;<\/p>\n<p>Gedichte von Ruth Barg<\/p>\n<p><strong>ISBN13:<\/strong> 978-3-903322-24-0<\/p>\n<p><strong>Erscheinungsdatum:<\/strong> 19.10.2020<\/p>\n<p><strong>Seiten:<\/strong> 74<\/p>\n<p><strong>Sprache: <\/strong>Deutsch<strong><br \/>\n<\/strong><\/p>\n<p><strong>Format:<\/strong> 18,6 x 11,7 cm; broschiert<\/p>\n","protected":false},"excerpt":{"rendered":"<p>Es sind tiefe Gef\u00fchle und tiefe Gedanken, die in <em>Aschenflug \u2013 Flugasche,<\/em> ein treffendes Wortspiel, mit \u00fcberraschenden Wortsch\u00f6pfungen und gro\u00dfer Empfindsamkeit aus wenigen Zeilen hervortreten, unpr\u00e4tenti\u00f6s, und kunstvoll einfach.<\/p>\n<p><strong><a href=\"https:\/\/www.editionkeiper.at\/shop\/wp-content\/uploads\/2020\/10\/Zusatz_Leseprobe_Barg_Ruth_Aschenflug_Flugasche_Gedichte_keiper_Verlag.pdf\" target=\"_blank\" rel=\"noopener noreferrer\">Leseprobe<\/a><\/strong><\/p>\n","protected":false},"featured_media":6785,"comment_status":"open","ping_status":"closed","template":"","meta":[],"etheme_brands":[],"product_brand":[],"product_cat":[3686],"product_tag":[],"yst_prominent_words":[3177],"class_list":{"0":"post-6772","1":"product","2":"type-product","3":"status-publish","4":"has-post-thumbnail","6":"product_cat-gedichte","8":"first","9":"instock","10":"shipping-taxable","11":"purchasable","12":"product-type-simple"},"_links":{"self":[{"href":"https:\/\/www.editionkeiper.at\/shop\/wp-json\/wp\/v2\/product\/6772","targetHints":{"allow":["GET"]}}],"collection":[{"href":"https:\/\/www.editionkeiper.at\/shop\/wp-json\/wp\/v2\/product"}],"about":[{"href":"https:\/\/www.editionkeiper.at\/shop\/wp-json\/wp\/v2\/types\/product"}],"replies":[{"embeddable":true,"href":"https:\/\/www.editionkeiper.at\/shop\/wp-json\/wp\/v2\/comments?post=6772"}],"wp:featuredmedia":[{"embeddable":true,"href":"https:\/\/www.editionkeiper.at\/shop\/wp-json\/wp\/v2\/media\/6785"}],"wp:attachment":[{"href":"https:\/\/www.editionkeiper.at\/shop\/wp-json\/wp\/v2\/media?parent=6772"}],"wp:term":[{"taxonomy":"brand","embeddable":true,"href":"https:\/\/www.editionkeiper.at\/shop\/wp-json\/wp\/v2\/etheme_brands?post=6772"},{"taxonomy":"product_brand","embeddable":true,"href":"https:\/\/www.editionkeiper.at\/shop\/wp-json\/wp\/v2\/product_brand?post=6772"},{"taxonomy":"product_cat","embeddable":true,"href":"https:\/\/www.editionkeiper.at\/shop\/wp-json\/wp\/v2\/product_cat?post=6772"},{"taxonomy":"product_tag","embeddable":true,"href":"https:\/\/www.editionkeiper.at\/shop\/wp-json\/wp\/v2\/product_tag?post=6772"},{"taxonomy":"yst_prominent_words","embeddable":true,"href":"https:\/\/www.editionkeiper.at\/shop\/wp-json\/wp\/v2\/yst_prominent_words?post=6772"}],"curies":[{"name":"wp","href":"https:\/\/api.w.org\/{rel}","templated":true}]}}