{"id":6213,"date":"2020-09-02T10:20:01","date_gmt":"2020-09-02T08:20:01","guid":{"rendered":"https:\/\/www.editionkeiper.at\/shop\/produkt\/eisenhagel\/"},"modified":"2025-12-10T01:07:50","modified_gmt":"2025-12-10T00:07:50","slug":"eisenhagel-krampuslauf-steiermark-krimi","status":"publish","type":"product","link":"https:\/\/www.editionkeiper.at\/shop\/produkt\/eisenhagel-krampuslauf-steiermark-krimi\/","title":{"rendered":"Eisenhagel"},"content":{"rendered":"<h2>Eisenhagel<\/h2>\n<p><strong>Der Krampuslauf<br \/>\n<\/strong><\/p>\n<p>von<strong>\u00a0<a href=\"https:\/\/www.editionkeiper.at\/shop\/wanko-martin-g-2\/\"><strong>Martin G. Wanko<\/strong><\/a><\/strong><\/p>\n<p>Jenny ist gl\u00fccklich. Sie liebt das Leben in Eisenhagel, ihren Beruf, ihre Freunde. Zu viert verbringen sie meistens ihre Freizeit: Jenny und Kevin, Annika und Daniel. Sie sind so etwas wie die vier Freunde aus Eisenhagel und f\u00fchren ein entspanntes Leben. Das k\u00f6nnte so bleiben, doch da sind die versch\u00fctteten Erinnerungen aus der Vergangenheit, und es scheint, als h\u00e4tte jemand mit ihnen eine Rechnung offen. Die vier werden auf die Probe gestellt.<br \/>\nJenny hat Angst. Ihr Leben ist in Bewegung. Gehen Freunde wirklich durch dick und d\u00fcnn? Und ab wann ist die Angst vor dem Leben gr\u00f6\u00dfer als die Furcht vor dem Tod? Am 5. Dezember wird man es wissen, so viel ist klar. Denn am Krampustag wurde in Eisenhagel schon immer abgerechnet.<\/p>\n<p><strong>ISBN13:<\/strong> 978-3-903322-17-2<\/p>\n<p><strong>Erscheinungsdatum:<\/strong>\u00a001.10.2020<\/p>\n<p><strong>Seiten:<\/strong> ca. 250<\/p>\n<p><strong>Sprache: Deutsch<br \/>\n<\/strong><\/p>\n<p><strong>Format:<\/strong> 20,0 x 12,0 cm;\u00a0Softcover<\/p>\n<p><strong>Autorenfoto: <\/strong>Clarissa Berner<\/p>\n<div id=\"attachment_5530\" style=\"width: 100px\" class=\"wp-caption alignnone\"><a href=\"https:\/\/www.editionkeiper.at\/shop\/wp-content\/uploads\/2020\/07\/Zusatz1_Leseprobe_Wanko_Eisenhagel_Krimi_aus_der_Steiermark_Keiper_Verlag.pdf\" target=\"_blank\" rel=\"noopener\"><img loading=\"lazy\" loading=\"lazy\" decoding=\"async\" aria-describedby=\"caption-attachment-5530\" class=\"wp-image-5530\" src=\"https:\/\/www.editionkeiper.at\/shop\/wp-content\/uploads\/2020\/03\/Verlag_keiper_Steiermark_Beitrag_lesen_Reden_wir_ueber_Literatur-181x300.jpg\" alt=\"\" width=\"90\" height=\"149\" srcset=\"https:\/\/www.editionkeiper.at\/shop\/wp-content\/uploads\/2020\/03\/Verlag_keiper_Steiermark_Beitrag_lesen_Reden_wir_ueber_Literatur-181x300.jpg 181w, https:\/\/www.editionkeiper.at\/shop\/wp-content\/uploads\/2020\/03\/Verlag_keiper_Steiermark_Beitrag_lesen_Reden_wir_ueber_Literatur-565x938.jpg 565w, https:\/\/www.editionkeiper.at\/shop\/wp-content\/uploads\/2020\/03\/Verlag_keiper_Steiermark_Beitrag_lesen_Reden_wir_ueber_Literatur-574x953.jpg 574w, https:\/\/www.editionkeiper.at\/shop\/wp-content\/uploads\/2020\/03\/Verlag_keiper_Steiermark_Beitrag_lesen_Reden_wir_ueber_Literatur-331x550.jpg 331w, https:\/\/www.editionkeiper.at\/shop\/wp-content\/uploads\/2020\/03\/Verlag_keiper_Steiermark_Beitrag_lesen_Reden_wir_ueber_Literatur.jpg 617w\" sizes=\"auto, (max-width: 90px) 100vw, 90px\" \/><\/a><p id=\"caption-attachment-5530\" class=\"wp-caption-text\">Leseprobe<\/p><\/div>\n<p>&nbsp;<\/p>\n<h3><strong>Pressestimmen<\/strong><\/h3>\n<p>\u201eHey, ho! Let\u2019s go! Martin G. Wanko l\u00e4sst einen rockigen, knackigen und bissigen Krimi von der Leine!\u201c<br \/>\n<em>Kleine Zeitung, Bernd Melichar <\/em><\/p>\n<p>\u201eWankos Krimi brettert dahin, wie ein Lada Taiga mit 80 Sachen auf einem Feldweg voller Schlagl\u00f6cher.\u201c<br \/>\n<em>haubentaucher.at, Wolfang K\u00fchnelt\u00a0 <\/em><\/p>\n<p>\u201eEin wenig Splatter, viel Spannung!\u201c<br \/>\n<em>Vorarlberger Nachrichten, Christa Dietrich<\/em><\/p>\n<p>\u201eGewitzt wird man mit Kettenrasseln und Rute in Richtung Showdown gekn\u00fcppelt, der es in sich hat!\u201c<br \/>\n<em>trend, Wien, Manfred Gram <\/em><\/p>\n<p>\u201eMartin G. Wanko ist gelernter Dramatiker und inszeniert den Krampuslauf gnadenlos und von entgleister Folklore getaktet.\u201c<br \/>\n<em>Helmuth Sch\u00f6nauer, Innsbruck, Gegenwartsliteratur<\/em><\/p>\n<p>\u201eAn sich Dramatiker, jetzt hat er einen Krimi vorgelegt, der ist wirklich sensationell. Da l\u00e4uft beim Lesen der Film schon wie von selbst ab.<br \/>\nHerrschaften, die sich einen beschaulichen Krimi in der Steiermark erwarten, die sollten ihre Herztabletten in Reichweite halten!\u201c<br \/>\n<em>Soundportal, Doc Nachtstrom<\/em><\/p>\n<p>&nbsp;<\/p>\n<p>Vielen Dank f\u00fcr den Buchtipp von Doc. Nachtstrom auf <a href=\"https:\/\/soundportal.at\" target=\"_blank\" rel=\"noopener noreferrer\">Radio Soundportal<\/a> f\u00fcr diesen Beitrag\u00a0 am 26. Dezember 2020!<\/p>\n<audio class=\"wp-audio-shortcode\" id=\"audio-6213-1\" preload=\"none\" style=\"width: 100%;\" controls=\"controls\"><source type=\"audio\/mpeg\" src=\"https:\/\/www.editionkeiper.at\/shop\/wp-content\/uploads\/2020\/09\/Steiermarkkrimi_Wanko_Radio_Soundportal_261220_eisenhagel_Verlag_keiper.mp3?_=1\" \/><a href=\"https:\/\/www.editionkeiper.at\/shop\/wp-content\/uploads\/2020\/09\/Steiermarkkrimi_Wanko_Radio_Soundportal_261220_eisenhagel_Verlag_keiper.mp3\">https:\/\/www.editionkeiper.at\/shop\/wp-content\/uploads\/2020\/09\/Steiermarkkrimi_Wanko_Radio_Soundportal_261220_eisenhagel_Verlag_keiper.mp3<\/a><\/audio>\n<p>&nbsp;<\/p>\n<p><em>Eisenhagel <\/em>von Martin G. Wanko im <span class=\"d2edcug0 hpfvmrgz qv66sw1b c1et5uql oi732d6d ik7dh3pa fgxwclzu a8c37x1j keod5gw0 nxhoafnm aigsh9s9 d3f4x2em fe6kdd0r mau55g9w c8b282yb iv3no6db jq4qci2q a3bd9o3v knj5qynh oo9gr5id hzawbc8m\" dir=\"auto\">Literaturpodcasts<\/span> von G\u00fcnter Encic. Zur Webseite geht es <a href=\"https:\/\/www.guenterencic.at\" target=\"_blank\" rel=\"noopener noreferrer\">&gt;&gt;hier&lt;&lt;<\/a>.<\/p>\n<p><iframe loading=\"lazy\" title=\"Geschichten 05122020: Martin G. Wanko: Eisenhagel. Der Krampuslauf.\" width=\"1170\" height=\"658\" src=\"https:\/\/www.youtube.com\/embed\/3G7L0DVlxcQ?start=8&#038;feature=oembed\" frameborder=\"0\" allow=\"accelerometer; autoplay; clipboard-write; encrypted-media; gyroscope; picture-in-picture; web-share\" referrerpolicy=\"strict-origin-when-cross-origin\" allowfullscreen><\/iframe><\/p>\n","protected":false},"excerpt":{"rendered":"<ul>\n<li>Ein Krimi aus der Steiermark.<\/li>\n<li>Ein typischer Wanko-Titel, ohne Maulkorb, aber mit viel Lokal-Kolorit.<\/li>\n<li>Das Steiermark-Setting rund um Eisenhagel werden viele Obersteierer erkennen.<\/li>\n<\/ul>\n<p>Die schr\u00e4gsten Krimis schreibt immer noch der Wanko!<\/p>\n<p>Versandkostenfreie Lieferung!<\/p>\n","protected":false},"featured_media":6396,"comment_status":"open","ping_status":"closed","template":"","meta":[],"etheme_brands":[],"product_brand":[],"product_cat":[1394],"product_tag":[3527,336,356,117,3529,3528,3564,558,198,348,1125,563,3526,323,207,589,209,3493,121,109],"yst_prominent_words":[3208],"class_list":{"0":"post-6213","1":"product","2":"type-product","3":"status-publish","4":"has-post-thumbnail","6":"product_cat-krimi","7":"product_tag-5-dezember","8":"product_tag-belletristik","9":"product_tag-edition-keiper","10":"product_tag-keiper","11":"product_tag-kleinstadt","12":"product_tag-krampus","13":"product_tag-krampuslauf","14":"product_tag-krimi","15":"product_tag-kriminalroman","16":"product_tag-literatur","17":"product_tag-martin-g-wanko","18":"product_tag-mord","19":"product_tag-obersteiermark","20":"product_tag-oesterreich","21":"product_tag-regionalkrimi","22":"product_tag-spannung","23":"product_tag-steiermark","24":"product_tag-steiermark-krimi","25":"product_tag-verlag","26":"product_tag-www-editionkeiper-at","28":"first","29":"instock","30":"shipping-taxable","31":"purchasable","32":"product-type-simple"},"_links":{"self":[{"href":"https:\/\/www.editionkeiper.at\/shop\/wp-json\/wp\/v2\/product\/6213","targetHints":{"allow":["GET"]}}],"collection":[{"href":"https:\/\/www.editionkeiper.at\/shop\/wp-json\/wp\/v2\/product"}],"about":[{"href":"https:\/\/www.editionkeiper.at\/shop\/wp-json\/wp\/v2\/types\/product"}],"replies":[{"embeddable":true,"href":"https:\/\/www.editionkeiper.at\/shop\/wp-json\/wp\/v2\/comments?post=6213"}],"wp:featuredmedia":[{"embeddable":true,"href":"https:\/\/www.editionkeiper.at\/shop\/wp-json\/wp\/v2\/media\/6396"}],"wp:attachment":[{"href":"https:\/\/www.editionkeiper.at\/shop\/wp-json\/wp\/v2\/media?parent=6213"}],"wp:term":[{"taxonomy":"brand","embeddable":true,"href":"https:\/\/www.editionkeiper.at\/shop\/wp-json\/wp\/v2\/etheme_brands?post=6213"},{"taxonomy":"product_brand","embeddable":true,"href":"https:\/\/www.editionkeiper.at\/shop\/wp-json\/wp\/v2\/product_brand?post=6213"},{"taxonomy":"product_cat","embeddable":true,"href":"https:\/\/www.editionkeiper.at\/shop\/wp-json\/wp\/v2\/product_cat?post=6213"},{"taxonomy":"product_tag","embeddable":true,"href":"https:\/\/www.editionkeiper.at\/shop\/wp-json\/wp\/v2\/product_tag?post=6213"},{"taxonomy":"yst_prominent_words","embeddable":true,"href":"https:\/\/www.editionkeiper.at\/shop\/wp-json\/wp\/v2\/yst_prominent_words?post=6213"}],"curies":[{"name":"wp","href":"https:\/\/api.w.org\/{rel}","templated":true}]}}